{"id":12287,"date":"2017-09-25T04:33:32","date_gmt":"2017-09-24T23:33:32","guid":{"rendered":"https:\/\/www.gabrian.com\/aluminium-extrusions\/"},"modified":"2023-06-02T11:20:20","modified_gmt":"2023-06-02T06:20:20","slug":"extrusiones-de-aluminio","status":"publish","type":"page","link":"https:\/\/www.gabrian.com\/es\/extrusiones-de-aluminio\/","title":{"rendered":"Perfiles de Aluminio"},"content":{"rendered":"<p>[et_pb_section fb_built=&#8221;1&#8243; fullwidth=&#8221;on&#8221; _builder_version=&#8221;4.16&#8243; global_colors_info=&#8221;{}&#8221;][et_pb_fullwidth_header title=&#8221;Perfiles de Aluminio&#8221; button_one_text=&#8221;Cont\u00e1ctanos Acerca de tu Proyecto&#8221; button_one_url=&#8221;\/aluminum-extrusions-contact-us\/&#8221; background_overlay_color=&#8221;rgba(4,12,0,0.56)&#8221; disabled_on=&#8221;off|off|off&#8221; _builder_version=&#8221;4.16&#8243; title_font=&#8221;|700|||||||&#8221; title_font_size=&#8221;45px&#8221; content_font=&#8221;|600|||||||&#8221; content_font_size=&#8221;20px&#8221; subhead_font=&#8221;|800|||||||&#8221; subhead_font_size=&#8221;21px&#8221; subhead_line_height=&#8221;1.7em&#8221; background_color=&#8221;rgba(255,255,255,0)&#8221; background_image=&#8221;https:\/\/www.gabrian.com\/wp-content\/uploads\/2019\/03\/extrusion-runout-table.jpg&#8221; custom_button_one=&#8221;on&#8221; button_one_font=&#8221;|700|||||||&#8221; custom_button_two=&#8221;on&#8221; button_two_font=&#8221;|700|||||||&#8221; title_font_size_tablet=&#8221;&#8221; title_font_size_phone=&#8221;&#8221; title_font_size_last_edited=&#8221;on|desktop&#8221; title_text_shadow_style=&#8221;preset5&#8243; content_text_shadow_style=&#8221;preset5&#8243; subhead_text_shadow_style=&#8221;preset5&#8243; box_shadow_style=&#8221;preset6&#8243; box_shadow_spread=&#8221;3px&#8221; saved_tabs=&#8221;all&#8221; global_colors_info=&#8221;{}&#8221; button_one_text_size__hover_enabled=&#8221;off&#8221; button_two_text_size__hover_enabled=&#8221;off&#8221; button_one_text_color__hover_enabled=&#8221;off&#8221; button_two_text_color__hover_enabled=&#8221;off&#8221; button_one_border_width__hover_enabled=&#8221;off&#8221; button_two_border_width__hover_enabled=&#8221;off&#8221; button_one_border_color__hover_enabled=&#8221;off&#8221; button_two_border_color__hover_enabled=&#8221;off&#8221; button_one_border_radius__hover_enabled=&#8221;off&#8221; button_two_border_radius__hover_enabled=&#8221;off&#8221; button_one_letter_spacing__hover_enabled=&#8221;off&#8221; button_two_letter_spacing__hover_enabled=&#8221;off&#8221; button_one_bg_color__hover_enabled=&#8221;off&#8221; button_two_bg_color__hover_enabled=&#8221;off&#8221;][\/et_pb_fullwidth_header][\/et_pb_section][et_pb_section fb_built=&#8221;1&#8243; _builder_version=&#8221;4.16&#8243; custom_padding=&#8221;44px|0px|0|0px|false|false&#8221; global_colors_info=&#8221;{}&#8221;][et_pb_row _builder_version=&#8221;4.16&#8243; custom_padding=&#8221;|0px||0px&#8221; global_colors_info=&#8221;{}&#8221;][et_pb_column type=&#8221;4_4&#8243; _builder_version=&#8221;4.16&#8243; custom_padding=&#8221;|||&#8221; global_colors_info=&#8221;{}&#8221; custom_padding__hover=&#8221;|||&#8221;][et_pb_text _builder_version=&#8221;4.16&#8243; header_font=&#8221;||||||||&#8221; header_2_font=&#8221;||||||||&#8221; header_2_font_size=&#8221;29px&#8221; header_2_line_height=&#8221;1.1em&#8221; global_colors_info=&#8221;{}&#8221;]<\/p>\n<h2>Perfiles de Aluminio de Alta Calidad de Asia, Entregadas Siempre a Tiempo<\/h2>\n<p>El aluminio es un metal resistente y duradero que ofrece un peso inferior al del acero. Suministramos a nuestros clientes extrusiones de aluminio a medida y est\u00e1ndar de China e India, reduciendo as\u00ed costes sin dejar de obtener gran calidad, servicio excepcional y entrega a tiempo.<\/p>\n<p><strong>Cantidad M\u00ednima de Pedido:<\/strong> 1000 kg[\/et_pb_text][\/et_pb_column][\/et_pb_row][et_pb_row column_structure=&#8221;1_3,1_3,1_3&#8243; _builder_version=&#8221;4.16&#8243; custom_padding=&#8221;10px|0px|27px|0px|false|false&#8221; global_colors_info=&#8221;{}&#8221;][et_pb_column type=&#8221;1_3&#8243; _builder_version=&#8221;4.16&#8243; custom_padding=&#8221;|||&#8221; global_colors_info=&#8221;{}&#8221; custom_padding__hover=&#8221;|||&#8221;][et_pb_blurb title=&#8221;Perfiles de Alumino A Medida&#8221; url=&#8221;https:\/\/www.gabrian.com\/es\/extrusiones-de-aluminio\/a-medida\/&#8221; image=&#8221;https:\/\/www.gabrian.com\/wp-content\/uploads\/2019\/05\/extrusion-cooling-table.jpg&#8221; alt=&#8221;Architectural aluminum profiles with various finishes&#8221; _builder_version=&#8221;4.16&#8243; animation=&#8221;off&#8221; hover_enabled=&#8221;0&#8243; border_radii_image=&#8221;on|5px|5px|5px|5px&#8221; box_shadow_style_image=&#8221;preset2&#8243; global_colors_info=&#8221;{}&#8221; sticky_enabled=&#8221;0&#8243;]Si necesita perfiles de aluminio para sus proyectos como fabricante de equipos originales u otros, podemos ayudarle. El coste de crear moldes de extusi\u00f3n nuevos es relativamente bajo. Nuestras fundiciones en China e India producen una gama de aleaciones de las series 2000 a las 7000, y hay disponibles tambi\u00e9n operaciones secundarias.[\/et_pb_blurb][et_pb_button button_url=&#8221;https:\/\/www.gabrian.com\/es\/extrusiones-de-aluminio\/a-medida\/&#8221; button_text=&#8221;M\u00e1s Informaci\u00f3n&#8221; _builder_version=&#8221;4.16&#8243; custom_button=&#8221;on&#8221; button_text_size=&#8221;16px&#8221; button_font=&#8221;||||||||&#8221; button_icon=&#8221;&#x39;||divi||400&#8243; button_on_hover=&#8221;off&#8221; box_shadow_style=&#8221;preset2&#8243; box_shadow_spread=&#8221;-10px&#8221; global_colors_info=&#8221;{}&#8221;][\/et_pb_button][\/et_pb_column][et_pb_column type=&#8221;1_3&#8243; _builder_version=&#8221;4.16&#8243; custom_padding=&#8221;|||&#8221; global_colors_info=&#8221;{}&#8221; custom_padding__hover=&#8221;|||&#8221;][et_pb_blurb title=&#8221;Perfiles de Alumino Est\u00e1ndar&#8221; url=&#8221;https:\/\/www.gabrian.com\/es\/extrusiones-de-aluminio\/formas-estandar\/&#8221; image=&#8221;https:\/\/www.gabrian.com\/wp-content\/uploads\/2019\/05\/stacked-square-profiles.jpg&#8221; alt=&#8221;A stack of square aluminum extrusion profiles&#8221; _builder_version=&#8221;4.16&#8243; animation=&#8221;off&#8221; border_radii_image=&#8221;on|5px|5px|5px|5px&#8221; box_shadow_style_image=&#8221;preset2&#8243; global_colors_info=&#8221;{}&#8221;]Muchos proyectos requieren formas est\u00e1ndar tales como canales en C o J, \u00e1ngulos iguales o desiguales o tubos cuadrados o rectangulares. Ofrecemos \u00e1ngulos, canales y tubos en anchos desde los 6 hasta los 180 mm. Estas extrusiones se fabrican por encargo en aleaciones de la serie 6000, u otras, y pueden recibir un tratamiento calor\u00edfico para incrementar la resistencia, as\u00ed como operaciones secundarias para darle el producto acabado que necesita.[\/et_pb_blurb][et_pb_button button_url=&#8221;https:\/\/www.gabrian.com\/es\/extrusiones-de-aluminio\/formas-estandar\/&#8221; button_text=&#8221;M\u00e1s Informaci\u00f3n&#8221; _builder_version=&#8221;4.16&#8243; custom_button=&#8221;on&#8221; button_text_size=&#8221;16px&#8221; button_font=&#8221;||||||||&#8221; button_icon=&#8221;&#x39;||divi||400&#8243; button_on_hover=&#8221;off&#8221; box_shadow_style=&#8221;preset2&#8243; box_shadow_spread=&#8221;-10px&#8221; global_colors_info=&#8221;{}&#8221;][\/et_pb_button][\/et_pb_column][et_pb_column type=&#8221;1_3&#8243; _builder_version=&#8221;4.16&#8243; custom_padding=&#8221;|||&#8221; global_colors_info=&#8221;{}&#8221; custom_padding__hover=&#8221;|||&#8221;][et_pb_blurb title=&#8221;Perfiles de Aluminio Estructural&#8221; url=&#8221;\/?page_id=10572&#8243; image=&#8221;https:\/\/www.gabrian.com\/wp-content\/uploads\/2019\/05\/slotted-profile-accessories.jpg&#8221; alt=&#8221;3D image of a T-slot profile with attached accessories&#8221; _builder_version=&#8221;4.16&#8243; animation=&#8221;off&#8221; border_radii_image=&#8221;on|5px|5px|5px|5px&#8221; box_shadow_style_image=&#8221;preset2&#8243; global_colors_info=&#8221;{}&#8221;]Slotted aluminum profiles allow you to create the structures you need in your workshop, without any welding required. Using a series of accessories such as bolts and fasteners, you can quickly and easily build machine guards, workstations, shelves, carts, enclosures and more.[\/et_pb_blurb][et_pb_button button_url=&#8221;\/?page_id=10572&#8243; button_text=&#8221;M\u00e1s Informaci\u00f3n&#8221; _builder_version=&#8221;4.16&#8243; custom_button=&#8221;on&#8221; button_text_size=&#8221;16px&#8221; button_font=&#8221;||||||||&#8221; button_icon=&#8221;&#x39;||divi||400&#8243; button_on_hover=&#8221;off&#8221; box_shadow_style=&#8221;preset2&#8243; box_shadow_spread=&#8221;-10px&#8221; global_colors_info=&#8221;{}&#8221;][\/et_pb_button][\/et_pb_column][\/et_pb_row][et_pb_row _builder_version=&#8221;4.16&#8243; custom_padding=&#8221;20px|0px||0px&#8221; global_colors_info=&#8221;{}&#8221;][et_pb_column type=&#8221;4_4&#8243; _builder_version=&#8221;4.16&#8243; custom_padding=&#8221;|||&#8221; global_colors_info=&#8221;{}&#8221; custom_padding__hover=&#8221;|||&#8221;][et_pb_text _builder_version=&#8221;4.16&#8243; header_font=&#8221;||||||||&#8221; header_2_font=&#8221;||||||||&#8221; header_2_font_size=&#8221;29px&#8221; header_2_line_height=&#8221;1.1em&#8221; custom_padding=&#8221;16px||&#8221; global_colors_info=&#8221;{}&#8221;]<\/p>\n<h2>Industrias y Aplicaciones de las Extrusiones<\/h2>\n<p>La extrusi\u00f3n es un m\u00e9todo para dar forma al aluminio con aplicaciones en industrias muy diversas. Se emplean perfiles de aluminio para todo tipo de fines, desde ventanas y puertas hasta autom\u00f3viles y m\u00e1quinas de rayos X. El proceso de extrusi\u00f3n permite aprovechar las muchas ventajas del metal, entre ellas su relaci\u00f3n fuerza\/peso, su resistencia a la corrosi\u00f3n, su conductividad t\u00e9rmica y su reciclabilidad. Este m\u00e9todo de fabricaci\u00f3n permite tambi\u00e9n reducir los costes del torneado y abreviar los tiempos de espera comparado con otros procesos comparables. Vea abajo algunas de las industrias en las que trabajamos.[\/et_pb_text][\/et_pb_column][\/et_pb_row][et_pb_row column_structure=&#8221;1_4,1_4,1_4,1_4&#8243; _builder_version=&#8221;4.16&#8243; global_colors_info=&#8221;{}&#8221;][et_pb_column type=&#8221;1_4&#8243; _builder_version=&#8221;4.16&#8243; custom_padding=&#8221;|||&#8221; global_colors_info=&#8221;{}&#8221; custom_padding__hover=&#8221;|||&#8221;][et_pb_blurb title=&#8221;Arquitect\u00f3nica&#8221; url=&#8221;https:\/\/www.gabrian.com\/es\/extrusiones-de-aluminio\/industrias\/arquitectonicas\/&#8221; image=&#8221;https:\/\/www.gabrian.com\/wp-content\/uploads\/2019\/03\/scaffolding-on-building-facade.jpg&#8221; _builder_version=&#8221;4.20.4&#8243; text_orientation=&#8221;center&#8221; animation=&#8221;off&#8221; hover_enabled=&#8221;0&#8243; border_radii_image=&#8221;on|5px|5px|5px|5px&#8221; box_shadow_style_image=&#8221;preset2&#8243; global_colors_info=&#8221;{}&#8221; sticky_enabled=&#8221;0&#8243;][\/et_pb_blurb][\/et_pb_column][et_pb_column type=&#8221;1_4&#8243; _builder_version=&#8221;4.16&#8243; custom_padding=&#8221;|||&#8221; global_colors_info=&#8221;{}&#8221; custom_padding__hover=&#8221;|||&#8221;][et_pb_blurb title=&#8221;Electr\u00f3nica&#8221; url=&#8221;https:\/\/www.gabrian.com\/es\/extrusiones-de-aluminio\/industrias\/electronica\/&#8221; image=&#8221;https:\/\/www.gabrian.com\/wp-content\/uploads\/2019\/03\/heatsink-on-video-card.jpg&#8221; _builder_version=&#8221;4.16&#8243; text_orientation=&#8221;center&#8221; animation=&#8221;off&#8221; link_option_url=&#8221;https:\/\/www.gabrian.com\/es\/extrusiones-de-aluminio\/industrias\/electronica\/&#8221; border_radii_image=&#8221;on|5px|5px|5px|5px&#8221; box_shadow_style_image=&#8221;preset2&#8243; global_colors_info=&#8221;{}&#8221;][\/et_pb_blurb][\/et_pb_column][et_pb_column type=&#8221;1_4&#8243; _builder_version=&#8221;4.16&#8243; custom_padding=&#8221;|||&#8221; global_colors_info=&#8221;{}&#8221; custom_padding__hover=&#8221;|||&#8221;][et_pb_blurb title=&#8221;Automotriz&#8221; url=&#8221;\/?page_id=11158&#8243; image=&#8221;https:\/\/www.gabrian.com\/wp-content\/uploads\/2019\/03\/car-being-manufactured.jpg&#8221; _builder_version=&#8221;4.16&#8243; text_orientation=&#8221;center&#8221; animation=&#8221;off&#8221; link_option_url=&#8221;\/?page_id=11158&#8243; border_radii_image=&#8221;on|5px|5px|5px|5px&#8221; box_shadow_style_image=&#8221;preset2&#8243; global_colors_info=&#8221;{}&#8221;][\/et_pb_blurb][\/et_pb_column][et_pb_column type=&#8221;1_4&#8243; _builder_version=&#8221;4.16&#8243; custom_padding=&#8221;|||&#8221; global_colors_info=&#8221;{}&#8221; custom_padding__hover=&#8221;|||&#8221;][et_pb_blurb title=&#8221;Aeroespacial&#8221; image=&#8221;https:\/\/www.gabrian.com\/wp-content\/uploads\/2019\/03\/aircraft-engine-hood.jpg&#8221; _builder_version=&#8221;4.16&#8243; text_orientation=&#8221;center&#8221; animation=&#8221;off&#8221; border_radii_image=&#8221;on|5px|5px|5px|5px&#8221; box_shadow_style_image=&#8221;preset2&#8243; global_colors_info=&#8221;{}&#8221;][\/et_pb_blurb][\/et_pb_column][\/et_pb_row][et_pb_row column_structure=&#8221;1_4,1_4,1_4,1_4&#8243; _builder_version=&#8221;4.16&#8243; global_colors_info=&#8221;{}&#8221;][et_pb_column type=&#8221;1_4&#8243; _builder_version=&#8221;4.16&#8243; custom_padding=&#8221;|||&#8221; global_colors_info=&#8221;{}&#8221; custom_padding__hover=&#8221;|||&#8221;][et_pb_blurb title=&#8221;Energ\u00e9tica&#8221; image=&#8221;https:\/\/www.gabrian.com\/wp-content\/uploads\/2019\/03\/solar-panel-array.jpg&#8221; _builder_version=&#8221;4.16&#8243; text_orientation=&#8221;center&#8221; animation=&#8221;off&#8221; border_radii_image=&#8221;on|5px|5px|5px|5px&#8221; box_shadow_style_image=&#8221;preset2&#8243; global_colors_info=&#8221;{}&#8221;][\/et_pb_blurb][\/et_pb_column][et_pb_column type=&#8221;1_4&#8243; _builder_version=&#8221;4.16&#8243; custom_padding=&#8221;|||&#8221; global_colors_info=&#8221;{}&#8221; custom_padding__hover=&#8221;|||&#8221;][et_pb_blurb title=&#8221;Transporte&#8221; image=&#8221;https:\/\/www.gabrian.com\/wp-content\/uploads\/2019\/03\/train-car-interior.jpg&#8221; _builder_version=&#8221;4.16&#8243; text_orientation=&#8221;center&#8221; animation=&#8221;off&#8221; border_radii_image=&#8221;on|5px|5px|5px|5px&#8221; box_shadow_style_image=&#8221;preset2&#8243; global_colors_info=&#8221;{}&#8221;][\/et_pb_blurb][\/et_pb_column][et_pb_column type=&#8221;1_4&#8243; _builder_version=&#8221;4.16&#8243; custom_padding=&#8221;|||&#8221; global_colors_info=&#8221;{}&#8221; custom_padding__hover=&#8221;|||&#8221;][et_pb_blurb title=&#8221;Automatizaci\u00f3n&#8221; image=&#8221;https:\/\/www.gabrian.com\/wp-content\/uploads\/2019\/03\/roller-conveyer.jpg&#8221; _builder_version=&#8221;4.16&#8243; text_orientation=&#8221;center&#8221; animation=&#8221;off&#8221; border_radii_image=&#8221;on|5px|5px|5px|5px&#8221; box_shadow_style_image=&#8221;preset2&#8243; global_colors_info=&#8221;{}&#8221;][\/et_pb_blurb][\/et_pb_column][et_pb_column type=&#8221;1_4&#8243; _builder_version=&#8221;4.16&#8243; custom_padding=&#8221;|||&#8221; global_colors_info=&#8221;{}&#8221; custom_padding__hover=&#8221;|||&#8221;][et_pb_blurb title=&#8221;M\u00e9dica&#8221; image=&#8221;https:\/\/www.gabrian.com\/wp-content\/uploads\/2019\/03\/mri-machine-hospital.jpg&#8221; _builder_version=&#8221;4.16&#8243; text_orientation=&#8221;center&#8221; animation=&#8221;off&#8221; border_radii_image=&#8221;on|5px|5px|5px|5px&#8221; box_shadow_style_image=&#8221;preset2&#8243; global_colors_info=&#8221;{}&#8221;][\/et_pb_blurb][\/et_pb_column][\/et_pb_row][et_pb_row _builder_version=&#8221;4.16&#8243; custom_padding=&#8221;0|0px|27px|0px|false|false&#8221; global_colors_info=&#8221;{}&#8221;][et_pb_column type=&#8221;4_4&#8243; _builder_version=&#8221;4.16&#8243; custom_padding=&#8221;|||&#8221; global_colors_info=&#8221;{}&#8221; custom_padding__hover=&#8221;|||&#8221;][et_pb_button button_url=&#8221;https:\/\/www.gabrian.com\/es\/aluminium-extrusions\/industrias\/&#8221; button_text=&#8221;M\u00e1s Informaci\u00f3n&#8221; _builder_version=&#8221;4.16&#8243; custom_button=&#8221;on&#8221; button_text_size=&#8221;16px&#8221; button_font=&#8221;||||||||&#8221; button_icon=&#8221;&#x39;||divi||400&#8243; button_on_hover=&#8221;off&#8221; box_shadow_style=&#8221;preset2&#8243; box_shadow_spread=&#8221;-10px&#8221; global_colors_info=&#8221;{}&#8221;][\/et_pb_button][\/et_pb_column][\/et_pb_row][et_pb_row _builder_version=&#8221;4.16&#8243; custom_padding=&#8221;20px|0px||0px&#8221; global_colors_info=&#8221;{}&#8221;][et_pb_column type=&#8221;4_4&#8243; _builder_version=&#8221;4.16&#8243; custom_padding=&#8221;|||&#8221; global_colors_info=&#8221;{}&#8221; custom_padding__hover=&#8221;|||&#8221;][et_pb_text _builder_version=&#8221;4.16&#8243; header_font=&#8221;||||||||&#8221; header_2_font=&#8221;||||||||&#8221; header_2_font_size=&#8221;29px&#8221; header_2_line_height=&#8221;1.1em&#8221; custom_padding=&#8221;16px||&#8221; global_colors_info=&#8221;{}&#8221;]<\/p>\n<h2>Equipo Occidental en Asia<\/h2>\n<p>La extrusi\u00f3n es un m\u00e9todo para dar forma al aluminio con aplicaciones en industrias muy diversas. Nuestra red de fabricantes de alta calidad y nuestra presencia sobre el terreno en Asia nos permiten asegurar que su proyecto se haga realidad de forma satisfactoria y a tiempo.[\/et_pb_text][\/et_pb_column][\/et_pb_row][et_pb_row column_structure=&#8221;1_3,1_3,1_3&#8243; _builder_version=&#8221;4.16&#8243; custom_padding=&#8221;10px||&#8221; global_colors_info=&#8221;{}&#8221;][et_pb_column type=&#8221;1_3&#8243; _builder_version=&#8221;4.16&#8243; custom_padding=&#8221;|||&#8221; global_colors_info=&#8221;{}&#8221; custom_padding__hover=&#8221;|||&#8221;][et_pb_blurb title=&#8221;Menores Costes de Fabricaci\u00f3n&#8221; image=&#8221;https:\/\/www.gabrian.com\/wp-content\/uploads\/2019\/04\/various-aluminum-profiles.jpg&#8221; alt=&#8221;Extruded aluminum profiles laying on a cooling table inside the plant&#8221; _builder_version=&#8221;4.16&#8243; animation=&#8221;off&#8221; border_radii_image=&#8221;on|5px|5px|5px|5px&#8221; box_shadow_style_image=&#8221;preset2&#8243; global_colors_info=&#8221;{}&#8221;]La producci\u00f3n dom\u00e9stica de extrusiones puede resultar cara. Recurriendo a nuestros socios para extrusiones en India, puede reducir costes sin dejar de satisfacer sus exigencias de calidad. Nuestro equipo de proyectos act\u00faa como una extensi\u00f3n de su propio equipo, ahorr\u00e1ndole los gastos de estar presente sobre el terreno en Asia.[\/et_pb_blurb][\/et_pb_column][et_pb_column type=&#8221;1_3&#8243; _builder_version=&#8221;4.16&#8243; custom_padding=&#8221;|||&#8221; global_colors_info=&#8221;{}&#8221; custom_padding__hover=&#8221;|||&#8221;][et_pb_blurb title=&#8221;Equipo Occidental en Asia&#8221; image=&#8221;https:\/\/www.gabrian.com\/wp-content\/uploads\/2019\/04\/bangalore-city-view.jpg&#8221; alt=&#8221;View of Bangalore city skyline at sunset&#8221; _builder_version=&#8221;4.16&#8243; animation=&#8221;off&#8221; border_radii_image=&#8221;on|5px|5px|5px|5px&#8221; box_shadow_style_image=&#8221;preset2&#8243; global_colors_info=&#8221;{}&#8221;]Para muchas empresas, puede no ser factible establecer una presencia en Asia. Puede aprovecharse de nuestro equipo profesional occidental sobre el terreno, que servir\u00e1 como una extensi\u00f3n de sus operaciones y le ayudar\u00e1 a asegurar la calidad y los tiempos de entrega.[\/et_pb_blurb][\/et_pb_column][et_pb_column type=&#8221;1_3&#8243; _builder_version=&#8221;4.16&#8243; custom_padding=&#8221;|||&#8221; global_colors_info=&#8221;{}&#8221; custom_padding__hover=&#8221;|||&#8221;][et_pb_blurb title=&#8221;Entrega a Tiempo&#8221; image=&#8221;https:\/\/www.gabrian.com\/wp-content\/uploads\/2019\/03\/AdobeStock_84805174-preview.jpeg&#8221; alt=&#8221;Cargo ship carrying containers&#8221; _builder_version=&#8221;4.16&#8243; animation=&#8221;off&#8221; border_radii_image=&#8221;on|5px|5px|5px|5px&#8221; box_shadow_style_image=&#8221;preset2&#8243; global_colors_info=&#8221;{}&#8221;]Entendemos que recibir los env\u00edos a tiempo es clave para el \u00e9xito de su negocio. Entregamos sus perfiles a tiempo y en las condiciones esperadas para el buen funcionamiento de su cadena de suministro.[\/et_pb_blurb][\/et_pb_column][\/et_pb_row][et_pb_row _builder_version=&#8221;4.16&#8243; custom_padding=&#8221;0|0px|27px|0px|false|false&#8221; global_colors_info=&#8221;{}&#8221;][et_pb_column type=&#8221;4_4&#8243; _builder_version=&#8221;4.16&#8243; custom_padding=&#8221;|||&#8221; global_colors_info=&#8221;{}&#8221; custom_padding__hover=&#8221;|||&#8221;][et_pb_button button_url=&#8221;\/?page_id=10974&#8243; button_text=&#8221;M\u00e1s Informaci\u00f3n&#8221; _builder_version=&#8221;4.16&#8243; custom_button=&#8221;on&#8221; button_text_size=&#8221;16px&#8221; button_font=&#8221;||||||||&#8221; button_icon=&#8221;&#x39;||divi||400&#8243; button_on_hover=&#8221;off&#8221; box_shadow_style=&#8221;preset2&#8243; box_shadow_spread=&#8221;-10px&#8221; global_colors_info=&#8221;{}&#8221;][\/et_pb_button][\/et_pb_column][\/et_pb_row][\/et_pb_section][et_pb_section fb_built=&#8221;1&#8243; _builder_version=&#8221;4.16&#8243; custom_padding=&#8221;0|0px|54px|0px|false|false&#8221; global_colors_info=&#8221;{}&#8221;][et_pb_row _builder_version=&#8221;4.16&#8243; background_size=&#8221;initial&#8221; background_position=&#8221;top_left&#8221; background_repeat=&#8221;repeat&#8221; custom_padding=&#8221;0|0px|27px|0px|false|false&#8221; global_colors_info=&#8221;{}&#8221;][et_pb_column type=&#8221;4_4&#8243; _builder_version=&#8221;4.16&#8243; custom_padding=&#8221;|||&#8221; global_colors_info=&#8221;{}&#8221; custom_padding__hover=&#8221;|||&#8221;][et_pb_text _builder_version=&#8221;4.16&#8243; custom_margin=&#8221;30px|||&#8221; global_colors_info=&#8221;{}&#8221;]<\/p>\n<h2>Podr\u00edan Interesarle los Siguientes Art\u00edculos<\/h2>\n<p>En nuestro blog publicamos art\u00edculos \u00fatiles para conocer mejor la industria de las extrusiones, las opciones de acabado, la elecci\u00f3n de aleaci\u00f3n y otros aspectos. Muchas personas del \u00e1mbito de la arquitectura los han encontrado \u00fatiles, y en nuestro blog de extrusiones de aluminio tratamos otros temas.[\/et_pb_text][et_pb_blog fullwidth=&#8221;off&#8221; posts_number=&#8221;3&#8243; include_categories=&#8221;59&#8243; show_author=&#8221;off&#8221; show_date=&#8221;off&#8221; show_categories=&#8221;off&#8221; _builder_version=&#8221;4.16&#8243; pagination_font_size_tablet=&#8221;51&#8243; pagination_line_height_tablet=&#8221;2&#8243; box_shadow_style=&#8221;preset2&#8243; global_colors_info=&#8221;{}&#8221;][\/et_pb_blog][\/et_pb_column][\/et_pb_row][\/et_pb_section]<\/p>\n","protected":false},"excerpt":{"rendered":"<p>Perfiles de Aluminio de Alta Calidad de Asia, Entregadas Siempre a Tiempo El aluminio es un metal resistente y duradero que ofrece un peso inferior al del acero. Suministramos a nuestros clientes extrusiones de aluminio a medida y est\u00e1ndar de China e India, reduciendo as\u00ed costes sin dejar de obtener gran calidad, servicio excepcional y [&hellip;]<\/p>\n","protected":false},"author":2,"featured_media":0,"parent":0,"menu_order":0,"comment_status":"open","ping_status":"closed","template":"","meta":{"_et_pb_use_builder":"on","_et_pb_old_content":"","_et_gb_content_width":"","content-type":"","footnotes":""},"ppma_author":[94],"class_list":["post-12287","page","type-page","status-publish","hentry"],"_links":{"self":[{"href":"https:\/\/www.gabrian.com\/es\/wp-json\/wp\/v2\/pages\/12287","targetHints":{"allow":["GET"]}}],"collection":[{"href":"https:\/\/www.gabrian.com\/es\/wp-json\/wp\/v2\/pages"}],"about":[{"href":"https:\/\/www.gabrian.com\/es\/wp-json\/wp\/v2\/types\/page"}],"author":[{"embeddable":true,"href":"https:\/\/www.gabrian.com\/es\/wp-json\/wp\/v2\/users\/2"}],"replies":[{"embeddable":true,"href":"https:\/\/www.gabrian.com\/es\/wp-json\/wp\/v2\/comments?post=12287"}],"version-history":[{"count":24,"href":"https:\/\/www.gabrian.com\/es\/wp-json\/wp\/v2\/pages\/12287\/revisions"}],"predecessor-version":[{"id":27677,"href":"https:\/\/www.gabrian.com\/es\/wp-json\/wp\/v2\/pages\/12287\/revisions\/27677"}],"wp:attachment":[{"href":"https:\/\/www.gabrian.com\/es\/wp-json\/wp\/v2\/media?parent=12287"}],"wp:term":[{"taxonomy":"author","embeddable":true,"href":"https:\/\/www.gabrian.com\/es\/wp-json\/wp\/v2\/ppma_author?post=12287"}],"curies":[{"name":"wp","href":"https:\/\/api.w.org\/{rel}","templated":true}]}}