{"id":12395,"date":"2019-06-29T01:36:56","date_gmt":"2019-06-28T20:36:56","guid":{"rendered":"https:\/\/www.gabrian.com\/circuitos-impresos\/"},"modified":"2019-06-29T01:37:03","modified_gmt":"2019-06-28T20:37:03","slug":"circuitos-impresos","status":"publish","type":"page","link":"https:\/\/www.gabrian.com\/es\/circuitos-impresos\/","title":{"rendered":"Circuitos Impresos"},"content":{"rendered":"<p>[et_pb_section bb_built=&#8221;1&#8243; admin_label=&#8221;section&#8221; fullwidth=&#8221;on&#8221; specialty=&#8221;off&#8221; next_background_color=&#8221;#000000&#8243;][et_pb_fullwidth_slider show_arrows=&#8221;off&#8221; show_pagination=&#8221;off&#8221; auto=&#8221;off&#8221; parallax=&#8221;on&#8221; parallax_method=&#8221;off&#8221; _builder_version=&#8221;3.0.51&#8243; remove_inner_shadow=&#8221;off&#8221; custom_button=&#8221;off&#8221; button_letter_spacing=&#8221;0&#8243; button_icon_placement=&#8221;right&#8221; button_letter_spacing_hover=&#8221;0&#8243; auto_ignore_hover=&#8221;off&#8221; hide_content_on_mobile=&#8221;off&#8221; hide_cta_on_mobile=&#8221;off&#8221; show_image_video_mobile=&#8221;off&#8221; custom_padding=&#8221;|||&#8221; custom_padding_tablet=&#8221;|||&#8221; custom_padding_phone=&#8221;|||&#8221; show_inner_shadow=&#8221;on&#8221; show_content_on_mobile=&#8221;on&#8221; show_cta_on_mobile=&#8221;on&#8221; box_shadow_horizontal=&#8221;0px&#8221; box_shadow_vertical=&#8221;0px&#8221; box_shadow_blur=&#8221;10px&#8221; box_shadow_spread=&#8221;0px&#8221; box_shadow_position=&#8221;inner&#8221; box_shadow_color=&#8221;rgba(0,0,0,0.1)&#8221; box_shadow_style=&#8221;preset6&#8243;][et_pb_slide button_text=&#8221;Pida Presupuesto&#8221; background_image=&#8221;https:\/\/www.gabrian.com\/wp-content\/uploads\/2015\/08\/surface-finished1.jpg&#8221; background_color=&#8221;#ffffff&#8221; alignment=&#8221;center&#8221; background_layout=&#8221;dark&#8221; allow_player_pause=&#8221;off&#8221; heading=&#8221;Manufactura y Montaje de Circuitos Impresos&#8221; button_link=&#8221;\/?page_id=764&#8243; use_background_color_gradient=&#8221;off&#8221; background_color_gradient_start=&#8221;#2b87da&#8221; background_color_gradient_end=&#8221;#29c4a9&#8243; background_color_gradient_type=&#8221;linear&#8221; background_color_gradient_direction=&#8221;180deg&#8221; background_color_gradient_direction_radial=&#8221;center&#8221; background_color_gradient_start_position=&#8221;0%&#8221; background_color_gradient_end_position=&#8221;100%&#8221; parallax=&#8221;off&#8221; parallax_method=&#8221;off&#8221; background_position=&#8221;center&#8221; background_size=&#8221;cover&#8221; background_repeat=&#8221;no-repeat&#8221; background_blend=&#8221;normal&#8221; use_bg_overlay=&#8221;off&#8221; use_text_overlay=&#8221;off&#8221; text_border_radius=&#8221;3&#8243; header_font_select=&#8221;default&#8221; header_font=&#8221;||||&#8221; body_font_select=&#8221;default&#8221; body_font=&#8221;||||&#8221; custom_button=&#8221;off&#8221; button_font_select=&#8221;default&#8221; button_font=&#8221;||||&#8221; button_use_icon=&#8221;default&#8221; button_icon_placement=&#8221;right&#8221; button_on_hover=&#8221;on&#8221; \/][\/et_pb_fullwidth_slider][\/et_pb_section][et_pb_section bb_built=&#8221;1&#8243; admin_label=&#8221;section&#8221; fullwidth=&#8221;off&#8221; specialty=&#8221;off&#8221; prev_background_color=&#8221;#000000&#8243;][et_pb_row admin_label=&#8221;row&#8221; background_position=&#8221;top_left&#8221; background_repeat=&#8221;repeat&#8221; background_size=&#8221;initial&#8221;][et_pb_column type=&#8221;1_4&#8243;][et_pb_blurb title=&#8221;PCBs de Giro R\u00e1pido&#8221; url_new_window=&#8221;off&#8221; use_icon=&#8221;on&#8221; icon_color=&#8221;#81d742&#8243; use_circle=&#8221;off&#8221; circle_color=&#8221;#00bc0f&#8221; use_circle_border=&#8221;off&#8221; circle_border_color=&#8221;#00bc0f&#8221; icon_placement=&#8221;top&#8221; animation=&#8221;off&#8221; background_layout=&#8221;light&#8221; text_orientation=&#8221;center&#8221; font_icon=&#8221;\ue60d&#8221; background_position=&#8221;top_left&#8221; background_repeat=&#8221;repeat&#8221; background_size=&#8221;initial&#8221;]<\/p>\n<p style=\"text-align: justify;\">No todos los circuitos impresos tienen 8, 12, 16 o m\u00e1s capas. Para necesidades m\u00e1s modestas, Gabrian ofrece una soluci\u00f3n integrada para la manufactura de circuitos impresos de alta velocidad.<\/p>\n<p style=\"text-align: center;\"><a href=\"https:\/\/www.gabrian.com\/es\/pcbs-de-giro-rapido\/\">M\u00e1s Informaci\u00f3n<\/a><\/p>\n<p>[\/et_pb_blurb][\/et_pb_column][et_pb_column type=&#8221;1_4&#8243;][et_pb_blurb title=&#8221;PCBs Multicapa&#8221; url_new_window=&#8221;off&#8221; use_icon=&#8221;on&#8221; icon_color=&#8221;#81d742&#8243; use_circle=&#8221;off&#8221; circle_color=&#8221;#00bc0f&#8221; use_circle_border=&#8221;off&#8221; circle_border_color=&#8221;#00bc0f&#8221; icon_placement=&#8221;top&#8221; animation=&#8221;off&#8221; background_layout=&#8221;light&#8221; text_orientation=&#8221;center&#8221; font_icon=&#8221;c&#8221; background_position=&#8221;top_left&#8221; background_repeat=&#8221;repeat&#8221; background_size=&#8221;initial&#8221;]<\/p>\n<p style=\"text-align: justify;\">Gabrian International produce circuitos impresos de hasta 14 capas en la cantidad requerida, desde prototipos \u00fanicos y pedidos peque\u00f1os hasta la producci\u00f3n en masa. <\/p>\n<p style=\"text-align: center;\"><a href=\"https:\/\/www.gabrian.com\/es\/pcbs-multicapa\/\">M\u00e1s Informaci\u00f3n<\/a><\/p>\n<p>[\/et_pb_blurb][\/et_pb_column][et_pb_column type=&#8221;1_4&#8243;][et_pb_blurb title=&#8221;PCBs Prototipo&#8221; url_new_window=&#8221;off&#8221; use_icon=&#8221;on&#8221; icon_color=&#8221;#81d742&#8243; use_circle=&#8221;off&#8221; circle_color=&#8221;#00bc0f&#8221; use_circle_border=&#8221;off&#8221; circle_border_color=&#8221;#00bc0f&#8221; icon_placement=&#8221;top&#8221; animation=&#8221;off&#8221; background_layout=&#8221;light&#8221; text_orientation=&#8221;center&#8221; font_icon=&#8221;R&#8221; background_position=&#8221;top_left&#8221; background_repeat=&#8221;repeat&#8221; background_size=&#8221;initial&#8221;]<\/p>\n<p style=\"text-align: justify;\">Actualmente los prototipos de PCB son fundamentales en el proceso del dise\u00f1o electr\u00f3nico, e id\u00f3neos para pruebas funcionales de nuevos productos o dise\u00f1os con tiempos de espera cortos.<\/p>\n<p style=\"text-align: center;\"><a href=\"https:\/\/www.gabrian.com\/es\/pcbs-prototipo\/\">M\u00e1s Informaci\u00f3n<\/a><\/p>\n<p>[\/et_pb_blurb][\/et_pb_column][et_pb_column type=&#8221;1_4&#8243;][et_pb_blurb title=&#8221;Montaje de PCBs&#8221; url_new_window=&#8221;off&#8221; use_icon=&#8221;on&#8221; icon_color=&#8221;#81d742&#8243; use_circle=&#8221;off&#8221; circle_color=&#8221;#ffffff&#8221; use_circle_border=&#8221;on&#8221; circle_border_color=&#8221;#00bc0f&#8221; icon_placement=&#8221;top&#8221; animation=&#8221;off&#8221; background_layout=&#8221;light&#8221; text_orientation=&#8221;center&#8221; font_icon=&#8221;P&#8221; background_position=&#8221;top_left&#8221; background_repeat=&#8221;repeat&#8221; background_size=&#8221;initial&#8221;]<\/p>\n<p style=\"text-align: justify;\">Nuestras capacidades de montaje de circuitos impresos ofrecen a nuestros clientes la comodidad de una soluci\u00f3n integrada para sus necesidades de manufactura y montaje.<\/p>\n<p style=\"text-align: center;\"><a href=\"https:\/\/www.gabrian.com\/es\/montaje-de-pcbs\/\">M\u00e1s Informaci\u00f3n<\/a><\/p>\n<p>[\/et_pb_blurb][\/et_pb_column][\/et_pb_row][et_pb_row admin_label=&#8221;row&#8221; background_position=&#8221;top_left&#8221; background_repeat=&#8221;repeat&#8221; background_size=&#8221;initial&#8221;][et_pb_column type=&#8221;1_2&#8243;][et_pb_text background_layout=&#8221;light&#8221; background_position=&#8221;top_left&#8221; background_repeat=&#8221;repeat&#8221; background_size=&#8221;initial&#8221; _builder_version=&#8221;3.0.106&#8243;]<\/p>\n<h2>Procesos de Acabado<\/h2>\n<p style=\"text-align: justify;\">Nuestro socio para PCBs ofrece servicios de acabado diversos para circuitos impresos, de tipo tanto org\u00e1nico como met\u00e1lico, que incluyen soldadura HASL de plomo-esta\u00f1o, HASL libre de plomo, plata qu\u00edmica, esta\u00f1o qu\u00edmico, oro por inmersi\u00f3n ENIG, etc \u2026 Comprendemos que el acabado de sus circuitos es importante para distintas aplicaciones, y hemos organizado nuestro proceso de manufactura para ofrecer el acabado que responda a sus necesidades.<\/p>\n<p><a title=\"Finishing Services\" href=\"https:\/\/www.gabrian.com\/es\/5-tipos-de-acabado-superficial-para-pcb-hay-uno-adecuado-para-su-proyecto\/\" rel=\"noopener noreferrer\">M\u00e1s Informaci\u00f3n sobre opciones de acabado<\/a><\/p>\n<p>[\/et_pb_text][\/et_pb_column][et_pb_column type=&#8221;1_2&#8243;][et_pb_video src=&#8221;http:\/\/www.gabrian.com\/wp-content\/uploads\/2015\/08\/\u683c\u5f0f\u5de5\u5382PCBs.compressed.mp4&#8243; \/][\/et_pb_column][\/et_pb_row][et_pb_row admin_label=&#8221;row&#8221; background_position=&#8221;top_left&#8221; background_repeat=&#8221;repeat&#8221; background_size=&#8221;initial&#8221;][et_pb_column type=&#8221;4_4&#8243;][et_pb_text background_layout=&#8221;light&#8221; text_orientation=&#8221;left&#8221; background_position=&#8221;top_left&#8221; background_repeat=&#8221;repeat&#8221; background_size=&#8221;initial&#8221;]<\/p>\n<p style=\"text-align: justify;\">La planta de PCB de Gabrian se encuentra en Zhuhai, Guangdong. Nuestra producci\u00f3n abarca una gama que va de PCBs de una sola cara hasta los de 14 capas. Cumplimos con las normativas ISO 9001:2000, QS9000:1998, ISO14001, TS16949 y ROHS.<\/p>\n<p style=\"text-align: justify;\">Atendemos pedidos mixtos en vol\u00famenes reducidos, y pedidos de vol\u00famenes grandes producidos en masa. Nuestra capacidad m\u00e1xima supera los 27 800 m2 mensuales, y nos especializamos en la rapidez a la hora de ofrecer presupuestos y prototipos. Una vez recibidos los datos en formato Gerber, ofrecemos un presupuesto y muestras antes de una semana.<\/p>\n<p style=\"text-align: justify;\">Ofrecemos HASL, HASL sin plomo, plata y esta\u00f1o qu\u00edmicos, oro electrol\u00edtico y galvanizado grueso en oro. Realizamos perforaciones de 0,2 mm y anchos de l\u00ednea m\u00ednimos de 0,0762 mm, con una capacidad de 300K ft.2\/mo.<\/p>\n<p style=\"text-align: justify;\">Para garantizar la satisfacci\u00f3n de nuestros clientes, contamos con personal proactivo, flexible y permanentemente centrado en introducir mejoras para lograr productos de calidad. Nuestra misi\u00f3n es identificar las necesidades de nuestros clientes y superar sus expectativas de calidad, apoyo t\u00e9cnico y entrega a tiempo.<\/p>\n<p style=\"text-align: justify;\">Aqu\u00ed est\u00e1n nuestras <a href=\"\/wp-content\/uploads\/2015\/08\/Production-capability.ppt\">Especificaciones T\u00e9cnicas<\/a>.<\/p>\n<p>[\/et_pb_text][\/et_pb_column][\/et_pb_row][\/et_pb_section]<\/p>\n","protected":false},"excerpt":{"rendered":"<p>No todos los circuitos impresos tienen 8, 12, 16 o m\u00e1s capas. Para necesidades m\u00e1s modestas, Gabrian ofrece una soluci\u00f3n integrada para la manufactura de circuitos impresos de alta velocidad. M\u00e1s Informaci\u00f3n Gabrian International produce circuitos impresos de hasta 14 capas en la cantidad requerida, desde prototipos \u00fanicos y pedidos peque\u00f1os hasta la producci\u00f3n en [&hellip;]<\/p>\n","protected":false},"author":2,"featured_media":11582,"parent":0,"menu_order":0,"comment_status":"open","ping_status":"open","template":"","meta":{"_et_pb_use_builder":"on","_et_pb_old_content":"","_et_gb_content_width":"","content-type":"","footnotes":""},"ppma_author":[94],"class_list":["post-12395","page","type-page","status-publish","has-post-thumbnail","hentry"],"_links":{"self":[{"href":"https:\/\/www.gabrian.com\/es\/wp-json\/wp\/v2\/pages\/12395","targetHints":{"allow":["GET"]}}],"collection":[{"href":"https:\/\/www.gabrian.com\/es\/wp-json\/wp\/v2\/pages"}],"about":[{"href":"https:\/\/www.gabrian.com\/es\/wp-json\/wp\/v2\/types\/page"}],"author":[{"embeddable":true,"href":"https:\/\/www.gabrian.com\/es\/wp-json\/wp\/v2\/users\/2"}],"replies":[{"embeddable":true,"href":"https:\/\/www.gabrian.com\/es\/wp-json\/wp\/v2\/comments?post=12395"}],"version-history":[{"count":2,"href":"https:\/\/www.gabrian.com\/es\/wp-json\/wp\/v2\/pages\/12395\/revisions"}],"predecessor-version":[{"id":12397,"href":"https:\/\/www.gabrian.com\/es\/wp-json\/wp\/v2\/pages\/12395\/revisions\/12397"}],"wp:featuredmedia":[{"embeddable":true,"href":"https:\/\/www.gabrian.com\/es\/wp-json\/wp\/v2\/media\/11582"}],"wp:attachment":[{"href":"https:\/\/www.gabrian.com\/es\/wp-json\/wp\/v2\/media?parent=12395"}],"wp:term":[{"taxonomy":"author","embeddable":true,"href":"https:\/\/www.gabrian.com\/es\/wp-json\/wp\/v2\/ppma_author?post=12395"}],"curies":[{"name":"wp","href":"https:\/\/api.w.org\/{rel}","templated":true}]}}