{"id":12401,"date":"2019-06-29T01:58:30","date_gmt":"2019-06-28T20:58:30","guid":{"rendered":"https:\/\/www.gabrian.com\/fundicion-a-presion\/"},"modified":"2019-06-29T01:58:37","modified_gmt":"2019-06-28T20:58:37","slug":"fundicion-a-presion","status":"publish","type":"page","link":"https:\/\/www.gabrian.com\/es\/fundicion-a-presion\/","title":{"rendered":"Fundici\u00f3n a Presi\u00f3n"},"content":{"rendered":"<p>[et_pb_section bb_built=&#8221;1&#8243; admin_label=&#8221;section&#8221; fullwidth=&#8221;on&#8221; specialty=&#8221;off&#8221;][et_pb_fullwidth_slider show_arrows=&#8221;on&#8221; show_pagination=&#8221;on&#8221; auto=&#8221;off&#8221; parallax=&#8221;on&#8221; parallax_method=&#8221;off&#8221; custom_padding=&#8221;|||&#8221; custom_padding_tablet=&#8221;|||&#8221; custom_padding_phone=&#8221;|||&#8221;] [et_pb_slide heading=&#8221;Fundici\u00f3n a Presi\u00f3n&#8221; button_text=&#8221;P\u00f3ngase en contacto hoy!&#8221; button_link=&#8221;\/?page_id=764&#8243; background_image=&#8221;https:\/\/www.gabrian.com\/wp-content\/uploads\/2015\/08\/Die-Casting001.jpg&#8221; background_color=&#8221;#ffffff&#8221; alignment=&#8221;center&#8221; background_layout=&#8221;dark&#8221; allow_player_pause=&#8221;off&#8221; \/] [\/et_pb_fullwidth_slider][\/et_pb_section][et_pb_section bb_built=&#8221;1&#8243; admin_label=&#8221;section&#8221; fullwidth=&#8221;off&#8221; specialty=&#8221;off&#8221;][et_pb_row admin_label=&#8221;row&#8221; background_position=&#8221;top_left&#8221; background_repeat=&#8221;repeat&#8221; background_size=&#8221;initial&#8221;][et_pb_column type=&#8221;4_4&#8243;][et_pb_text background_layout=&#8221;light&#8221; text_orientation=&#8221;center&#8221; module_alignment=&#8221;center&#8221; background_position=&#8221;top_left&#8221; background_repeat=&#8221;repeat&#8221; background_size=&#8221;initial&#8221;]<\/p>\n<p style=\"text-align: justify;\">Estamos especializados en el dise\u00f1o de programas para m\u00e1quina herramienta y fundici\u00f3n a presi\u00f3n. Contamos con m\u00e1quinas y equipos avanzados, y nuestros ingenieros profesionales usan el software de dise\u00f1o CAD\/CAM\/CAE m\u00e1s reciente.<\/p>\n<p style=\"text-align: justify;\">Proporcionamos moldes en aleaciones de aluminio, y aleaciones fundidas de cinc y aluminio para los conectores empleados en telecomunicaciones, fibra \u00f3ptica, antenas y dispositivos m\u00f3viles. La fundici\u00f3n a presi\u00f3n es ideal para obtener m\u00faltiples copias de cientos o miles de piezas con un acabado superficial de alta calidad, y podemos aplicar tambi\u00e9n texturas a sus partes acabadas.<\/p>\n<p style=\"text-align: justify;\">Esc\u00f3janos para fabricar sus fundiciones a presi\u00f3n de aluminio y cinc a medida. Destacamos por la precisi\u00f3n y por nuestros adornos fundidos de hasta 11 kg. Nuestra experiencia con m\u00e1quinas herramienta es el n\u00facleo de nuestro compromiso con convertirnos en un suministrador de componentes de talla mundial.<\/p>\n<p>[\/et_pb_text][\/et_pb_column][\/et_pb_row][et_pb_row admin_label=&#8221;row&#8221; background_position=&#8221;top_left&#8221; background_repeat=&#8221;repeat&#8221; background_size=&#8221;initial&#8221;][et_pb_column type=&#8221;1_2&#8243;][et_pb_text background_layout=&#8221;light&#8221; text_orientation=&#8221;left&#8221; module_alignment=&#8221;left&#8221; background_position=&#8221;top_left&#8221; background_repeat=&#8221;repeat&#8221; background_size=&#8221;initial&#8221;]<\/p>\n<h2 style=\"text-align: justify;\">Metales Fundidos<\/h2>\n<p style=\"text-align: justify;\">Su elecci\u00f3n de materiales depender\u00e1 del coste, peso y la ingenier\u00eda empleada. Pida consejo t\u00e9cnico a nuestros expertos.<\/p>\n<p style=\"text-align: justify;\"><strong>Aluminio Fundido a Presi\u00f3n:<br \/>\n<\/strong>Aluminio Fundido a Presi\u00f3n:<br \/>\nIdeal para geometr\u00edas resistentes y complejas, pero ligeras. Las aleaciones disponibles son ADC12, A380, ADC10 y A413.<\/p>\n<p style=\"text-align: justify;\"><strong>Cinc Fundido a Presi\u00f3n:<br \/>\n<\/strong>Usado sobre todo para partes muy d\u00factiles que pueden requerir galvanizado. De fundici\u00f3n relativamente sencilla. Las aleaciones disponibles son Zn 3# y Zn 5#.<\/p>\n<p style=\"text-align: justify;\"><strong>Magnesio Fundido a Presi\u00f3n:<br \/>\n<\/strong>Para partes ligeras que requieren una buena relaci\u00f3n resistencia\/peso. La aleaci\u00f3n es AZ91D.<\/p>\n<p>[\/et_pb_text][\/et_pb_column][et_pb_column type=&#8221;1_2&#8243;][et_pb_text background_layout=&#8221;light&#8221; text_orientation=&#8221;left&#8221; module_alignment=&#8221;left&#8221; background_position=&#8221;top_left&#8221; background_repeat=&#8221;repeat&#8221; background_size=&#8221;initial&#8221;]<\/p>\n<h2>Fundici\u00f3n a Presi\u00f3n de Matrices<\/h2>\n<p style=\"text-align: justify;\">Fabricamos matrices para fundir a presi\u00f3n diversas partes y componentes empleados en aplicaciones industriales automotrices, m\u00e9dicas y generales. En la mayor parte de la producci\u00f3n empleamos acero H13 con una dureza Rockwell de 42-48. Nuestros clientes pueden elegir tambi\u00e9n otros metales para crear moldes.<\/p>\n<h2>Acabado Superficial<\/h2>\n<p style=\"text-align: justify;\">Hay numerosas opciones de acabado disponibles, entre ellas arenado, chorreado con agua, pulido, galvanizado, pintura, lacado, tampograf\u00eda, serigraf\u00eda, anodizaci\u00f3n y acabado de f\u00e1brica. Siempre recomendamos a nuestros clientes las mejores opciones para su dise\u00f1o.<\/p>\n<p>[\/et_pb_text][\/et_pb_column][\/et_pb_row][et_pb_row admin_label=&#8221;row&#8221; background_position=&#8221;top_left&#8221; background_repeat=&#8221;repeat&#8221; background_size=&#8221;initial&#8221;][et_pb_column type=&#8221;1_4&#8243;][et_pb_blurb title=&#8221;Entrega R\u00e1pida&#8221; url_new_window=&#8221;off&#8221; use_icon=&#8221;on&#8221; font_icon=&#8221;%%227%%&#8221; icon_color=&#8221;#81d742&#8243; use_circle=&#8221;off&#8221; use_circle_border=&#8221;off&#8221; icon_placement=&#8221;top&#8221; use_icon_font_size=&#8221;off&#8221; background_layout=&#8221;light&#8221; text_orientation=&#8221;center&#8221; border_style=&#8221;solid&#8221; animation=&#8221;off&#8221; background_position=&#8221;top_left&#8221; background_repeat=&#8221;repeat&#8221; background_size=&#8221;initial&#8221; _builder_version=&#8221;3.0.76&#8243; max_width_tablet=&#8221;50px&#8221;]<\/p>\n<p style=\"text-align: center;\">La urgencia en la producci\u00f3n y los prototipos es nuestro quehacer diario. Entregamos sus partes en poco tiempo y con la calidad esperada en EEUU, Europa, Australia y todos los dem\u00e1s lugares del planeta.<\/p>\n<p>[\/et_pb_blurb][\/et_pb_column][et_pb_column type=&#8221;1_4&#8243;][et_pb_blurb title=&#8221;Modificaci\u00f3n de Moldes&#8221; url_new_window=&#8221;off&#8221; use_icon=&#8221;on&#8221; font_icon=&#8221;%%174%%&#8221; icon_color=&#8221;#ffffff&#8221; use_circle=&#8221;on&#8221; circle_color=&#8221;#81d742&#8243; use_circle_border=&#8221;off&#8221; icon_placement=&#8221;top&#8221; use_icon_font_size=&#8221;off&#8221; background_layout=&#8221;light&#8221; text_orientation=&#8221;center&#8221; border_style=&#8221;solid&#8221; animation=&#8221;off&#8221; background_position=&#8221;top_left&#8221; background_repeat=&#8221;repeat&#8221; background_size=&#8221;initial&#8221; _builder_version=&#8221;3.0.76&#8243; max_width_tablet=&#8221;50px&#8221;]<\/p>\n<p style=\"text-align: center;\">Los nuevos dise\u00f1os suelen requerir la modificaci\u00f3n de herramientas. En Gabrian incluimos ya una serie de modificaciones de herramientas para revisar dise\u00f1os. Encantados de ayudar.<\/p>\n<p>[\/et_pb_blurb][\/et_pb_column][et_pb_column type=&#8221;1_4&#8243;][et_pb_blurb title=&#8221;Acabados de Producci\u00f3n&#8221; url_new_window=&#8221;off&#8221; use_icon=&#8221;on&#8221; font_icon=&#8221;%%359%%&#8221; icon_color=&#8221;#ffffff&#8221; use_circle=&#8221;on&#8221; circle_color=&#8221;#81d742&#8243; use_circle_border=&#8221;off&#8221; icon_placement=&#8221;top&#8221; use_icon_font_size=&#8221;off&#8221; background_layout=&#8221;light&#8221; border_style=&#8221;solid&#8221; animation=&#8221;off&#8221; background_position=&#8221;top_left&#8221; background_repeat=&#8221;repeat&#8221; background_size=&#8221;initial&#8221; _builder_version=&#8221;3.0.76&#8243; max_width_tablet=&#8221;50px&#8221;]<\/p>\n<p style=\"text-align: center;\">Buscamos ofrecerle acabados de calidad por medio del arenado, pulido, la pintura, la impresi\u00f3n, el lacado y otros. Si dise\u00f1a para est\u00e1ndares de la industria, podemos hacerlo.<\/p>\n<p>[\/et_pb_blurb][\/et_pb_column][et_pb_column type=&#8221;1_4&#8243;][et_pb_blurb title=&#8221;Inspecci\u00f3n&#8221; url_new_window=&#8221;off&#8221; use_icon=&#8221;on&#8221; font_icon=&#8221;U&#8221; icon_color=&#8221;#ffffff&#8221; use_circle=&#8221;on&#8221; circle_color=&#8221;#81d742&#8243; use_circle_border=&#8221;off&#8221; icon_placement=&#8221;top&#8221; animation=&#8221;off&#8221; background_layout=&#8221;light&#8221; text_orientation=&#8221;center&#8221; background_position=&#8221;top_left&#8221; background_repeat=&#8221;repeat&#8221; background_size=&#8221;initial&#8221; _builder_version=&#8221;3.0.76&#8243; use_icon_font_size=&#8221;off&#8221; border_style=&#8221;solid&#8221; max_width_tablet=&#8221;50px&#8221;]<\/p>\n<p style=\"text-align: center;\">Empleamos el mejor equipo y personal de todo el mundo para asegurarnos de satisfacer y superar loa m\u00e1ximos niveles internacionales de calidad.<\/p>\n<p>[\/et_pb_blurb][\/et_pb_column][\/et_pb_row][\/et_pb_section]<\/p>\n","protected":false},"excerpt":{"rendered":"<p>Estamos especializados en el dise\u00f1o de programas para m\u00e1quina herramienta y fundici\u00f3n a presi\u00f3n. Contamos con m\u00e1quinas y equipos avanzados, y nuestros ingenieros profesionales usan el software de dise\u00f1o CAD\/CAM\/CAE m\u00e1s reciente. Proporcionamos moldes en aleaciones de aluminio, y aleaciones fundidas de cinc y aluminio para los conectores empleados en telecomunicaciones, fibra \u00f3ptica, antenas y [&hellip;]<\/p>\n","protected":false},"author":2,"featured_media":0,"parent":0,"menu_order":0,"comment_status":"open","ping_status":"open","template":"","meta":{"_et_pb_use_builder":"on","_et_pb_old_content":"","_et_gb_content_width":"","content-type":"","footnotes":""},"ppma_author":[94],"class_list":["post-12401","page","type-page","status-publish","hentry"],"_links":{"self":[{"href":"https:\/\/www.gabrian.com\/es\/wp-json\/wp\/v2\/pages\/12401","targetHints":{"allow":["GET"]}}],"collection":[{"href":"https:\/\/www.gabrian.com\/es\/wp-json\/wp\/v2\/pages"}],"about":[{"href":"https:\/\/www.gabrian.com\/es\/wp-json\/wp\/v2\/types\/page"}],"author":[{"embeddable":true,"href":"https:\/\/www.gabrian.com\/es\/wp-json\/wp\/v2\/users\/2"}],"replies":[{"embeddable":true,"href":"https:\/\/www.gabrian.com\/es\/wp-json\/wp\/v2\/comments?post=12401"}],"version-history":[{"count":2,"href":"https:\/\/www.gabrian.com\/es\/wp-json\/wp\/v2\/pages\/12401\/revisions"}],"predecessor-version":[{"id":12403,"href":"https:\/\/www.gabrian.com\/es\/wp-json\/wp\/v2\/pages\/12401\/revisions\/12403"}],"wp:attachment":[{"href":"https:\/\/www.gabrian.com\/es\/wp-json\/wp\/v2\/media?parent=12401"}],"wp:term":[{"taxonomy":"author","embeddable":true,"href":"https:\/\/www.gabrian.com\/es\/wp-json\/wp\/v2\/ppma_author?post=12401"}],"curies":[{"name":"wp","href":"https:\/\/api.w.org\/{rel}","templated":true}]}}