{"id":12417,"date":"2019-06-29T02:46:14","date_gmt":"2019-06-28T21:46:14","guid":{"rendered":"https:\/\/www.gabrian.com\/disipadores\/"},"modified":"2019-07-19T11:50:36","modified_gmt":"2019-07-19T06:50:36","slug":"disipadores","status":"publish","type":"page","link":"https:\/\/www.gabrian.com\/es\/extrusiones-de-aluminio\/industrias\/electronica\/disipadores\/","title":{"rendered":"Disipadores"},"content":{"rendered":"<p>[et_pb_section fb_built=&#8221;1&#8243; fullwidth=&#8221;on&#8221; _builder_version=&#8221;3.22.3&#8243;][et_pb_fullwidth_header title=&#8221;Disipadores de Aluminio Extruido&#8221; subhead=&#8221;Disipadores de Aluminio Extruido de Alta Calidad, Entregados Siempre a Tiempo&#8221; button_one_text=&#8221;Cont\u00e1ctenos Acerca de Su Proyecto&#8221; button_one_url=&#8221;\/aluminum-extrusions-contact-us\/&#8221; background_overlay_color=&#8221;rgba(4,12,0,0.56)&#8221; _builder_version=&#8221;3.25.3&#8243; title_font=&#8221;|700|||||||&#8221; title_font_size=&#8221;45px&#8221; title_text_shadow_style=&#8221;preset5&#8243; content_font=&#8221;|600|||||||&#8221; content_font_size=&#8221;20px&#8221; content_text_shadow_style=&#8221;preset5&#8243; subhead_font=&#8221;|800|||||||&#8221; subhead_font_size=&#8221;21px&#8221; subhead_line_height=&#8221;1.7em&#8221; subhead_text_shadow_style=&#8221;preset5&#8243; background_color=&#8221;rgba(255, 255, 255, 0)&#8221; background_image=&#8221;https:\/\/www.gabrian.com\/wp-content\/uploads\/2018\/08\/heat-sink-background.jpeg&#8221; parallax=&#8221;on&#8221; custom_button_one=&#8221;on&#8221; button_one_font=&#8221;|700|||||||&#8221; custom_button_two=&#8221;on&#8221; button_two_font=&#8221;|700|||||||&#8221; box_shadow_style=&#8221;preset6&#8243; box_shadow_spread=&#8221;3px&#8221; title_font_size_last_edited=&#8221;on|desktop&#8221; saved_tabs=&#8221;all&#8221; button_one_text_size__hover_enabled=&#8221;off&#8221; button_two_text_size__hover_enabled=&#8221;off&#8221; button_one_text_color__hover_enabled=&#8221;off&#8221; button_two_text_color__hover_enabled=&#8221;off&#8221; button_one_border_width__hover_enabled=&#8221;off&#8221; button_two_border_width__hover_enabled=&#8221;off&#8221; button_one_border_color__hover_enabled=&#8221;off&#8221; button_two_border_color__hover_enabled=&#8221;off&#8221; button_one_border_radius__hover_enabled=&#8221;off&#8221; button_two_border_radius__hover_enabled=&#8221;off&#8221; button_one_letter_spacing__hover_enabled=&#8221;off&#8221; button_two_letter_spacing__hover_enabled=&#8221;off&#8221; button_one_bg_color__hover_enabled=&#8221;off&#8221; button_two_bg_color__hover_enabled=&#8221;off&#8221;]La extrusi\u00f3n del aluminio es el procedimiento m\u00e1s habitual para producir disipadores. Es un proceso econ\u00f3mico, y es sencillo fabricarlos a medida. Los disipadores de aluminio suponen un ahorro de peso considerable comprado con los de cobre. [\/et_pb_fullwidth_header][\/et_pb_section][et_pb_section fb_built=&#8221;1&#8243; _builder_version=&#8221;3.22.3&#8243; custom_margin=&#8221;0px||0px&#8221; custom_padding=&#8221;0px||0px&#8221;][et_pb_row custom_padding=&#8221;||0px&#8221; custom_margin=&#8221;||0px&#8221; _builder_version=&#8221;3.25&#8243;][et_pb_column type=&#8221;4_4&#8243; _builder_version=&#8221;3.25&#8243; custom_padding=&#8221;|||&#8221; custom_padding__hover=&#8221;|||&#8221;][et_pb_dmb_breadcrumbs use_home_icon=&#8221;off&#8221; _builder_version=&#8221;3.19.3&#8243; body_font=&#8221;|300|||||||&#8221; link_font=&#8221;||||||||&#8221; linkhover_font=&#8221;||||||||&#8221; custom_margin=&#8221;0px||0px&#8221; custom_padding=&#8221;0px||0px&#8221;][\/et_pb_dmb_breadcrumbs][\/et_pb_column][\/et_pb_row][\/et_pb_section][et_pb_section fb_built=&#8221;1&#8243; _builder_version=&#8221;3.22.3&#8243; custom_padding=&#8221;0px|||||&#8221;][et_pb_row custom_padding=&#8221;20px|0px|23.875px|0px&#8221; _builder_version=&#8221;3.25&#8243;][et_pb_column type=&#8221;4_4&#8243; _builder_version=&#8221;3.25&#8243; custom_padding=&#8221;|||&#8221; custom_padding__hover=&#8221;|||&#8221;][et_pb_text _builder_version=&#8221;3.0.106&#8243;]<\/p>\n<h2>Manufactura de Disipadores Extruidos a Medida<\/h2>\n<p>Si cuenta ya con un dise\u00f1o para sus disipadores, podemos ayudarle a producirlos. Nuestras plantas asociadas en India ofrecen una amplia gama de capacidades para proporcionarle la aleaci\u00f3n, el acabado superficial y las operaciones secundarias que necesita.<\/p>\n<p>La cantidad m\u00ednima de pedido para disipadores extruidos es de 1000 kg. Producir en India permite reducir considerablemente los costes sin merma de la buena calidad.<br \/>\n[\/et_pb_text][\/et_pb_column][\/et_pb_row][et_pb_row column_structure=&#8221;1_3,1_3,1_3&#8243; custom_padding=&#8221;0|0px|23.875px|0px&#8221; custom_margin=&#8221;0px|||&#8221; _builder_version=&#8221;3.25&#8243; background_size=&#8221;initial&#8221; background_position=&#8221;top_left&#8221; background_repeat=&#8221;repeat&#8221;][et_pb_column type=&#8221;1_3&#8243; _builder_version=&#8221;3.25&#8243; custom_padding=&#8221;|||&#8221; custom_padding__hover=&#8221;|||&#8221;][et_pb_text _builder_version=&#8221;3.0.106&#8243; custom_margin=&#8221;||10px|&#8221;]<\/p>\n<h2>Aleaci\u00f3n Elegida<\/h2>\n<p>[\/et_pb_text][et_pb_image src=&#8221;https:\/\/www.gabrian.com\/wp-content\/uploads\/2018\/07\/aluminum-billets-right-to-left-800&#215;240.jpg&#8221; align_tablet=&#8221;center&#8221; align_last_edited=&#8221;on|desktop&#8221; _builder_version=&#8221;3.25.3&#8243; box_shadow_style=&#8221;preset2&#8243;][\/et_pb_image][et_pb_text _builder_version=&#8221;3.0.106&#8243; text_font=&#8221;||||||||&#8221; link_font=&#8221;||||||||&#8221; ul_font=&#8221;||||||||&#8221; ol_font=&#8221;||||||||&#8221; quote_font=&#8221;||||||||&#8221;]Las aleaciones de aluminio de la serie 6000 ofrecen buena conductividad t\u00e9rmica, est\u00e1n generalmente disponibles y son bastante resistentes. Tambi\u00e9n se prestan bien a la extrusi\u00f3n. Las aleaciones m\u00e1s habituales en disipadores extruidos son la 6061 y la 6063. Nuestras plantas asociadas tienen capacidad para extruir en estas aleaciones o en la que ud. elija, y sus fundiciones propias ofrecen una gama amplia de opciones a clientes con pedidos medianos o grandes. H\u00e1ganos saber la aleaci\u00f3n y el templado que prefiere.<br \/>\n[\/et_pb_text][et_pb_button button_url=&#8221;\/aluminum-extrusions-contact-us\/&#8221; button_text=&#8221;Hablemos de Su Proyecto&#8221; _builder_version=&#8221;3.16&#8243; button_text_size__hover_enabled=&#8221;off&#8221; button_one_text_size__hover_enabled=&#8221;off&#8221; button_two_text_size__hover_enabled=&#8221;off&#8221; button_text_color__hover_enabled=&#8221;off&#8221; button_one_text_color__hover_enabled=&#8221;off&#8221; button_two_text_color__hover_enabled=&#8221;off&#8221; button_border_width__hover_enabled=&#8221;off&#8221; button_one_border_width__hover_enabled=&#8221;off&#8221; button_two_border_width__hover_enabled=&#8221;off&#8221; button_border_color__hover_enabled=&#8221;off&#8221; button_one_border_color__hover_enabled=&#8221;off&#8221; button_two_border_color__hover_enabled=&#8221;off&#8221; button_border_radius__hover_enabled=&#8221;off&#8221; button_one_border_radius__hover_enabled=&#8221;off&#8221; button_two_border_radius__hover_enabled=&#8221;off&#8221; button_letter_spacing__hover_enabled=&#8221;off&#8221; button_one_letter_spacing__hover_enabled=&#8221;off&#8221; button_two_letter_spacing__hover_enabled=&#8221;off&#8221; button_bg_color__hover_enabled=&#8221;off&#8221; button_one_bg_color__hover_enabled=&#8221;off&#8221; button_two_bg_color__hover_enabled=&#8221;off&#8221;][\/et_pb_button][\/et_pb_column][et_pb_column type=&#8221;1_3&#8243; _builder_version=&#8221;3.25&#8243; custom_padding=&#8221;|||&#8221; custom_padding__hover=&#8221;|||&#8221;][et_pb_text _builder_version=&#8221;3.0.106&#8243; custom_margin=&#8221;||10px|&#8221;]<\/p>\n<h2>Acabado Superficial<\/h2>\n<p>[\/et_pb_text][et_pb_image src=&#8221;https:\/\/www.gabrian.com\/wp-content\/uploads\/2018\/07\/blue-heat-sink-fins-right-to-left-800&#215;240.jpg&#8221; align_tablet=&#8221;center&#8221; align_last_edited=&#8221;on|desktop&#8221; _builder_version=&#8221;3.25.3&#8243; box_shadow_style=&#8221;preset2&#8243;][\/et_pb_image][et_pb_text _builder_version=&#8221;3.0.106&#8243;]Ofrecemos una serie de opciones de acabado. Una de las m\u00e1s comunes en los disipadores es la anodizaci\u00f3n. Este proceso electroqu\u00edmico aumenta la emisividad superficial, la resistencia a la corrosi\u00f3n y el aislamiento el\u00e9ctrico. No se recomiendan recubrimientos como pintura o lacado, pues act\u00faan como aislantes. En nuestras plantas anodizamos disipadores con tintes de color. H\u00e1ganos saber sus preferencias.<br \/>\n[\/et_pb_text][\/et_pb_column][et_pb_column type=&#8221;1_3&#8243; _builder_version=&#8221;3.25&#8243; custom_padding=&#8221;|||&#8221; custom_padding__hover=&#8221;|||&#8221;][et_pb_text _builder_version=&#8221;3.0.106&#8243; custom_margin=&#8221;||10px|&#8221;]<\/p>\n<h2>Trabajos Posteriores y Secundarios<\/h2>\n<p>[\/et_pb_text][et_pb_image src=&#8221;https:\/\/www.gabrian.com\/wp-content\/uploads\/2018\/07\/pins-on-extruded-and-machined-heat-sink-800&#215;240.jpg&#8221; align_tablet=&#8221;center&#8221; align_last_edited=&#8221;on|desktop&#8221; _builder_version=&#8221;3.23&#8243; box_shadow_style=&#8221;preset2&#8243;][\/et_pb_image][et_pb_text _builder_version=&#8221;3.0.106&#8243;]Un modo de maximizar el \u00e1rea superficial de los disipadores extruidos es el fresado posterior a la extrusi\u00f3n. El mecanizado por control num\u00e9rico es un m\u00e9todo muy preciso para convertir las aletas de los disipadores extruidos en agujas. Estas maximizan la disipaci\u00f3n del calor, haciendo m\u00e1s eficaces los disipadores. Adem\u00e1s, podemos realizar otras operaciones secundarias como perforado, estampado y corte. Hable con nosotros y d\u00edganos qu\u00e9 operaciones secundarias puede requerir su proyecto.<br \/>\n[\/et_pb_text][\/et_pb_column][\/et_pb_row][et_pb_row custom_padding=&#8221;0|0px|23.875px|0px&#8221; custom_margin=&#8221;30px|||&#8221; _builder_version=&#8221;3.25&#8243; background_size=&#8221;initial&#8221; background_position=&#8221;top_left&#8221; background_repeat=&#8221;repeat&#8221;][et_pb_column type=&#8221;4_4&#8243; _builder_version=&#8221;3.25&#8243; custom_padding=&#8221;|||&#8221; custom_padding__hover=&#8221;|||&#8221;][et_pb_text _builder_version=&#8221;3.25.3&#8243;]<\/p>\n<h2>Troqueles para Disipadores Extruidos en Stock, m\u00e1s de 260 para Elegir<\/h2>\n<p>Si no tiene ya un dise\u00f1o propio, eche un vistazo a las m\u00e1s de 260 formas de disipadores en nuestro cat\u00e1logo. Estas formas se fabrican en nuestras plantas asociadas en Bangalore (India). Fabricamos extrusiones a medida, y puede elegir la aleaci\u00f3n y opciones de acabado. La cantidad m\u00ednima de pedido para disipadores extruidos es de 1000 kg.<br \/>\n[\/et_pb_text][\/et_pb_column][\/et_pb_row][et_pb_row column_structure=&#8221;1_3,1_3,1_3&#8243; custom_padding=&#8221;0|0px|27px|0px&#8221; custom_margin=&#8221;30px|||&#8221; _builder_version=&#8221;3.25&#8243; background_size=&#8221;initial&#8221; background_position=&#8221;top_left&#8221; background_repeat=&#8221;repeat&#8221;][et_pb_column type=&#8221;1_3&#8243; _builder_version=&#8221;3.25&#8243; custom_padding=&#8221;|||&#8221; custom_padding__hover=&#8221;|||&#8221;][et_pb_image src=&#8221;https:\/\/www.gabrian.com\/wp-content\/uploads\/2018\/05\/Screen-Shot-2018-05-28-at-9.27.52-PM.png&#8221; align_tablet=&#8221;center&#8221; align_last_edited=&#8221;on|desktop&#8221; _builder_version=&#8221;3.25.3&#8243;][\/et_pb_image][et_pb_image src=&#8221;https:\/\/www.gabrian.com\/wp-content\/uploads\/2018\/05\/Screen-Shot-2018-05-28-at-8.39.58-PM.png&#8221; align_tablet=&#8221;center&#8221; align_last_edited=&#8221;on|desktop&#8221; _builder_version=&#8221;3.23&#8243;][\/et_pb_image][\/et_pb_column][et_pb_column type=&#8221;1_3&#8243; _builder_version=&#8221;3.25&#8243; custom_padding=&#8221;|||&#8221; custom_padding__hover=&#8221;|||&#8221;][et_pb_image src=&#8221;https:\/\/www.gabrian.com\/wp-content\/uploads\/2018\/05\/Screen-Shot-2018-05-28-at-10.26.39-PM.png&#8221; align_tablet=&#8221;center&#8221; align_last_edited=&#8221;on|desktop&#8221; _builder_version=&#8221;3.23&#8243;][\/et_pb_image][et_pb_image src=&#8221;https:\/\/www.gabrian.com\/wp-content\/uploads\/2018\/05\/Screen-Shot-2018-05-28-at-10.21.03-PM.png&#8221; align_tablet=&#8221;center&#8221; align_last_edited=&#8221;on|desktop&#8221; _builder_version=&#8221;3.23&#8243;][\/et_pb_image][\/et_pb_column][et_pb_column type=&#8221;1_3&#8243; _builder_version=&#8221;3.25&#8243; custom_padding=&#8221;|||&#8221; custom_padding__hover=&#8221;|||&#8221;][et_pb_image src=&#8221;https:\/\/www.gabrian.com\/wp-content\/uploads\/2018\/05\/Screen-Shot-2018-05-28-at-9.29.56-PM.png&#8221; align_tablet=&#8221;center&#8221; align_last_edited=&#8221;on|desktop&#8221; _builder_version=&#8221;3.23&#8243;][\/et_pb_image][et_pb_image src=&#8221;https:\/\/www.gabrian.com\/wp-content\/uploads\/2018\/05\/Screen-Shot-2018-05-28-at-9.30.16-PM.png&#8221; align_tablet=&#8221;center&#8221; align_last_edited=&#8221;on|desktop&#8221; _builder_version=&#8221;3.23&#8243;][\/et_pb_image][\/et_pb_column][\/et_pb_row][et_pb_row custom_margin=&#8221;0px|||&#8221; _builder_version=&#8221;3.25&#8243; background_size=&#8221;initial&#8221; background_position=&#8221;top_left&#8221; background_repeat=&#8221;repeat&#8221;][et_pb_column type=&#8221;4_4&#8243; _builder_version=&#8221;3.25&#8243; custom_padding=&#8221;|||&#8221; custom_padding__hover=&#8221;|||&#8221;][et_pb_button button_url=&#8221;\/extruded-heat-sink-catalog\/&#8221; button_text=&#8221;Vea nuestro cat\u00e1logo&#8221; button_alignment=&#8221;left&#8221; _builder_version=&#8221;3.16&#8243; button_text_size__hover_enabled=&#8221;off&#8221; button_one_text_size__hover_enabled=&#8221;off&#8221; button_two_text_size__hover_enabled=&#8221;off&#8221; button_text_color__hover_enabled=&#8221;off&#8221; button_one_text_color__hover_enabled=&#8221;off&#8221; button_two_text_color__hover_enabled=&#8221;off&#8221; button_border_width__hover_enabled=&#8221;off&#8221; button_one_border_width__hover_enabled=&#8221;off&#8221; button_two_border_width__hover_enabled=&#8221;off&#8221; button_border_color__hover_enabled=&#8221;off&#8221; button_one_border_color__hover_enabled=&#8221;off&#8221; button_two_border_color__hover_enabled=&#8221;off&#8221; button_border_radius__hover_enabled=&#8221;off&#8221; button_one_border_radius__hover_enabled=&#8221;off&#8221; button_two_border_radius__hover_enabled=&#8221;off&#8221; button_letter_spacing__hover_enabled=&#8221;off&#8221; button_one_letter_spacing__hover_enabled=&#8221;off&#8221; button_two_letter_spacing__hover_enabled=&#8221;off&#8221; button_bg_color__hover_enabled=&#8221;off&#8221; button_one_bg_color__hover_enabled=&#8221;off&#8221; button_two_bg_color__hover_enabled=&#8221;off&#8221;][\/et_pb_button][\/et_pb_column][\/et_pb_row][et_pb_row custom_padding=&#8221;20px|20px|20px|20px&#8221; custom_margin=&#8221;20px|||&#8221; _builder_version=&#8221;3.25&#8243; background_color=&#8221;#f4f4f4&#8243; box_shadow_style=&#8221;preset2&#8243;][et_pb_column type=&#8221;4_4&#8243; _builder_version=&#8221;3.25&#8243; custom_padding=&#8221;|||&#8221; custom_padding__hover=&#8221;|||&#8221;][et_pb_text admin_label=&#8221;Text: About Our Factories&#8221; _builder_version=&#8221;3.14&#8243;]<\/p>\n<h2>Plantas de Extrusi\u00f3n de Primera en India<\/h2>\n<p>\u00bfQuiere reducir sus costes sin merma de la calidad, y sin los dolores de cabeza que produce una comunicaci\u00f3n deficiente? Nuestras plantas de extrusi\u00f3n asociadas en India son de primera l\u00ednea y est\u00e1n plenamente contrastadas. Las plantas, situadas en Bangalore e Hyderabad, cuentan con equipo y personal del mayor nivel. Nuestro equipo de proyectos dirigido por occidentales est\u00e1 sobre el terreno en Asia para ayudar a asegurar que su proyecto se desarrolla sin contratiempos. As\u00ed, recibir\u00e1 sus perfiles a tiempo y con las especificaciones exactas. Cont\u00e1ctenos acerca de los disipadores de su proyecto.<br \/>\n[\/et_pb_text][et_pb_gallery gallery_ids=&#8221;11623,11624,11612&#8243; gallery_orderby=&#8221;rand&#8221; posts_number=&#8221;3&#8243; show_title_and_caption=&#8221;off&#8221; admin_label=&#8221;Gallery: Factory Images&#8221; _builder_version=&#8221;3.0.89&#8243; custom_margin=&#8221;||0px|&#8221; custom_padding=&#8221;||0px|&#8221; pagination_font_size_tablet=&#8221;51&#8243; pagination_line_height_tablet=&#8221;2&#8243;][\/et_pb_gallery][\/et_pb_column][\/et_pb_row][et_pb_row _builder_version=&#8221;3.25&#8243; background_size=&#8221;initial&#8221; background_position=&#8221;top_left&#8221; background_repeat=&#8221;repeat&#8221;][et_pb_column type=&#8221;4_4&#8243; _builder_version=&#8221;3.25&#8243; custom_padding=&#8221;|||&#8221; custom_padding__hover=&#8221;|||&#8221;][et_pb_text _builder_version=&#8221;3.0.106&#8243; custom_margin=&#8221;30px|||&#8221;]<\/p>\n<h2>Art\u00edculos Recientes del Blog<\/h2>\n<p>Publicamos regularmente contenido \u00fatil para ingenieros de dise\u00f1o y profesionales del aprovisionamiento a la hora de obtener los mejores resultados en sus proyectos con extrusiones. Aqu\u00ed est\u00e1n algunos de los \u00faltimos posts sobre disipadores de aluminio extruido en nuestro blog.<br \/>\n[\/et_pb_text][et_pb_blog fullwidth=&#8221;off&#8221; posts_number=&#8221;3&#8243; include_categories=&#8221;45,44&#8243; show_author=&#8221;off&#8221; show_date=&#8221;off&#8221; show_categories=&#8221;off&#8221; _builder_version=&#8221;3.18.8&#8243; box_shadow_style=&#8221;preset2&#8243; pagination_font_size_tablet=&#8221;51&#8243; pagination_line_height_tablet=&#8221;2&#8243;][\/et_pb_blog][\/et_pb_column][\/et_pb_row][\/et_pb_section]<\/p>\n","protected":false},"excerpt":{"rendered":"<p>La extrusi\u00f3n del aluminio es el procedimiento m\u00e1s habitual para producir disipadores. Es un proceso econ\u00f3mico, y es sencillo fabricarlos a medida. Los disipadores de aluminio suponen un ahorro de peso considerable comprado con los de cobre. Manufactura de Disipadores Extruidos a Medida Si cuenta ya con un dise\u00f1o para sus disipadores, podemos ayudarle a [&hellip;]<\/p>\n","protected":false},"author":2,"featured_media":0,"parent":12759,"menu_order":0,"comment_status":"closed","ping_status":"closed","template":"","meta":{"_et_pb_use_builder":"on","_et_pb_old_content":"","_et_gb_content_width":"","content-type":"","footnotes":""},"ppma_author":[94],"class_list":["post-12417","page","type-page","status-publish","hentry"],"_links":{"self":[{"href":"https:\/\/www.gabrian.com\/es\/wp-json\/wp\/v2\/pages\/12417","targetHints":{"allow":["GET"]}}],"collection":[{"href":"https:\/\/www.gabrian.com\/es\/wp-json\/wp\/v2\/pages"}],"about":[{"href":"https:\/\/www.gabrian.com\/es\/wp-json\/wp\/v2\/types\/page"}],"author":[{"embeddable":true,"href":"https:\/\/www.gabrian.com\/es\/wp-json\/wp\/v2\/users\/2"}],"replies":[{"embeddable":true,"href":"https:\/\/www.gabrian.com\/es\/wp-json\/wp\/v2\/comments?post=12417"}],"version-history":[{"count":4,"href":"https:\/\/www.gabrian.com\/es\/wp-json\/wp\/v2\/pages\/12417\/revisions"}],"predecessor-version":[{"id":12763,"href":"https:\/\/www.gabrian.com\/es\/wp-json\/wp\/v2\/pages\/12417\/revisions\/12763"}],"up":[{"embeddable":true,"href":"https:\/\/www.gabrian.com\/es\/wp-json\/wp\/v2\/pages\/12759"}],"wp:attachment":[{"href":"https:\/\/www.gabrian.com\/es\/wp-json\/wp\/v2\/media?parent=12417"}],"wp:term":[{"taxonomy":"author","embeddable":true,"href":"https:\/\/www.gabrian.com\/es\/wp-json\/wp\/v2\/ppma_author?post=12417"}],"curies":[{"name":"wp","href":"https:\/\/api.w.org\/{rel}","templated":true}]}}