{"id":12420,"date":"2019-06-29T03:01:40","date_gmt":"2019-06-28T22:01:40","guid":{"rendered":"https:\/\/www.gabrian.com\/torneado-cnc\/"},"modified":"2019-06-29T03:01:47","modified_gmt":"2019-06-28T22:01:47","slug":"torneado-cnc","status":"publish","type":"page","link":"https:\/\/www.gabrian.com\/es\/torneado-cnc\/","title":{"rendered":"Torneado CNC"},"content":{"rendered":"<p>[et_pb_section bb_built=&#8221;1&#8243; admin_label=&#8221;section&#8221; fullwidth=&#8221;on&#8221; specialty=&#8221;off&#8221; background_image=&#8221;http:\/\/www.gabrian.com\/wp-content\/uploads\/2015\/08\/header_banner_design.jpg&#8221; transparent_background=&#8221;off&#8221; background_color=&#8221;#ffffff&#8221; allow_player_pause=&#8221;off&#8221; inner_shadow=&#8221;off&#8221; parallax=&#8221;off&#8221; parallax_method=&#8221;off&#8221;][et_pb_fullwidth_slider show_arrows=&#8221;on&#8221; show_pagination=&#8221;on&#8221; auto=&#8221;off&#8221; parallax=&#8221;on&#8221; parallax_method=&#8221;off&#8221; _builder_version=&#8221;3.0.51&#8243; remove_inner_shadow=&#8221;off&#8221; custom_button=&#8221;off&#8221; button_letter_spacing=&#8221;0&#8243; button_icon_placement=&#8221;right&#8221; button_letter_spacing_hover=&#8221;0&#8243; auto_ignore_hover=&#8221;off&#8221; hide_content_on_mobile=&#8221;off&#8221; hide_cta_on_mobile=&#8221;off&#8221; show_image_video_mobile=&#8221;off&#8221; show_inner_shadow=&#8221;off&#8221; show_content_on_mobile=&#8221;off&#8221; show_cta_on_mobile=&#8221;off&#8221; custom_padding=&#8221;|||&#8221; custom_padding_tablet=&#8221;|||&#8221; custom_padding_phone=&#8221;|||&#8221;] [et_pb_slide heading=&#8221;Torneado CNC&#8221; button_text=&#8221;P\u00f3ngase en contacto hoy!&#8221; button_link=&#8221;\/?page_id=764&#8243; background_image=&#8221;https:\/\/www.gabrian.com\/wp-content\/uploads\/2015\/08\/cnc-machining-001.jpg&#8221; background_color=&#8221;#ffffff&#8221; alignment=&#8221;center&#8221; background_layout=&#8221;dark&#8221; allow_player_pause=&#8221;off&#8221; use_background_color_gradient=&#8221;off&#8221; background_color_gradient_start=&#8221;#2b87da&#8221; background_color_gradient_end=&#8221;#29c4a9&#8243; background_color_gradient_type=&#8221;linear&#8221; background_color_gradient_direction=&#8221;180deg&#8221; background_color_gradient_direction_radial=&#8221;center&#8221; background_color_gradient_start_position=&#8221;0%&#8221; background_color_gradient_end_position=&#8221;100%&#8221; parallax=&#8221;off&#8221; parallax_method=&#8221;off&#8221; background_position=&#8221;center&#8221; background_size=&#8221;cover&#8221; background_repeat=&#8221;no-repeat&#8221; background_blend=&#8221;normal&#8221; use_bg_overlay=&#8221;off&#8221; use_text_overlay=&#8221;off&#8221; text_border_radius=&#8221;3&#8243; header_font_select=&#8221;default&#8221; header_font=&#8221;||||&#8221; body_font_select=&#8221;default&#8221; body_font=&#8221;||||&#8221; custom_button=&#8221;off&#8221; button_font_select=&#8221;default&#8221; button_font=&#8221;||||&#8221; button_use_icon=&#8221;default&#8221; button_icon_placement=&#8221;right&#8221; button_on_hover=&#8221;on&#8221; \/] [\/et_pb_fullwidth_slider][\/et_pb_section][et_pb_section bb_built=&#8221;1&#8243; admin_label=&#8221;section&#8221; fullwidth=&#8221;off&#8221; specialty=&#8221;off&#8221;][et_pb_row admin_label=&#8221;row&#8221; background_position=&#8221;top_left&#8221; background_repeat=&#8221;repeat&#8221; background_size=&#8221;initial&#8221;][et_pb_column type=&#8221;4_4&#8243;][et_pb_text background_layout=&#8221;light&#8221; text_orientation=&#8221;center&#8221; background_position=&#8221;top_left&#8221; background_repeat=&#8221;repeat&#8221; background_size=&#8221;initial&#8221; module_alignment=&#8221;center&#8221;]<\/p>\n<p style=\"text-align: justify;\">Gabrian se ha asociado con empresas l\u00edderes en fabricaci\u00f3n de chapa y torneado CNC tanto de China como de India. Nuestra gama de capacidades va desde el corte a l\u00e1ser o plasma y el plegado de metales al perforado y torneado CNC, soldadura y acabado.<\/p>\n<p style=\"text-align: justify;\">Contamos con una larga experiencia suministrando a fabricantes de equipos, empresas automotrices y aeroespaciales, la industria de la seguridad y una amplia gama de otros fabricantes. Perm\u00edtanos ofrecerle nuestros conocimientos y a\u00f1os de experiencia para asegurarse de que sus proyectos de fabricaci\u00f3n de metales a medida reciben el mayor nivel de atenci\u00f3n posible.<\/p>\n<p>[\/et_pb_text][\/et_pb_column][\/et_pb_row][et_pb_row admin_label=&#8221;row&#8221; background_position=&#8221;top_left&#8221; background_repeat=&#8221;repeat&#8221; background_size=&#8221;initial&#8221;][et_pb_column type=&#8221;1_4&#8243;][et_pb_blurb title=&#8221;Partes Complejas&#8221; url_new_window=&#8221;off&#8221; use_icon=&#8221;on&#8221; font_icon=&#8221;\ue037&#8221; icon_color=&#8221;#ffffff&#8221; use_circle=&#8221;on&#8221; circle_color=&#8221;#81d742&#8243; use_circle_border=&#8221;off&#8221; circle_border_color=&#8221;#14b200&#8243; icon_placement=&#8221;top&#8221; animation=&#8221;off&#8221; background_layout=&#8221;light&#8221; text_orientation=&#8221;center&#8221; use_icon_font_size=&#8221;off&#8221; use_border_color=&#8221;off&#8221; border_color=&#8221;#ffffff&#8221; border_style=&#8221;solid&#8221; background_position=&#8221;top_left&#8221; background_repeat=&#8221;repeat&#8221; background_size=&#8221;initial&#8221;]<\/p>\n<p style=\"text-align: center;\">\u00bfTiene un dise\u00f1o complejo? \u00bfTolerancias cr\u00edticas? Trabajamos con ud. para resolver cualquier desaf\u00edo t\u00e9cnico antes de la producci\u00f3n, y ofrecerle las soluciones prometidas.<\/p>\n<p>&nbsp;<\/p>\n<p>[\/et_pb_blurb][\/et_pb_column][et_pb_column type=&#8221;1_4&#8243;][et_pb_blurb title=&#8221;Entrega R\u00e1pida&#8221; url_new_window=&#8221;off&#8221; use_icon=&#8221;on&#8221; font_icon=&#8221;%%227%%&#8221; icon_color=&#8221;#81d742&#8243; use_circle=&#8221;off&#8221; circle_color=&#8221;#81d742&#8243; use_circle_border=&#8221;off&#8221; icon_placement=&#8221;top&#8221; use_icon_font_size=&#8221;off&#8221; background_layout=&#8221;light&#8221; text_orientation=&#8221;center&#8221; border_style=&#8221;solid&#8221; animation=&#8221;off&#8221; background_position=&#8221;top_left&#8221; background_repeat=&#8221;repeat&#8221; background_size=&#8221;initial&#8221; _builder_version=&#8221;3.0.76&#8243; max_width_tablet=&#8221;50px&#8221;]<\/p>\n<p>La urgencia en la producci\u00f3n y los prototipos es nuestro quehacer diario. Entregamos sus partes en poco tiempo y con la calidad esperada en EEUU, Europa, Australia y todos los dem\u00e1s lugares del planeta.<\/p>\n<p>[\/et_pb_blurb][\/et_pb_column][et_pb_column type=&#8221;1_4&#8243;][et_pb_blurb title=&#8221;Acabados de Producci\u00f3n&#8221; url_new_window=&#8221;off&#8221; use_icon=&#8221;on&#8221; font_icon=&#8221;%%336%%&#8221; icon_color=&#8221;#81d742&#8243; use_circle=&#8221;off&#8221; use_circle_border=&#8221;off&#8221; icon_placement=&#8221;top&#8221; use_icon_font_size=&#8221;off&#8221; background_layout=&#8221;light&#8221; text_orientation=&#8221;center&#8221; border_style=&#8221;solid&#8221; animation=&#8221;off&#8221; background_position=&#8221;top_left&#8221; background_repeat=&#8221;repeat&#8221; background_size=&#8221;initial&#8221; _builder_version=&#8221;3.0.76&#8243; max_width_tablet=&#8221;50px&#8221;]<\/p>\n<p style=\"text-align: center;\">Buscamos ofrecerle acabados de calidad por medio del arenado, pulido, la pintura, la impresi\u00f3n, el lacado y otros. Si dise\u00f1a para est\u00e1ndares de la industria, podemos hacerlo.<\/p>\n<p>[\/et_pb_blurb][\/et_pb_column][et_pb_column type=&#8221;1_4&#8243;][et_pb_blurb title=&#8221;Inspecci\u00f3n&#8221; url_new_window=&#8221;off&#8221; use_icon=&#8221;on&#8221; font_icon=&#8221;U&#8221; icon_color=&#8221;#ffffff&#8221; use_circle=&#8221;on&#8221; circle_color=&#8221;#81d742&#8243; use_circle_border=&#8221;off&#8221; circle_border_color=&#8221;#14b200&#8243; icon_placement=&#8221;top&#8221; animation=&#8221;off&#8221; background_layout=&#8221;light&#8221; text_orientation=&#8221;center&#8221; background_position=&#8221;top_left&#8221; background_repeat=&#8221;repeat&#8221; background_size=&#8221;initial&#8221;]<\/p>\n<p style=\"text-align: center;\">Empleamos el mejor equipo y personal de todo el mundo para asegurarnos de satisfacer y superar loa m\u00e1ximos niveles internacionales de calidad. <\/p>\n<p>[\/et_pb_blurb][\/et_pb_column][\/et_pb_row][et_pb_row admin_label=&#8221;row&#8221; background_position=&#8221;top_left&#8221; background_repeat=&#8221;repeat&#8221; background_size=&#8221;initial&#8221;][et_pb_column type=&#8221;1_2&#8243;][et_pb_text background_layout=&#8221;light&#8221; text_orientation=&#8221;left&#8221; background_position=&#8221;top_left&#8221; background_repeat=&#8221;repeat&#8221; background_size=&#8221;initial&#8221; module_alignment=&#8221;left&#8221;]<\/p>\n<p style=\"text-align: justify;\">Suministramos a nuestros clientes componentes mecanizados, fresados torneados por control num\u00e9rico hechos por forja, fundici\u00f3n a presi\u00f3n, a partir de barras, etc. Servimos a nuestros clientes proporcion\u00e1ndoles componentes de calidad trabajados con precisi\u00f3n, y lo hacemos gracias a la amplitud de nuestros conocimientos y experiencia y nivel contrastado de calidad. Ofrecemos nuestra experiencia en partes de peque\u00f1as a grandes en nuestros centros de vanguardia de mecanizado CNC horizontal, vertical y torneado y equipo de 5 ejes. Todo el mecanizado y las fijaciones son de dise\u00f1o y fabricaci\u00f3n propios, lo cual nos permite proporcionar a nuestros clientes servicios de desarrollo r\u00e1pido y prototipos.<\/p>\n<p style=\"text-align: center;\">[\/et_pb_text][\/et_pb_column][et_pb_column type=&#8221;1_4&#8243;][et_pb_text background_layout=&#8221;light&#8221; text_orientation=&#8221;left&#8221; background_position=&#8221;top_left&#8221; background_repeat=&#8221;repeat&#8221; background_size=&#8221;initial&#8221; module_alignment=&#8221;left&#8221;]<\/p>\n<h2 style=\"text-align: center;\">Partes Fresadas<\/h2>\n<p style=\"text-align: justify;\">El fresado CNC nos permite trabajar con rapidez y precisi\u00f3n partes a partir del material elegido, sea en pl\u00e1stico o metal. Las formas 2D y 3D se fabrican f\u00e1cilmente con una precisi\u00f3n y acabado superficial de alto nivel.<\/p>\n<p style=\"text-align: center;\">[\/et_pb_text][\/et_pb_column][et_pb_column type=&#8221;1_4&#8243;][et_pb_text background_layout=&#8221;light&#8221; text_orientation=&#8221;left&#8221; background_position=&#8221;top_left&#8221; background_repeat=&#8221;repeat&#8221; background_size=&#8221;initial&#8221; module_alignment=&#8221;left&#8221;]<\/p>\n<h2 style=\"text-align: center;\">Partes Torneadas<\/h2>\n<p style=\"text-align: justify;\">Se pueden tornear toda una serie de pl\u00e1sticos, aluminio, acero, acero inoxidable, titanio, lat\u00f3n y cobre. Nuestros tornos CNC permiten torneados veloces y de alta calidad tanto de pl\u00e1sticos como de metales.<\/p>\n<p style=\"text-align: center;\">[\/et_pb_text][\/et_pb_column][\/et_pb_row][\/et_pb_section]<\/p>\n","protected":false},"excerpt":{"rendered":"<p>Gabrian se ha asociado con empresas l\u00edderes en fabricaci\u00f3n de chapa y torneado CNC tanto de China como de India. Nuestra gama de capacidades va desde el corte a l\u00e1ser o plasma y el plegado de metales al perforado y torneado CNC, soldadura y acabado. Contamos con una larga experiencia suministrando a fabricantes de equipos, [&hellip;]<\/p>\n","protected":false},"author":2,"featured_media":22582,"parent":0,"menu_order":0,"comment_status":"open","ping_status":"open","template":"","meta":{"_et_pb_use_builder":"on","_et_pb_old_content":"","_et_gb_content_width":"","content-type":"","footnotes":""},"ppma_author":[94],"class_list":["post-12420","page","type-page","status-publish","has-post-thumbnail","hentry"],"_links":{"self":[{"href":"https:\/\/www.gabrian.com\/es\/wp-json\/wp\/v2\/pages\/12420","targetHints":{"allow":["GET"]}}],"collection":[{"href":"https:\/\/www.gabrian.com\/es\/wp-json\/wp\/v2\/pages"}],"about":[{"href":"https:\/\/www.gabrian.com\/es\/wp-json\/wp\/v2\/types\/page"}],"author":[{"embeddable":true,"href":"https:\/\/www.gabrian.com\/es\/wp-json\/wp\/v2\/users\/2"}],"replies":[{"embeddable":true,"href":"https:\/\/www.gabrian.com\/es\/wp-json\/wp\/v2\/comments?post=12420"}],"version-history":[{"count":2,"href":"https:\/\/www.gabrian.com\/es\/wp-json\/wp\/v2\/pages\/12420\/revisions"}],"predecessor-version":[{"id":12422,"href":"https:\/\/www.gabrian.com\/es\/wp-json\/wp\/v2\/pages\/12420\/revisions\/12422"}],"wp:featuredmedia":[{"embeddable":true,"href":"https:\/\/www.gabrian.com\/es\/wp-json\/wp\/v2\/media\/22582"}],"wp:attachment":[{"href":"https:\/\/www.gabrian.com\/es\/wp-json\/wp\/v2\/media?parent=12420"}],"wp:term":[{"taxonomy":"author","embeddable":true,"href":"https:\/\/www.gabrian.com\/es\/wp-json\/wp\/v2\/ppma_author?post=12420"}],"curies":[{"name":"wp","href":"https:\/\/api.w.org\/{rel}","templated":true}]}}