{"id":12423,"date":"2019-06-29T03:11:36","date_gmt":"2019-06-28T22:11:36","guid":{"rendered":"https:\/\/www.gabrian.com\/moldeo-de-plastico-por-inyeccion\/"},"modified":"2019-06-29T03:11:38","modified_gmt":"2019-06-28T22:11:38","slug":"moldeo-de-plastico-por-inyeccion","status":"publish","type":"page","link":"https:\/\/www.gabrian.com\/es\/moldeo-de-plastico-por-inyeccion\/","title":{"rendered":"Moldeo de Pl\u00e1stico por Inyecci\u00f3n"},"content":{"rendered":"<p>[et_pb_section fb_built=&#8221;1&#8243; fullwidth=&#8221;on&#8221; admin_label=&#8221;section&#8221; _builder_version=&#8221;3.0.47&#8243;][et_pb_fullwidth_slider admin_label=&#8221;Fullwidth Slider&#8221; _builder_version=&#8221;3.0.47&#8243; parallax=&#8221;on&#8221; custom_padding=&#8221;|||&#8221; custom_padding_tablet=&#8221;|||&#8221; custom_padding_phone=&#8221;|||&#8221;][et_pb_slide heading=&#8221;Moldeo de Pl\u00e1stico por Inyecci\u00f3n&#8221; button_text=&#8221;P\u00f3ngase en contacto hoy!&#8221; button_link=&#8221;\/?page_id=764&#8243; _builder_version=&#8221;3.0.47&#8243; background_image=&#8221;https:\/\/www.gabrian.com\/wp-content\/uploads\/2015\/08\/plastic-injection-Part.jpg&#8221;][\/et_pb_slide][\/et_pb_fullwidth_slider][\/et_pb_section][et_pb_section fb_built=&#8221;1&#8243; admin_label=&#8221;section&#8221; _builder_version=&#8221;3.0.47&#8243;][et_pb_row admin_label=&#8221;row&#8221; _builder_version=&#8221;3.0.47&#8243; background_size=&#8221;initial&#8221; background_position=&#8221;top_left&#8221; background_repeat=&#8221;repeat&#8221; _i=&#8221;0&#8243; _address=&#8221;1.0&#8243;][et_pb_column type=&#8221;4_4&#8243; _builder_version=&#8221;3.0.47&#8243; parallax=&#8221;off&#8221; parallax_method=&#8221;on&#8221;][et_pb_text admin_label=&#8221;Text&#8221; _builder_version=&#8221;3.0.47&#8243; background_size=&#8221;initial&#8221; background_position=&#8221;top_left&#8221; background_repeat=&#8221;repeat&#8221; text_orientation=&#8221;center&#8221; module_alignment=&#8221;center&#8221; _i=&#8221;0&#8243; _address=&#8221;1.0.0.0&#8243;]<\/p>\n<p style=\"text-align: justify;\">Gabrian International cuenta con una vasta experiencia en la manufactura, dise\u00f1o, moldeado y montaje de productos pl\u00e1sticos. Nuestros departamentos avanzados de maquinado y control de calidad nos permiten fabricar moldes complejos y piezas de precisi\u00f3n. Nuestra f\u00e1brica tiene la certificaci\u00f3n ISO 9001: 2000. En 2002 recibimos la certificaci\u00f3n UL, y estamos aprobados para ISO 14001 y OHSAS 18001.<\/p>\n<p style=\"text-align: justify;\">Nuestra gama de m\u00e1quinas de inyecci\u00f3n cubre desde 50 a 350 toneladas, y tenemos experiencia en el moldeado de una gama completa de compuestos pl\u00e1sticos. Ofrecemos tambi\u00e9n estampado en caliente, tampograf\u00eda, soldadura ultras\u00f3nica, serigraf\u00eda y pulverizado, goma l\u00edquida e hidroimpresi\u00f3n.<\/p>\n<p style=\"text-align: justify;\">Esta es <a href=\"\/wp-content\/uploads\/2015\/08\/Equipment-List-Plastic-Injection-Molding.ppt\" target=\"_blank\" rel=\"noopener noreferrer\">nuestra lista de equipos<\/a><\/p>\n<p>[\/et_pb_text][et_pb_text admin_label=&#8221;Text&#8221; _builder_version=&#8221;3.0.47&#8243; background_size=&#8221;initial&#8221; background_position=&#8221;top_left&#8221; background_repeat=&#8221;repeat&#8221; _i=&#8221;1&#8243; _address=&#8221;1.0.0.1&#8243;]<\/p>\n<h2 style=\"text-align: justify;\">Soluciones de montaje<\/h2>\n<p style=\"text-align: justify;\">Desde los prototipos y el maquinado al acabado, montaje y empaquetado, HTI lo hace todo. Entre nuestras aplicaciones secundarias se cuentan:<\/p>\n<ul>\n<li style=\"text-align: justify;\">Moldeado por Inserci\u00f3n<\/li>\n<li style=\"text-align: justify;\">Sobremoldeado<\/li>\n<li style=\"text-align: justify;\">Entorno de Montaje Limpio<\/li>\n<li style=\"text-align: justify;\">Soldadura Ultras\u00f3nica<\/li>\n<li style=\"text-align: justify;\">Medici\u00f3n Autom\u00e1tica por Videoscopio<\/li>\n<li style=\"text-align: justify;\">Estampado en Caliente<\/li>\n<li style=\"text-align: justify;\">C\u00f3digos de Barras<\/li>\n<li style=\"text-align: justify;\">Tampograf\u00eda<\/li>\n<li style=\"text-align: justify;\">Maquinado\/Roscado\/Perforado<\/li>\n<li style=\"text-align: justify;\">Empaquetado<\/li>\n<li style=\"text-align: justify;\">Env\u00edo<\/li>\n<li style=\"text-align: justify;\">Y Mucho M\u00e1s<\/li>\n<\/ul>\n<p>[\/et_pb_text][et_pb_text admin_label=&#8221;Text&#8221; _builder_version=&#8221;3.0.47&#8243; background_size=&#8221;initial&#8221; background_position=&#8221;top_left&#8221; background_repeat=&#8221;repeat&#8221; _i=&#8221;2&#8243; _address=&#8221;1.0.0.2&#8243;]<\/p>\n<h2 style=\"text-align: justify;\">Su presupuesto<\/h2>\n<p style=\"text-align: justify;\">Un archivo 3D es todo lo que necesita para iniciar el proceso. Env\u00ede uno a trav\u00e9s de nuestra p\u00e1gina web, por correo electr\u00f3nico o cont\u00e1ctenos.<\/p>\n<p style=\"text-align: justify;\">Modifique cantidades, materiales, acabados superficiales y m\u00e1s para encontrar la combinaci\u00f3n perfecta para su proyecto y su presupuesto \u2026 actualizados en tiempo real, en cualquier momento y lugar.<\/p>\n<p style=\"text-align: justify;\">Nuestros precios competitivos y procesos avanzados propios le permiten, como dise\u00f1ador, comparar r\u00e1pidamente precios y dar con la opci\u00f3n \u00f3ptima para sus necesidades de manufactura.<\/p>\n<p style=\"text-align: justify;\">Una vez aprobados, sus archivos se env\u00edan al departamento de dise\u00f1o de moldes donde empezamos a crear moldes con sus dimensiones exactas. A\u00f1os de experiencia nos han permitido refinar el proceso y desarrollar herramientas de precisi\u00f3n duraderas para el proceso de moldeo por inyecci\u00f3n, garantizando una calidad regula y partes de precisi\u00f3n de alta calidad.<\/p>\n<h2 style=\"text-align: justify;\">Su Molde<\/h2>\n<p style=\"text-align: justify;\">Una vez completado su dise\u00f1o, se env\u00eda a nuestro departamento de control num\u00e9rico de precisi\u00f3n, donde nuestras m\u00e1quinas de 3, 4 y 5 ejes comienzan el proceso de fresado de su molde. El uso de bloques de aluminio de alta calidad y procesos de maquinado avanzados nos permite crear herramientas a medida de forma r\u00e1pida y eficaz. El molde solo estar\u00e1 terminado cuando inspecciones detalladas confirmen que reproduce hasta el \u00faltimo detalle de sus partes pl\u00e1sticos de encargo.<\/p>\n<p style=\"text-align: justify;\">Podemos reducir el tiempo habitual de entre 6 y 18 semanas a apenas unos d\u00edas. Podemos entregar partes listas para la producci\u00f3n m\u00e1s r\u00e1pido y barato que nadie. <\/p>\n<h2 style=\"text-align: justify;\">Su Parte<\/h2>\n<p>Una vez listo su molde, se instala en una de nuestras m\u00e1quinas el\u00e9ctricas de moldeo por inyecci\u00f3n, y se carga el material elegido. El motor de procesos analiza r\u00e1pidamente los componentes clave del proceso de moldeo por inyecci\u00f3n para garantizar una producci\u00f3n igual y libre de tensiones de sus partes de encargo.<\/p>\n<p>Con nuestro enfoque del moldeo por inyecci\u00f3n, nuestro motor patentado de procesos minimiza las deformaciones, variaciones de tama\u00f1o y grietas para ofrecer siempre partes de calidad, homog\u00e9neas y libres de tensiones.<\/p>\n<p>[\/et_pb_text][\/et_pb_column][\/et_pb_row][et_pb_row admin_label=&#8221;row&#8221; _builder_version=&#8221;3.0.47&#8243; background_size=&#8221;initial&#8221; background_position=&#8221;top_left&#8221; background_repeat=&#8221;repeat&#8221; _i=&#8221;1&#8243; _address=&#8221;1.1&#8243;][et_pb_column type=&#8221;1_4&#8243; _builder_version=&#8221;3.0.47&#8243; parallax=&#8221;off&#8221; parallax_method=&#8221;on&#8221;][et_pb_blurb title=&#8221;Entrega R\u00e1pida&#8221; use_icon=&#8221;on&#8221; font_icon=&#8221;}&#8221; icon_color=&#8221;#ffffff&#8221; use_circle=&#8221;on&#8221; circle_color=&#8221;#81d742&#8243; _builder_version=&#8221;3.0.47&#8243; background_size=&#8221;initial&#8221; background_position=&#8221;top_left&#8221; background_repeat=&#8221;repeat&#8221; text_orientation=&#8221;center&#8221; animation=&#8221;off&#8221; _i=&#8221;0&#8243; _address=&#8221;1.1.0.0&#8243;]<\/p>\n<p style=\"text-align: center;\">Nuestro enfoque nos permite eliminar tiempos de comunicaci\u00f3n y espera innecesarios, y tambi\u00e9n crear programas de maquinado muy complejos r\u00e1pidamente. El tiempo es dinero.<\/p>\n<p>[\/et_pb_blurb][\/et_pb_column][et_pb_column type=&#8221;1_4&#8243; _builder_version=&#8221;3.0.47&#8243; parallax=&#8221;off&#8221; parallax_method=&#8221;on&#8221;][et_pb_blurb title=&#8221;Modificaci\u00f3n de Moldes&#8221; use_icon=&#8221;on&#8221; font_icon=&#8221;\ue036&#8221; icon_color=&#8221;#ffffff&#8221; use_circle=&#8221;on&#8221; circle_color=&#8221;#81d742&#8243; _builder_version=&#8221;3.0.47&#8243; background_size=&#8221;initial&#8221; background_position=&#8221;top_left&#8221; background_repeat=&#8221;repeat&#8221; text_orientation=&#8221;center&#8221; animation=&#8221;off&#8221; _i=&#8221;0&#8243; _address=&#8221;1.1.1.0&#8243;]<\/p>\n<p style=\"text-align: center;\">Los nuevos dise\u00f1os suelen requerir la modificaci\u00f3n de herramientas. En Gabrian incluimos ya una serie de modificaciones de herramientas para revisar dise\u00f1os. Encantados de ayudar.<\/p>\n<p>[\/et_pb_blurb][\/et_pb_column][et_pb_column type=&#8221;1_4&#8243; _builder_version=&#8221;3.0.47&#8243; parallax=&#8221;off&#8221; parallax_method=&#8221;on&#8221;][et_pb_blurb title=&#8221;Acabados de Producci\u00f3n&#8221; use_icon=&#8221;on&#8221; font_icon=&#8221;%%359%%&#8221; icon_color=&#8221;#ffffff&#8221; use_circle=&#8221;on&#8221; circle_color=&#8221;#81d742&#8243; _builder_version=&#8221;3.0.76&#8243; background_size=&#8221;initial&#8221; background_position=&#8221;top_left&#8221; background_repeat=&#8221;repeat&#8221; text_orientation=&#8221;center&#8221; _i=&#8221;0&#8243; _address=&#8221;1.1.2.0&#8243; animation=&#8221;off&#8221;]<\/p>\n<p style=\"text-align: center;\">Para prototipos y vol\u00famenes reducidos, nuestro objetivo es proporcionarle acabados con calidad de producci\u00f3n. Si dise\u00f1a para est\u00e1ndares de la industria, podemos hacerlo.<\/p>\n<p>[\/et_pb_blurb][\/et_pb_column][et_pb_column type=&#8221;1_4&#8243; _builder_version=&#8221;3.0.47&#8243; parallax=&#8221;off&#8221; parallax_method=&#8221;on&#8221;][et_pb_blurb title=&#8221;Precio Competitivo&#8221; use_icon=&#8221;on&#8221; font_icon=&#8221;\ue018&#8221; icon_color=&#8221;#ffffff&#8221; use_circle=&#8221;on&#8221; circle_color=&#8221;#81d742&#8243; _builder_version=&#8221;3.0.47&#8243; background_size=&#8221;initial&#8221; background_position=&#8221;top_left&#8221; background_repeat=&#8221;repeat&#8221; text_orientation=&#8221;center&#8221; animation=&#8221;off&#8221; _i=&#8221;0&#8243; _address=&#8221;1.1.3.0&#8243;]<\/p>\n<p style=\"text-align: center;\">Combinamos el ahorro en costes de Asia con las capacidades de nuestro equipo internacional de directivos e ingenieros para ofrecer el mejor rendimiento en su clase a un precio competitivo.<\/p>\n<p>[\/et_pb_blurb][\/et_pb_column][\/et_pb_row][\/et_pb_section]<\/p>\n","protected":false},"excerpt":{"rendered":"<p>Gabrian International cuenta con una vasta experiencia en la manufactura, dise\u00f1o, moldeado y montaje de productos pl\u00e1sticos. Nuestros departamentos avanzados de maquinado y control de calidad nos permiten fabricar moldes complejos y piezas de precisi\u00f3n. Nuestra f\u00e1brica tiene la certificaci\u00f3n ISO 9001: 2000. En 2002 recibimos la certificaci\u00f3n UL, y estamos aprobados para ISO 14001 [&hellip;]<\/p>\n","protected":false},"author":2,"featured_media":0,"parent":0,"menu_order":0,"comment_status":"open","ping_status":"open","template":"","meta":{"_et_pb_use_builder":"on","_et_pb_old_content":"","_et_gb_content_width":"","content-type":"","footnotes":""},"ppma_author":[94],"class_list":["post-12423","page","type-page","status-publish","hentry"],"_links":{"self":[{"href":"https:\/\/www.gabrian.com\/es\/wp-json\/wp\/v2\/pages\/12423","targetHints":{"allow":["GET"]}}],"collection":[{"href":"https:\/\/www.gabrian.com\/es\/wp-json\/wp\/v2\/pages"}],"about":[{"href":"https:\/\/www.gabrian.com\/es\/wp-json\/wp\/v2\/types\/page"}],"author":[{"embeddable":true,"href":"https:\/\/www.gabrian.com\/es\/wp-json\/wp\/v2\/users\/2"}],"replies":[{"embeddable":true,"href":"https:\/\/www.gabrian.com\/es\/wp-json\/wp\/v2\/comments?post=12423"}],"version-history":[{"count":2,"href":"https:\/\/www.gabrian.com\/es\/wp-json\/wp\/v2\/pages\/12423\/revisions"}],"predecessor-version":[{"id":12425,"href":"https:\/\/www.gabrian.com\/es\/wp-json\/wp\/v2\/pages\/12423\/revisions\/12425"}],"wp:attachment":[{"href":"https:\/\/www.gabrian.com\/es\/wp-json\/wp\/v2\/media?parent=12423"}],"wp:term":[{"taxonomy":"author","embeddable":true,"href":"https:\/\/www.gabrian.com\/es\/wp-json\/wp\/v2\/ppma_author?post=12423"}],"curies":[{"name":"wp","href":"https:\/\/api.w.org\/{rel}","templated":true}]}}