{"id":12426,"date":"2019-06-29T03:16:07","date_gmt":"2019-06-28T22:16:07","guid":{"rendered":"https:\/\/www.gabrian.com\/leds\/"},"modified":"2019-06-29T03:16:14","modified_gmt":"2019-06-28T22:16:14","slug":"leds","status":"publish","type":"page","link":"https:\/\/www.gabrian.com\/es\/leds\/","title":{"rendered":"LEDs"},"content":{"rendered":"<p>[et_pb_section fullwidth=&#8221;on&#8221; specialty=&#8221;off&#8221;][et_pb_fullwidth_slider admin_label=&#8221;Fullwidth Slider&#8221; show_arrows=&#8221;on&#8221; show_pagination=&#8221;on&#8221; auto=&#8221;off&#8221; parallax=&#8221;on&#8221; parallax_method=&#8221;off&#8221;][et_pb_slide heading=&#8221;LEDs&#8221; button_text=&#8221;P\u00f3ngase en contacto hoy&#8221; button_link=&#8221;\/?page_id=764&#8243; background_image=&#8221;https:\/\/www.gabrian.com\/wp-content\/uploads\/2016\/02\/Orange_LED_emitting.jpg&#8221; background_color=&#8221;#ffffff&#8221; alignment=&#8221;center&#8221; background_layout=&#8221;dark&#8221; allow_player_pause=&#8221;off&#8221; \/][\/et_pb_fullwidth_slider][\/et_pb_section][et_pb_section transparent_background=&#8221;off&#8221; background_color=&#8221;#ffffff&#8221; allow_player_pause=&#8221;off&#8221; inner_shadow=&#8221;off&#8221; parallax=&#8221;off&#8221; parallax_method=&#8221;off&#8221;][et_pb_row][et_pb_column type=&#8221;4_4&#8243;][et_pb_text admin_label=&#8221;Text&#8221; background_layout=&#8221;light&#8221; text_orientation=&#8221;center&#8221;]<\/p>\n<p style=\"text-align: justify;\">Gabrian est\u00e1 a la vanguardia de la tecnolog\u00eda LED desde que esta surgi\u00f3 como opci\u00f3n viable y pr\u00e1ctica para sistemas de iluminaci\u00f3n. Los avances recientes en el dise\u00f1o y proceso de manufactura de LEDs nos han permitido reducir costes de forma dr\u00e1stica y mejorar a la vez la calidad, y han llevado al r\u00e1pido crecimiento del segmento LED de nuestro negocio.<\/p>\n<p style=\"text-align: justify;\">Ofrecemos una amplia gama de productos de iluminaci\u00f3n LED para fines comerciales, residenciales y aplicaciones industriales. Nuestra gama de productos incluye tubos LED, bombillas de alta potencia, focos, luces en riel, empotradas, focos PAR, l\u00e1mparas high bay industriales y m\u00f3dulos LED.<\/p>\n<p style=\"text-align: center;\">[\/et_pb_text][\/et_pb_column][\/et_pb_row][et_pb_row][et_pb_column type=&#8221;1_4&#8243;][et_pb_text admin_label=&#8221;Text&#8221; background_layout=&#8221;light&#8221; text_orientation=&#8221;center&#8221;]<\/p>\n<h3 style=\"text-align: center;\">Soluciones para Iluminaci\u00f3n de Comercios<\/h3>\n<p style=\"text-align: justify;\">La divisi\u00f3n de Iluminaci\u00f3n de Gabrian lleva m\u00e1s de 20 a\u00f1os iluminando tiendas y comercios, por lo que comprendemos como nadie las necesidades, retos y posibilidades cambiantes del sector. Por ello, podemos ayudarle a obtener la soluci\u00f3n m\u00e1s sostenible para cualquier ambiente de compras.<\/p>\n<p style=\"text-align: center;\">[\/et_pb_text][\/et_pb_column][et_pb_column type=&#8221;1_4&#8243;][et_pb_text admin_label=&#8221;Text&#8221; background_layout=&#8221;light&#8221; text_orientation=&#8221;center&#8221;]<\/p>\n<h3 style=\"text-align: center;\">Soluciones para Talleres e Industrias<\/h3>\n<p style=\"text-align: justify;\">Nuestras soluciones m\u00e1s sencillas son instalables por el usuario, y suponen un ahorro inmediato. Nuestras soluciones para plantas y talleres ahorran energ\u00eda y dinero, pudiendo UNA SOLA PERSONA transformar de forma sencilla una instalaci\u00f3n entera, en cuesti\u00f3n de horas.<\/p>\n<p style=\"text-align: center;\">[\/et_pb_text][\/et_pb_column][et_pb_column type=&#8221;1_4&#8243;][et_pb_text admin_label=&#8221;Text&#8221; background_layout=&#8221;light&#8221; text_orientation=&#8221;center&#8221;]<\/p>\n<h3 style=\"text-align: center;\">Soluciones LED para Exteriores<\/h3>\n<p style=\"text-align: justify;\">Creemos en el desarrollo de soluciones innovadoras de iluminaci\u00f3n de exteriores que mejoran la calidad de vida, soluciones que no solo se centran en aspectos funcionales de la iluminaci\u00f3n tales como la direcci\u00f3n, seguridad, orientaci\u00f3n y sostenibilidad, sino que tambi\u00e9n crean un ambiente inspirador en zonas exteriores p\u00fablicas y privadas.<\/p>\n<p style=\"text-align: center;\">[\/et_pb_text][\/et_pb_column][et_pb_column type=&#8221;1_4&#8243;][et_pb_text admin_label=&#8221;Text&#8221; background_layout=&#8221;light&#8221; text_orientation=&#8221;center&#8221;]<\/p>\n<h3 style=\"text-align: center;\">Soluciones de Iluminaci\u00f3n para Oficinas<\/h3>\n<p style=\"text-align: justify;\">Las oficinas deben dise\u00f1arse pensando en la comodidad y la productividad, buscando una iluminaci\u00f3n que refleje las tareas a realizar. La divisi\u00f3n de iluminaci\u00f3n de Gabrian tiene una serie completa de soluciones energ\u00e9ticamente eficientes para mejorar sus espacios de oficina, y trabajaremos con ud. para determinar la mejor soluci\u00f3n para sus necesidades.<\/p>\n<p style=\"text-align: center;\">[\/et_pb_text][\/et_pb_column][\/et_pb_row][et_pb_row][et_pb_column type=&#8221;1_2&#8243;][et_pb_text admin_label=&#8221;Text&#8221; background_layout=&#8221;light&#8221; text_orientation=&#8221;left&#8221;]<\/p>\n<p style=\"text-align: justify;\">Nuestros productos gozan de las certificaciones UL, cUL y DLC para nuestros clientes norteamericanos, y CE, RoHS y T\u0170V para nuestros clientes europeos. Nuestra capacidad de ingenier\u00eda nos permite dise\u00f1ar no solo productos LED est\u00e1ndar, sino tambi\u00e9n ofrecer soluciones a medida para satisfacer todas las necesidades de nuestros clientes.<\/p>\n<p style=\"text-align: justify;\">Las marcas de chips que ofrecemos incluyen CREE, OSRAM, Bridgelux, Epistar, Samsung y Nichias, y podemos proporcionar otras seg\u00fan lo especificado por el cliente.<\/p>\n<p style=\"text-align: justify;\">Si bien existen muchos fabricantes de productos LED, nuestros a\u00f1os de experiencia combinados con la misi\u00f3n de nuestra empresa de ofrecer productos de la m\u00e1xima calidad a precios competitivos y un servicio al cliente superior nos convierten en la mejor opci\u00f3n para sus necesidades en iluminaci\u00f3n LED.<\/p>\n<p style=\"text-align: center;\">[\/et_pb_text][\/et_pb_column][et_pb_column type=&#8221;1_2&#8243;][et_pb_video admin_label=&#8221;Video&#8221; src=&#8221;http:\/\/www.gabrian.com\/wp-content\/uploads\/2015\/08\/LED-Final-Movie-compressed.mp4&#8243; \/][\/et_pb_column][\/et_pb_row][\/et_pb_section]<\/p>\n","protected":false},"excerpt":{"rendered":"<p><div class=\"et_pb_row et_pb_row_0 et_pb_row_empty\">\n\t\t\t\t\n\t\t\t\t\n\t\t\t\t\n\t\t\t\t\n\t\t\t\t\n\t\t\t<\/div> Gabrian est\u00e1 a la vanguardia de la tecnolog\u00eda LED desde que esta surgi\u00f3 como opci\u00f3n viable y pr\u00e1ctica para sistemas de iluminaci\u00f3n. Los avances recientes en el dise\u00f1o y proceso de manufactura de LEDs nos han permitido reducir costes de forma dr\u00e1stica y mejorar a la vez la calidad, y han llevado al r\u00e1pido [&hellip;]<\/p>\n","protected":false},"author":2,"featured_media":11638,"parent":0,"menu_order":0,"comment_status":"open","ping_status":"open","template":"","meta":{"_et_pb_use_builder":"on","_et_pb_old_content":"","_et_gb_content_width":"","content-type":"","footnotes":""},"ppma_author":[94],"class_list":["post-12426","page","type-page","status-publish","has-post-thumbnail","hentry"],"_links":{"self":[{"href":"https:\/\/www.gabrian.com\/es\/wp-json\/wp\/v2\/pages\/12426","targetHints":{"allow":["GET"]}}],"collection":[{"href":"https:\/\/www.gabrian.com\/es\/wp-json\/wp\/v2\/pages"}],"about":[{"href":"https:\/\/www.gabrian.com\/es\/wp-json\/wp\/v2\/types\/page"}],"author":[{"embeddable":true,"href":"https:\/\/www.gabrian.com\/es\/wp-json\/wp\/v2\/users\/2"}],"replies":[{"embeddable":true,"href":"https:\/\/www.gabrian.com\/es\/wp-json\/wp\/v2\/comments?post=12426"}],"version-history":[{"count":2,"href":"https:\/\/www.gabrian.com\/es\/wp-json\/wp\/v2\/pages\/12426\/revisions"}],"predecessor-version":[{"id":12428,"href":"https:\/\/www.gabrian.com\/es\/wp-json\/wp\/v2\/pages\/12426\/revisions\/12428"}],"wp:featuredmedia":[{"embeddable":true,"href":"https:\/\/www.gabrian.com\/es\/wp-json\/wp\/v2\/media\/11638"}],"wp:attachment":[{"href":"https:\/\/www.gabrian.com\/es\/wp-json\/wp\/v2\/media?parent=12426"}],"wp:term":[{"taxonomy":"author","embeddable":true,"href":"https:\/\/www.gabrian.com\/es\/wp-json\/wp\/v2\/ppma_author?post=12426"}],"curies":[{"name":"wp","href":"https:\/\/api.w.org\/{rel}","templated":true}]}}