{"id":12653,"date":"2019-07-11T02:36:13","date_gmt":"2019-07-10T21:36:13","guid":{"rendered":"https:\/\/www.gabrian.com\/extrusiones-de-aluminio\/formas-estandar\/"},"modified":"2019-08-05T11:20:03","modified_gmt":"2019-08-05T06:20:03","slug":"formas-estandar","status":"publish","type":"page","link":"https:\/\/www.gabrian.com\/es\/extrusiones-de-aluminio\/formas-estandar\/","title":{"rendered":"Formas Est\u00e1ndar"},"content":{"rendered":"<p>[et_pb_section fb_built=&#8221;1&#8243; fullwidth=&#8221;on&#8221; _builder_version=&#8221;3.0.47&#8243;][et_pb_fullwidth_header title=&#8221;Perfiles de Aluminio Est\u00e1ndar&#8221; button_one_text=&#8221;Cont\u00e1ctenos Acerca de Su Proyecto&#8221; button_one_url=&#8221;\/aluminium-extrusions\/contact-us\/&#8221; background_overlay_color=&#8221;rgba(4,12,0,0.56)&#8221; disabled_on=&#8221;off|off|off&#8221; _builder_version=&#8221;3.21.1&#8243; title_font=&#8221;|700|||||||&#8221; title_font_size=&#8221;45px&#8221; title_font_size_last_edited=&#8221;on|desktop&#8221; title_text_shadow_style=&#8221;preset5&#8243; content_font=&#8221;|600|||||||&#8221; content_font_size=&#8221;20px&#8221; content_text_shadow_style=&#8221;preset5&#8243; subhead_font=&#8221;|800|||||||&#8221; subhead_font_size=&#8221;21px&#8221; subhead_line_height=&#8221;1.7em&#8221; subhead_text_shadow_style=&#8221;preset5&#8243; background_color=&#8221;rgba(255,255,255,0)&#8221; background_image=&#8221;https:\/\/www.gabrian.com\/wp-content\/uploads\/2019\/03\/extrusion-runout-table.jpg&#8221; custom_button_two=&#8221;on&#8221; button_two_font=&#8221;|700|||||||&#8221; custom_button_one=&#8221;on&#8221; button_one_font=&#8221;|700|||||||&#8221; box_shadow_style=&#8221;preset6&#8243; box_shadow_spread=&#8221;3px&#8221; saved_tabs=&#8221;all&#8221; button_one_text_size__hover_enabled=&#8221;off&#8221; button_two_text_size__hover_enabled=&#8221;off&#8221; button_one_text_color__hover_enabled=&#8221;off&#8221; button_two_text_color__hover_enabled=&#8221;off&#8221; button_one_border_width__hover_enabled=&#8221;off&#8221; button_two_border_width__hover_enabled=&#8221;off&#8221; button_one_border_color__hover_enabled=&#8221;off&#8221; button_two_border_color__hover_enabled=&#8221;off&#8221; button_one_border_radius__hover_enabled=&#8221;off&#8221; button_two_border_radius__hover_enabled=&#8221;off&#8221; button_one_letter_spacing__hover_enabled=&#8221;off&#8221; button_two_letter_spacing__hover_enabled=&#8221;off&#8221; button_one_bg_color__hover_enabled=&#8221;off&#8221; button_two_bg_color__hover_enabled=&#8221;off&#8221;][\/et_pb_fullwidth_header][\/et_pb_section][et_pb_section fb_built=&#8221;1&#8243; _builder_version=&#8221;3.21.1&#8243; custom_padding=&#8221;44px|0px|0|0px|false|false&#8221;][et_pb_row custom_padding=&#8221;|0px||0px&#8221; _builder_version=&#8221;3.21.1&#8243;][et_pb_column type=&#8221;4_4&#8243; _builder_version=&#8221;3.0.47&#8243;][et_pb_text _builder_version=&#8221;3.21.1&#8243; header_font=&#8221;||||||||&#8221; header_2_font=&#8221;||||||||&#8221; header_2_font_size=&#8221;29px&#8221; header_2_line_height=&#8221;1.1em&#8221;]<\/p>\n<h2>Tubos, \u00c1ngulos, Canales y M\u00e1s para Su Proyecto<\/h2>\n<p>Sean tubos, \u00e1ngulos, canales u otra forma extruida est\u00e1ndar la que necesite, se las podemos proporcionar. Todas se fabrican por encargo en nuestras plantas asociadas en India. Trabajamos con empresas que realizan pedidos entre medianos y grandes, lo cual favorece la reducci\u00f3n de costes sin renunciar a extrusiones de alta calidad entregadas a tiempo. Abajo mostramos algunos de los formatos que producimos.<\/p>\n<p><strong>Cantidad M\u00ednima de Pedido:<\/strong> 1000 kg[\/et_pb_text][\/et_pb_column][\/et_pb_row][et_pb_row _builder_version=&#8221;3.19.3&#8243;][et_pb_column type=&#8221;1_4&#8243; _builder_version=&#8221;3.19.3&#8243;][et_pb_blurb title=&#8221;\u00c1ngulos de Aluminio Extruido&#8221; url=&#8221;https:\/\/www.gabrian.com\/es\/extrusiones-de-aluminio\/formas-estandar\/angulos\/&#8221; image=&#8221;https:\/\/www.gabrian.com\/wp-content\/uploads\/2019\/01\/aluminum-angle-rendering-376&#215;188.jpg.jpeg&#8221; alt=&#8221;Three aluminum angles side by side&#8221; _builder_version=&#8221;3.21.1&#8243; animation=&#8221;off&#8221;][\/et_pb_blurb][\/et_pb_column][et_pb_column type=&#8221;1_4&#8243; _builder_version=&#8221;3.19.3&#8243;][et_pb_blurb title=&#8221;Tubos de Aluminio Cuadrados y Rectangulares&#8221; url=&#8221;https:\/\/www.gabrian.com\/es\/extrusiones-de-aluminio\/formas-estandar\/tubos-cuadrados-y-rectangulares\/&#8221; image=&#8221;https:\/\/www.gabrian.com\/wp-content\/uploads\/2019\/01\/square-aluminum-tube-rendering-376&#215;188.jpg&#8221; alt=&#8221;Three square aluminum tubes side by side&#8221; _builder_version=&#8221;3.21.1&#8243; animation=&#8221;off&#8221;][\/et_pb_blurb][\/et_pb_column][et_pb_column type=&#8221;1_4&#8243; _builder_version=&#8221;3.19.3&#8243;][et_pb_blurb title=&#8221;Tubos de Aluminio Redondos&#8221; url=&#8221;https:\/\/www.gabrian.com\/es\/extrusiones-de-aluminio\/formas-estandar\/tubos-redondos\/&#8221; image=&#8221;https:\/\/www.gabrian.com\/wp-content\/uploads\/2019\/01\/round-aluminum-tube-rendering-376&#215;188.jpg&#8221; alt=&#8221;Three round aluminum tubes side by side&#8221; _builder_version=&#8221;3.21.1&#8243; animation=&#8221;off&#8221;][\/et_pb_blurb][\/et_pb_column][et_pb_column type=&#8221;1_4&#8243; _builder_version=&#8221;3.19.3&#8243;][et_pb_blurb title=&#8221;Canales de Aluminio Extruido&#8221; url=&#8221;https:\/\/www.gabrian.com\/es\/extrusiones-de-aluminio\/formas-estandar\/canales\/&#8221; image=&#8221;https:\/\/www.gabrian.com\/wp-content\/uploads\/2019\/01\/aluminum-channel-rendering-376&#215;188.jpg&#8221; alt=&#8221;Three aluminum channels side by side&#8221; _builder_version=&#8221;3.21.1&#8243; animation=&#8221;off&#8221;][\/et_pb_blurb][\/et_pb_column][\/et_pb_row][et_pb_row custom_padding=&#8221;20px|0px||0px&#8221; _builder_version=&#8221;3.21.1&#8243;][et_pb_column type=&#8221;4_4&#8243; _builder_version=&#8221;3.0.47&#8243;][et_pb_text _builder_version=&#8221;3.21.1&#8243; header_font=&#8221;||||||||&#8221; header_2_font=&#8221;||||||||&#8221; header_2_font_size=&#8221;29px&#8221; header_2_line_height=&#8221;1.1em&#8221; custom_padding=&#8221;16px||&#8221;]<\/p>\n<h2>Extrusiones de Aluminio de Alta Calidad de Asia, Entregadas Siempre a Tiempo<\/h2>\n<p>El aluminio es un metal resistente y duradero que ofrece un peso inferior al del acero. Suministramos a nuestros clientes extrusiones de aluminio a medida y est\u00e1ndar de China e India, reduciendo as\u00ed costes sin dejar de obtener gran calidad, servicio excepcional y entrega a tiempo.[\/et_pb_text][\/et_pb_column][\/et_pb_row][et_pb_row custom_padding=&#8221;10px|0px|27px|0px|false|false&#8221; _builder_version=&#8221;3.21.1&#8243;][et_pb_column type=&#8221;1_3&#8243; _builder_version=&#8221;3.19.3&#8243;][et_pb_blurb title=&#8221;Aleaci\u00f3n y Templado&#8221; image=&#8221;https:\/\/www.gabrian.com\/wp-content\/uploads\/2019\/04\/stacked-aluminum-ingots.jpg&#8221; alt=&#8221;A stack of aluminum ingots to be sent to melting furnaces&#8221; _builder_version=&#8221;3.21.1&#8243; border_radii_image=&#8221;on|5px|5px|5px|5px&#8221; box_shadow_style_image=&#8221;preset2&#8243; animation=&#8221;off&#8221;]Seg\u00fan las necesidades de su proyecto, puede escoger una aleaci\u00f3n adecuada por su solidez, resistencia a la corrosi\u00f3n y otras propiedades. Producimos aleaciones de las series 1000, 2000, 3000, 5000, 6000 y 7000 en nuestras propias fundiciones.[\/et_pb_blurb][\/et_pb_column][et_pb_column type=&#8221;1_3&#8243; _builder_version=&#8221;3.19.3&#8243;][et_pb_blurb title=&#8221;Servicios de Manufactura&#8221; image=&#8221;https:\/\/www.gabrian.com\/wp-content\/uploads\/2019\/04\/sawing-extrusion.jpg&#8221; alt=&#8221;A saw cutting aluminum an aluminum extrusion&#8221; _builder_version=&#8221;3.21.1&#8243; border_radii_image=&#8221;on|5px|5px|5px|5px&#8221; box_shadow_style_image=&#8221;preset2&#8243; animation=&#8221;off&#8221;]Una vez completadas las extrusiones, se pueden modificar los perfiles con servicios secundarios tales como perforado, corte o estampado. Esto le ahorrar\u00e1 el tiempo y los costes de hacerlo en sus propias instalaciones.[\/et_pb_blurb][\/et_pb_column][et_pb_column type=&#8221;1_3&#8243; _builder_version=&#8221;3.19.3&#8243;][et_pb_blurb title=&#8221;Equipo Occidental en Asia&#8221; image=&#8221;https:\/\/www.gabrian.com\/wp-content\/uploads\/2019\/04\/bangalore-city-view.jpg&#8221; alt=&#8221;A view of the Bangalore skyline&#8221; _builder_version=&#8221;3.21.1&#8243; border_radii_image=&#8221;on|5px|5px|5px|5px&#8221; box_shadow_style_image=&#8221;preset2&#8243; animation=&#8221;off&#8221;]<span style=\"font-weight: 400;\">Para muchas empresas, puede no ser factible establecer una presencia en Asia. Puede aprovecharse de nuestro equipo profesional occidental sobre el terreno, que servir\u00e1 como una extensi\u00f3n de sus operaciones y le ayudar\u00e1 a asegurar la calidad y los tiempos de entrega.<\/span>[\/et_pb_blurb][\/et_pb_column][\/et_pb_row][et_pb_row custom_padding=&#8221;0|0px|27px|0px|false|false&#8221; _builder_version=&#8221;3.21.1&#8243;][et_pb_column type=&#8221;4_4&#8243; _builder_version=&#8221;3.21.1&#8243;][et_pb_button button_url=&#8221;\/?page_id=10974&#8243; button_text=&#8221;M\u00e1s Informaci\u00f3n&#8221; _builder_version=&#8221;3.21.1&#8243; button_icon=&#8221;%%24%%&#8221; button_on_hover=&#8221;off&#8221; box_shadow_style=&#8221;preset2&#8243; box_shadow_spread=&#8221;-10px&#8221;][\/et_pb_button][\/et_pb_column][\/et_pb_row][\/et_pb_section][et_pb_section fb_built=&#8221;1&#8243; _builder_version=&#8221;3.19.3&#8243; custom_padding=&#8221;0|0px|54px|0px|false|false&#8221;][et_pb_row custom_padding=&#8221;0|0px|27px|0px|false|false&#8221; _builder_version=&#8221;3.21.1&#8243; background_size=&#8221;initial&#8221; background_position=&#8221;top_left&#8221; background_repeat=&#8221;repeat&#8221;][et_pb_column type=&#8221;4_4&#8243; _builder_version=&#8221;3.0.47&#8243;][et_pb_text _builder_version=&#8221;3.14&#8243; custom_margin=&#8221;30px|||&#8221;]<\/p>\n<h2>Podr\u00edan Interesarle los Siguientes Art\u00edculos<\/h2>\n<p>Publicamos regularmente contenido \u00fatil para los profesionales que buscan obtener los mejores resultados en sus proyectos con extrusiones. He aqu\u00ed algunos posts sobre que podr\u00edan interesarle.[\/et_pb_text][et_pb_blog fullwidth=&#8221;off&#8221; posts_number=&#8221;3&#8243; include_categories=&#8221;59&#8243; show_author=&#8221;off&#8221; show_date=&#8221;off&#8221; show_categories=&#8221;off&#8221; _builder_version=&#8221;3.21.1&#8243; pagination_font_size_tablet=&#8221;51&#8243; pagination_line_height_tablet=&#8221;2&#8243; box_shadow_style=&#8221;preset2&#8243;][\/et_pb_blog][\/et_pb_column][\/et_pb_row][\/et_pb_section]<\/p>\n","protected":false},"excerpt":{"rendered":"<p>Tubos, \u00c1ngulos, Canales y M\u00e1s para Su Proyecto Sean tubos, \u00e1ngulos, canales u otra forma extruida est\u00e1ndar la que necesite, se las podemos proporcionar. Todas se fabrican por encargo en nuestras plantas asociadas en India. Trabajamos con empresas que realizan pedidos entre medianos y grandes, lo cual favorece la reducci\u00f3n de costes sin renunciar a [&hellip;]<\/p>\n","protected":false},"author":2,"featured_media":11674,"parent":12287,"menu_order":0,"comment_status":"closed","ping_status":"closed","template":"","meta":{"_et_pb_use_builder":"on","_et_pb_old_content":"","_et_gb_content_width":"","content-type":"","footnotes":""},"ppma_author":[94],"class_list":["post-12653","page","type-page","status-publish","has-post-thumbnail","hentry"],"_links":{"self":[{"href":"https:\/\/www.gabrian.com\/es\/wp-json\/wp\/v2\/pages\/12653","targetHints":{"allow":["GET"]}}],"collection":[{"href":"https:\/\/www.gabrian.com\/es\/wp-json\/wp\/v2\/pages"}],"about":[{"href":"https:\/\/www.gabrian.com\/es\/wp-json\/wp\/v2\/types\/page"}],"author":[{"embeddable":true,"href":"https:\/\/www.gabrian.com\/es\/wp-json\/wp\/v2\/users\/2"}],"replies":[{"embeddable":true,"href":"https:\/\/www.gabrian.com\/es\/wp-json\/wp\/v2\/comments?post=12653"}],"version-history":[{"count":7,"href":"https:\/\/www.gabrian.com\/es\/wp-json\/wp\/v2\/pages\/12653\/revisions"}],"predecessor-version":[{"id":12881,"href":"https:\/\/www.gabrian.com\/es\/wp-json\/wp\/v2\/pages\/12653\/revisions\/12881"}],"up":[{"embeddable":true,"href":"https:\/\/www.gabrian.com\/es\/wp-json\/wp\/v2\/pages\/12287"}],"wp:featuredmedia":[{"embeddable":true,"href":"https:\/\/www.gabrian.com\/es\/wp-json\/wp\/v2\/media\/11674"}],"wp:attachment":[{"href":"https:\/\/www.gabrian.com\/es\/wp-json\/wp\/v2\/media?parent=12653"}],"wp:term":[{"taxonomy":"author","embeddable":true,"href":"https:\/\/www.gabrian.com\/es\/wp-json\/wp\/v2\/ppma_author?post=12653"}],"curies":[{"name":"wp","href":"https:\/\/api.w.org\/{rel}","templated":true}]}}