{"id":12662,"date":"2019-07-11T03:09:05","date_gmt":"2019-07-10T22:09:05","guid":{"rendered":"https:\/\/www.gabrian.com\/recursos\/"},"modified":"2019-09-10T14:32:40","modified_gmt":"2019-09-10T09:32:40","slug":"recursos","status":"publish","type":"page","link":"https:\/\/www.gabrian.com\/es\/recursos\/","title":{"rendered":"Recursos"},"content":{"rendered":"<p>[et_pb_section fb_built=&#8221;1&#8243; fullwidth=&#8221;on&#8221; _builder_version=&#8221;3.22.3&#8243; background_color=&#8221;#ffffff&#8221; fb_built=&#8221;1&#8243; _i=&#8221;0&#8243; _address=&#8221;0&#8243;][et_pb_fullwidth_header title=&#8221;Recursos &#8211; Gabrian International&#8221; subhead=&#8221;Blogs, Estudios de Caso y Libro Blanco&#8221; background_overlay_color=&#8221;rgba(48,48,48,0.55)&#8221; _builder_version=&#8221;3.16&#8243; title_font=&#8221;|700|||||||&#8221; title_text_shadow_style=&#8221;preset2&#8243; subhead_font=&#8221;|700|||||||&#8221; subhead_text_shadow_style=&#8221;preset2&#8243; background_color=&#8221;rgba(255, 255, 255, 0)&#8221; background_image=&#8221;https:\/\/www.gabrian.com\/wp-content\/uploads\/2018\/08\/containers-on-ship.jpg&#8221; box_shadow_style=&#8221;preset6&#8243; box_shadow_spread=&#8221;4px&#8221; max_width_tablet=&#8221;50px&#8221; button_one_text_size__hover_enabled=&#8221;off&#8221; button_two_text_size__hover_enabled=&#8221;off&#8221; button_one_text_color__hover_enabled=&#8221;off&#8221; button_two_text_color__hover_enabled=&#8221;off&#8221; button_one_border_width__hover_enabled=&#8221;off&#8221; button_two_border_width__hover_enabled=&#8221;off&#8221; button_one_border_color__hover_enabled=&#8221;off&#8221; button_two_border_color__hover_enabled=&#8221;off&#8221; button_one_border_radius__hover_enabled=&#8221;off&#8221; button_two_border_radius__hover_enabled=&#8221;off&#8221; button_one_letter_spacing__hover_enabled=&#8221;off&#8221; button_two_letter_spacing__hover_enabled=&#8221;off&#8221; button_one_bg_color__hover_enabled=&#8221;off&#8221; button_two_bg_color__hover_enabled=&#8221;off&#8221; _i=&#8221;0&#8243; _address=&#8221;0.0&#8243;]&nbsp;<br \/>\n[\/et_pb_fullwidth_header][\/et_pb_section][et_pb_section fb_built=&#8221;1&#8243; _builder_version=&#8221;3.22.3&#8243; fb_built=&#8221;1&#8243; _i=&#8221;1&#8243; _address=&#8221;1&#8243;][et_pb_row _builder_version=&#8221;3.27.4&#8243; column_structure=&#8221;1_2,1_2&#8243;][et_pb_column _builder_version=&#8221;3.27.4&#8243; type=&#8221;1_2&#8243;][et_pb_text _builder_version=&#8221;3.27.4&#8243; hover_enabled=&#8221;0&#8243;]<\/p>\n<h2><a href=\"https:\/\/www.gabrian.com\/es\/recursos\/blog-de-extrusiones-de-aluminio\/\">Blog: Extrusiones de Aluminio<\/a><\/h2>\n<p>En nuestro blog de extrusiones de aluminio proporcionamos informaci\u00f3n sobre cuestiones como acabados de extrusiones de aluminio, disipadores, y otras.<br \/>\n[\/et_pb_text][et_pb_blog fullwidth=&#8221;off&#8221; posts_number=&#8221;1&#8243; include_categories=&#8221;59&#8243; show_author=&#8221;off&#8221; show_date=&#8221;off&#8221; show_categories=&#8221;off&#8221; _builder_version=&#8221;3.27.4&#8243; hover_enabled=&#8221;0&#8243; _i=&#8221;1&#8243; _address=&#8221;1.0.0.1&#8243;][\/et_pb_blog][\/et_pb_column][et_pb_column _builder_version=&#8221;3.27.4&#8243; type=&#8221;1_2&#8243;][et_pb_text _builder_version=&#8221;3.27.4&#8243; hover_enabled=&#8221;0&#8243; custom_margin=&#8221;||29px|||&#8221;]<\/p>\n<h2><a href=\"https:\/\/www.gabrian.com\/es\/blog-circuitos-impresos\/\">Blog: Circuitos Impresos<\/a><\/h2>\n<p>Nuestro blog sobre circuitos impresos contiene art\u00edculos sobre acabado superficial, montaje, elecci\u00f3n de fabricante, reducci\u00f3n de costes y otros temas.<br \/>\n[\/et_pb_text][et_pb_blog fullwidth=&#8221;off&#8221; posts_number=&#8221;1&#8243; include_categories=&#8221;12&#8243; show_more=&#8221;on&#8221; show_author=&#8221;off&#8221; show_date=&#8221;off&#8221; show_categories=&#8221;off&#8221; use_overlay=&#8221;on&#8221; hover_icon=&#8221;%%72%%&#8221; _builder_version=&#8221;3.27.4&#8243; header_font=&#8221;|600|||on||||&#8221; box_shadow_style=&#8221;preset2&#8243; hover_enabled=&#8221;0&#8243; pagination_font_size_tablet=&#8221;51&#8243; pagination_line_height_tablet=&#8221;2&#8243; _i=&#8221;3&#8243; _address=&#8221;1.0.0.3&#8243;]&nbsp;<br \/>\n[\/et_pb_blog][\/et_pb_column][\/et_pb_row][et_pb_row column_structure=&#8221;1_2,1_2&#8243; _builder_version=&#8221;3.25&#8243; background_size=&#8221;initial&#8221; background_position=&#8221;top_left&#8221; background_repeat=&#8221;repeat&#8221; _i=&#8221;1&#8243; _address=&#8221;1.1&#8243;][et_pb_column type=&#8221;1_2&#8243; _builder_version=&#8221;3.25&#8243; custom_padding=&#8221;|||&#8221; custom_padding__hover=&#8221;|||&#8221; _i=&#8221;0&#8243; _address=&#8221;1.1.0&#8243;][et_pb_text _builder_version=&#8221;3.27.4&#8243; _i=&#8221;0&#8243; _address=&#8221;1.1.0.0&#8243;]<\/p>\n<h2><a href=\"https:\/\/www.gabrian.com\/project\/customer-success-story-concept2-inc-contract-manufacturing\/\">Estudio de Caso: Subcontrata<\/a><\/h2>\n<p>Abajo tiene un estudio de caso de subcontrata que describe nuestra relaci\u00f3n con un cliente de muchos a\u00f1os.<br \/>\n[\/et_pb_text][et_pb_portfolio posts_number=&#8221;1&#8243; show_categories=&#8221;off&#8221; show_pagination=&#8221;off&#8221; _builder_version=&#8221;3.14&#8243; title_font=&#8221;|600|||on||||&#8221; text_orientation=&#8221;center&#8221; max_width=&#8221;55%&#8221; module_alignment=&#8221;center&#8221; _i=&#8221;1&#8243; _address=&#8221;1.1.0.1&#8243;]&nbsp;<br \/>\n[\/et_pb_portfolio][\/et_pb_column][et_pb_column type=&#8221;1_2&#8243; _builder_version=&#8221;3.25&#8243; custom_padding=&#8221;|||&#8221; custom_padding__hover=&#8221;|||&#8221; _i=&#8221;1&#8243; _address=&#8221;1.1.1&#8243;][et_pb_text _builder_version=&#8221;3.27.4&#8243; _i=&#8221;0&#8243; _address=&#8221;1.1.1.0&#8243;]<\/p>\n<h2><a href=\"https:\/\/www.gabrian.com\/es\/7-preguntas-importantes-para-los-fabricantes-de-pcbs-antes-de-trabajar-con-ellos\/\">Libro Blanco: Adquisici\u00f3n de PCB<\/a><\/h2>\n<p>Este libro blanco proporciona siete preguntas importantes para los fabricantes de PCBs antes de trabajar con ellos.<br \/>\n[\/et_pb_text][et_pb_image src=&#8221;https:\/\/www.gabrian.com\/wp-content\/uploads\/2016\/01\/pcb-white-paper-image.jpg&#8221; url=&#8221;https:\/\/www.gabrian.com\/es\/7-preguntas-importantes-para-los-fabricantes-de-pcbs-antes-de-trabajar-con-ellos\/&#8221; align=&#8221;center&#8221; align_tablet=&#8221;center&#8221; align_last_edited=&#8221;on|desktop&#8221; _builder_version=&#8221;3.23&#8243; max_width=&#8221;55%&#8221; _i=&#8221;1&#8243; _address=&#8221;1.1.1.1&#8243;][\/et_pb_image][\/et_pb_column][\/et_pb_row][\/et_pb_section]<\/p>\n","protected":false},"excerpt":{"rendered":"<p>&nbsp; Blog: Extrusiones de Aluminio En nuestro blog de extrusiones de aluminio proporcionamos informaci\u00f3n sobre cuestiones como acabados de extrusiones de aluminio, disipadores, y otras. Blog: Circuitos Impresos Nuestro blog sobre circuitos impresos contiene art\u00edculos sobre acabado superficial, montaje, elecci\u00f3n de fabricante, reducci\u00f3n de costes y otros temas. &nbsp; Estudio de Caso: Subcontrata Abajo tiene [&hellip;]<\/p>\n","protected":false},"author":2,"featured_media":0,"parent":0,"menu_order":0,"comment_status":"closed","ping_status":"closed","template":"","meta":{"_et_pb_use_builder":"on","_et_pb_old_content":"","_et_gb_content_width":"","content-type":"","footnotes":""},"ppma_author":[94],"class_list":["post-12662","page","type-page","status-publish","hentry"],"_links":{"self":[{"href":"https:\/\/www.gabrian.com\/es\/wp-json\/wp\/v2\/pages\/12662","targetHints":{"allow":["GET"]}}],"collection":[{"href":"https:\/\/www.gabrian.com\/es\/wp-json\/wp\/v2\/pages"}],"about":[{"href":"https:\/\/www.gabrian.com\/es\/wp-json\/wp\/v2\/types\/page"}],"author":[{"embeddable":true,"href":"https:\/\/www.gabrian.com\/es\/wp-json\/wp\/v2\/users\/2"}],"replies":[{"embeddable":true,"href":"https:\/\/www.gabrian.com\/es\/wp-json\/wp\/v2\/comments?post=12662"}],"version-history":[{"count":3,"href":"https:\/\/www.gabrian.com\/es\/wp-json\/wp\/v2\/pages\/12662\/revisions"}],"predecessor-version":[{"id":13277,"href":"https:\/\/www.gabrian.com\/es\/wp-json\/wp\/v2\/pages\/12662\/revisions\/13277"}],"wp:attachment":[{"href":"https:\/\/www.gabrian.com\/es\/wp-json\/wp\/v2\/media?parent=12662"}],"wp:term":[{"taxonomy":"author","embeddable":true,"href":"https:\/\/www.gabrian.com\/es\/wp-json\/wp\/v2\/ppma_author?post=12662"}],"curies":[{"name":"wp","href":"https:\/\/api.w.org\/{rel}","templated":true}]}}