{"id":12665,"date":"2019-07-11T03:23:15","date_gmt":"2019-07-10T22:23:15","guid":{"rendered":"https:\/\/www.gabrian.com\/recursos\/blog-de-extrusiones-de-aluminio\/"},"modified":"2019-07-11T03:23:20","modified_gmt":"2019-07-10T22:23:20","slug":"blog-de-extrusiones-de-aluminio","status":"publish","type":"page","link":"https:\/\/www.gabrian.com\/es\/recursos\/blog-de-extrusiones-de-aluminio\/","title":{"rendered":"Blog de Extrusiones de Aluminio"},"content":{"rendered":"<p>[et_pb_section bb_built=&#8221;1&#8243; fullwidth=&#8221;on&#8221; _builder_version=&#8221;3.0.47&#8243; next_background_color=&#8221;#000000&#8243;][et_pb_fullwidth_header title=&#8221;Blog de Extrusiones de Aluminio&#8221; subhead=&#8221;Art\u00edculos sobre Acabado, Aleaciones y M\u00e1s&#8221; background_overlay_color=&#8221;rgba(48,48,48,0.55)&#8221; _builder_version=&#8221;3.14&#8243; title_font=&#8221;|700|||||||&#8221; title_text_shadow_style=&#8221;preset2&#8243; subhead_font=&#8221;|700|||||||&#8221; subhead_text_shadow_style=&#8221;preset2&#8243; background_image=&#8221;https:\/\/www.gabrian.com\/wp-content\/uploads\/2018\/10\/round-aluminum-tubes-facing-left.jpg&#8221; box_shadow_style=&#8221;preset6&#8243; box_shadow_spread=&#8221;4px&#8221; background_position=&#8221;top_center&#8221; \/][\/et_pb_section][et_pb_section bb_built=&#8221;1&#8243; fullwidth=&#8221;off&#8221; specialty=&#8221;off&#8221; prev_background_color=&#8221;#000000&#8243;][et_pb_row][et_pb_column type=&#8221;4_4&#8243;][et_pb_text _builder_version=&#8221;3.14&#8243;]<\/p>\n<h2>Categor\u00eda: Acabados para Aluminio<\/h2>\n<p>A las extrusiones se pueden aplicar acabados diversos, tales como anodizaci\u00f3n, lacado, pintura, sublimaci\u00f3n y otros.  Esta serie de art\u00edculos examina las distintas opciones disponibles, as\u00ed como sus ventajas e inconvenientes.<\/p>\n<p>[\/et_pb_text][et_pb_blog fullwidth=&#8221;off&#8221; include_categories=&#8221;60&#8243; show_author=&#8221;off&#8221; show_date=&#8221;off&#8221; show_categories=&#8221;off&#8221; use_overlay=&#8221;on&#8221; hover_icon=&#8221;%%72%%&#8221; _builder_version=&#8221;3.14&#8243; header_font=&#8221;|600|||on||||&#8221; pagination_font_size_tablet=&#8221;51&#8243; pagination_line_height_tablet=&#8221;2&#8243; box_shadow_style=&#8221;preset2&#8243; show_more=&#8221;on&#8221; posts_number=&#8221;3&#8243; \/][et_pb_text _builder_version=&#8221;3.14&#8243;]<\/p>\n<h2>Categor\u00eda: Aleaciones de Aluminio<\/h2>\n<p>Se pueden producir perfiles en aleaciones diversas, siendo las m\u00e1s comunes 6061, 6063, 2024 y 7075. Esta serie de art\u00edculos examina varias de ellas, centr\u00e1ndose en sus propiedades y aplicaciones.<\/p>\n<p>[\/et_pb_text][et_pb_blog fullwidth=&#8221;off&#8221; include_categories=&#8221;51&#8243; show_author=&#8221;off&#8221; show_date=&#8221;off&#8221; show_categories=&#8221;off&#8221; use_overlay=&#8221;on&#8221; hover_icon=&#8221;%%72%%&#8221; _builder_version=&#8221;3.14&#8243; header_font=&#8221;|600|||on||||&#8221; pagination_font_size_tablet=&#8221;51&#8243; pagination_line_height_tablet=&#8221;2&#8243; box_shadow_style=&#8221;preset2&#8243; show_more=&#8221;on&#8221; posts_number=&#8221;3&#8243; \/][et_pb_text _builder_version=&#8221;3.14&#8243;]<\/p>\n<h2>Categor\u00eda: Disipadores de Aluminio<\/h2>\n<p>Los disipadores son importantes en las manufacturas electr\u00f3nicas, pues eliminan el calor excesivo que llega a generarse. La extrusi\u00f3n es el m\u00e9todo m\u00e1s com\u00fan para fabricar disipadores. He aqu\u00ed algunas consideraciones importantes.<\/p>\n<p>[\/et_pb_text][et_pb_blog fullwidth=&#8221;off&#8221; include_categories=&#8221;44&#8243; show_author=&#8221;off&#8221; show_date=&#8221;off&#8221; show_categories=&#8221;off&#8221; use_overlay=&#8221;on&#8221; hover_icon=&#8221;%%72%%&#8221; _builder_version=&#8221;3.14&#8243; header_font=&#8221;|600|||on||||&#8221; pagination_font_size_tablet=&#8221;51&#8243; pagination_line_height_tablet=&#8221;2&#8243; box_shadow_style=&#8221;preset2&#8243; show_more=&#8221;on&#8221; posts_number=&#8221;3&#8243; \/][et_pb_text _builder_version=&#8221;3.14&#8243;]<\/p>\n<h2>Categor\u00eda: \u00bfPor Qu\u00e9 Extrusiones de Aluminio?<\/h2>\n<p>Las extrusiones han cobrado una importancia creciente en el dise\u00f1o de productos actual. Estos art\u00edculos exploran algunas de las razones de ello, y ofrecen consejos a los dise\u00f1adores que puedan estar considerando usarlas.<\/p>\n<p>[\/et_pb_text][et_pb_blog fullwidth=&#8221;off&#8221; include_categories=&#8221;53&#8243; show_author=&#8221;off&#8221; show_date=&#8221;off&#8221; show_categories=&#8221;off&#8221; use_overlay=&#8221;on&#8221; hover_icon=&#8221;%%72%%&#8221; _builder_version=&#8221;3.14&#8243; header_font=&#8221;|600|||on||||&#8221; pagination_font_size_tablet=&#8221;51&#8243; pagination_line_height_tablet=&#8221;2&#8243; box_shadow_style=&#8221;preset2&#8243; show_more=&#8221;on&#8221; posts_number=&#8221;3&#8243; \/][\/et_pb_column][\/et_pb_row][\/et_pb_section]<\/p>\n","protected":false},"excerpt":{"rendered":"<p><div class=\"et_pb_row et_pb_row_0 et_pb_row_empty\">\n\t\t\t\t\n\t\t\t\t\n\t\t\t\t\n\t\t\t\t\n\t\t\t\t\n\t\t\t<\/div> Categor\u00eda: Acabados para Aluminio A las extrusiones se pueden aplicar acabados diversos, tales como anodizaci\u00f3n, lacado, pintura, sublimaci\u00f3n y otros. Esta serie de art\u00edculos examina las distintas opciones disponibles, as\u00ed como sus ventajas e inconvenientes. Categor\u00eda: Aleaciones de Aluminio Se pueden producir perfiles en aleaciones diversas, siendo las m\u00e1s comunes 6061, 6063, 2024 y [&hellip;]<\/p>\n","protected":false},"author":2,"featured_media":0,"parent":12662,"menu_order":0,"comment_status":"closed","ping_status":"closed","template":"","meta":{"_et_pb_use_builder":"on","_et_pb_old_content":"","_et_gb_content_width":"","content-type":"","footnotes":""},"ppma_author":[94],"class_list":["post-12665","page","type-page","status-publish","hentry"],"_links":{"self":[{"href":"https:\/\/www.gabrian.com\/es\/wp-json\/wp\/v2\/pages\/12665","targetHints":{"allow":["GET"]}}],"collection":[{"href":"https:\/\/www.gabrian.com\/es\/wp-json\/wp\/v2\/pages"}],"about":[{"href":"https:\/\/www.gabrian.com\/es\/wp-json\/wp\/v2\/types\/page"}],"author":[{"embeddable":true,"href":"https:\/\/www.gabrian.com\/es\/wp-json\/wp\/v2\/users\/2"}],"replies":[{"embeddable":true,"href":"https:\/\/www.gabrian.com\/es\/wp-json\/wp\/v2\/comments?post=12665"}],"version-history":[{"count":1,"href":"https:\/\/www.gabrian.com\/es\/wp-json\/wp\/v2\/pages\/12665\/revisions"}],"predecessor-version":[{"id":12666,"href":"https:\/\/www.gabrian.com\/es\/wp-json\/wp\/v2\/pages\/12665\/revisions\/12666"}],"up":[{"embeddable":true,"href":"https:\/\/www.gabrian.com\/es\/wp-json\/wp\/v2\/pages\/12662"}],"wp:attachment":[{"href":"https:\/\/www.gabrian.com\/es\/wp-json\/wp\/v2\/media?parent=12665"}],"wp:term":[{"taxonomy":"author","embeddable":true,"href":"https:\/\/www.gabrian.com\/es\/wp-json\/wp\/v2\/ppma_author?post=12665"}],"curies":[{"name":"wp","href":"https:\/\/api.w.org\/{rel}","templated":true}]}}