{"id":12759,"date":"2019-07-19T11:48:07","date_gmt":"2019-07-19T06:48:07","guid":{"rendered":"https:\/\/www.gabrian.com\/extrusiones-de-aluminio\/industrias\/electronica\/"},"modified":"2019-07-19T11:48:12","modified_gmt":"2019-07-19T06:48:12","slug":"electronica","status":"publish","type":"page","link":"https:\/\/www.gabrian.com\/es\/extrusiones-de-aluminio\/industrias\/electronica\/","title":{"rendered":"Electr\u00f3nica"},"content":{"rendered":"<p>[et_pb_section fb_built=&#8221;1&#8243; fullwidth=&#8221;on&#8221; _builder_version=&#8221;3.22.3&#8243;][et_pb_fullwidth_header title=&#8221; Extrusiones de Aluminio para Electr\u00f3nica&#8221; button_one_text=&#8221;Cont\u00e1ctenos Acerca de Su Proyecto&#8221; button_one_url=&#8221;\/contactenos\/&#8221; background_overlay_color=&#8221;rgba(4,12,0,0.56)&#8221; disabled_on=&#8221;off|off|off&#8221; _builder_version=&#8221;3.21.1&#8243; title_font=&#8221;|700|||||||&#8221; title_font_size=&#8221;45px&#8221; title_text_shadow_style=&#8221;preset5&#8243; content_font=&#8221;|600|||||||&#8221; content_font_size=&#8221;20px&#8221; content_text_shadow_style=&#8221;preset5&#8243; subhead_font=&#8221;|800|||||||&#8221; subhead_font_size=&#8221;21px&#8221; subhead_line_height=&#8221;1.7em&#8221; subhead_text_shadow_style=&#8221;preset5&#8243; background_color=&#8221;rgba(255,255,255,0)&#8221; background_image=&#8221;https:\/\/www.gabrian.com\/wp-content\/uploads\/2019\/03\/active-heatsink-motherboard.jpg&#8221; custom_button_one=&#8221;on&#8221; button_one_font=&#8221;|700|||||||&#8221; custom_button_two=&#8221;on&#8221; button_two_font=&#8221;|700|||||||&#8221; box_shadow_style=&#8221;preset6&#8243; box_shadow_spread=&#8221;3px&#8221; title_font_size_last_edited=&#8221;on|desktop&#8221; saved_tabs=&#8221;all&#8221; button_one_text_size__hover_enabled=&#8221;off&#8221; button_two_text_size__hover_enabled=&#8221;off&#8221; button_one_text_color__hover_enabled=&#8221;off&#8221; button_two_text_color__hover_enabled=&#8221;off&#8221; button_one_border_width__hover_enabled=&#8221;off&#8221; button_two_border_width__hover_enabled=&#8221;off&#8221; button_one_border_color__hover_enabled=&#8221;off&#8221; button_two_border_color__hover_enabled=&#8221;off&#8221; button_one_border_radius__hover_enabled=&#8221;off&#8221; button_two_border_radius__hover_enabled=&#8221;off&#8221; button_one_letter_spacing__hover_enabled=&#8221;off&#8221; button_two_letter_spacing__hover_enabled=&#8221;off&#8221; button_one_bg_color__hover_enabled=&#8221;off&#8221; button_two_bg_color__hover_enabled=&#8221;off&#8221;][\/et_pb_fullwidth_header][\/et_pb_section][et_pb_section fb_built=&#8221;1&#8243; _builder_version=&#8221;3.22.3&#8243; custom_margin=&#8221;0px||0px&#8221; custom_padding=&#8221;0px||0px&#8221;][et_pb_row custom_padding=&#8221;||0px&#8221; custom_margin=&#8221;||0px&#8221; _builder_version=&#8221;3.22.3&#8243;][et_pb_column type=&#8221;4_4&#8243; _builder_version=&#8221;3.19.3&#8243;][et_pb_dmb_breadcrumbs use_home_icon=&#8221;off&#8221; _builder_version=&#8221;3.19.3&#8243; body_font=&#8221;|300|||||||&#8221; link_font=&#8221;||||||||&#8221; linkhover_font=&#8221;||||||||&#8221; custom_margin=&#8221;0px||0px&#8221; custom_padding=&#8221;0px||0px&#8221;][\/et_pb_dmb_breadcrumbs][\/et_pb_column][\/et_pb_row][\/et_pb_section][et_pb_section fb_built=&#8221;1&#8243; _builder_version=&#8221;3.22.3&#8243; custom_padding=&#8221;0|0px|0|0px|false|false&#8221;][et_pb_row custom_padding=&#8221;20px|0px||0px&#8221; _builder_version=&#8221;3.22.3&#8243;][et_pb_column type=&#8221;4_4&#8243; _builder_version=&#8221;3.0.47&#8243;][et_pb_text _builder_version=&#8221;3.21.1&#8243; header_font=&#8221;||||||||&#8221; header_2_font=&#8221;||||||||&#8221; header_2_font_size=&#8221;29px&#8221; header_2_line_height=&#8221;1.1em&#8221;]<\/p>\n<h2>Extrusiones de Aluminio de Alta Calidad de Asia: Hechas para la Industria Electr\u00f3nica<\/h2>\n<p>Las extrusiones de aluminio tienen un papel importante en la industria electr\u00f3nica. Por sus propiedades de conductividad t\u00e9rmica son adecuadas para muchas aplicaciones de disipaci\u00f3n de calor, y la extrusi\u00f3n es uno de los m\u00e9todos m\u00e1s habituales para fabricarlas. Otra aplicaci\u00f3n frecuente son las cajas de conexiones. Las cajas de aluminio extruido son ligeras, no magn\u00e9ticas y no generan chispas. En Gabrian International, ofrecemos servicios de extrusi\u00f3n en plantas con certificaci\u00f3n ISO 9001 en India para ayudarle a reducir costes, mantener la calidad y recibir env\u00edos a tiempo.[\/et_pb_text][\/et_pb_column][\/et_pb_row][et_pb_row custom_padding=&#8221;10px|0px|27px|0px|false|false&#8221; _builder_version=&#8221;3.22.3&#8243;][et_pb_column type=&#8221;1_3&#8243; _builder_version=&#8221;3.19.3&#8243;][et_pb_blurb title=&#8221;Perfiles Est\u00e1ndar o a Medida&#8221; image=&#8221;https:\/\/www.gabrian.com\/wp-content\/uploads\/2019\/03\/aluminum-heatsink-pcb.jpg&#8221; alt=&#8221;Extruded aluminum heatsink on a red printed circuit board&#8221; _builder_version=&#8221;3.21.1&#8243; border_radii_image=&#8221;on|5px|5px|5px|5px&#8221; box_shadow_style_image=&#8221;preset2&#8243; animation=&#8221;off&#8221;]Cunsulte nuestros cat\u00e1logos para la industria electr\u00f3nica y vea si satisfacen sus necesidades. Para fabricantes de equipos originales con necesidades muy concretas, se pueden crear moldes a medida a un precio nominal. Producimos extrusiones de hasta 400 mm de ancho, dependiendo de varios factores.[\/et_pb_blurb][\/et_pb_column][et_pb_column type=&#8221;1_3&#8243; _builder_version=&#8221;3.19.3&#8243;][et_pb_blurb title=&#8221;Gama de Servicios de Manufactura&#8221; image=&#8221;https:\/\/www.gabrian.com\/wp-content\/uploads\/2019\/03\/cnc-machine-extrusion-1.jpg&#8221; alt=&#8221;CNC milling machine with extrusion&#8221; _builder_version=&#8221;3.21.1&#8243; border_radii_image=&#8221;on|5px|5px|5px|5px&#8221; box_shadow_style_image=&#8221;preset2&#8243; animation=&#8221;off&#8221;]Completadas las extrusiones, se puede aplicar un acabado a sus perfiles con servicios como la anodizaci\u00f3n, que mejora la resistencia a la corrosi\u00f3n, el desgaste y la emisividad superficial. Tambi\u00e9n se pueden cortar, estampar, perforar o someterse a torneado CNC para convertir aletas en pines o satisfacer otros objetivos de dise\u00f1o.[\/et_pb_blurb][\/et_pb_column][et_pb_column type=&#8221;1_3&#8243; _builder_version=&#8221;3.19.3&#8243;][et_pb_blurb title=&#8221;Entrega de Env\u00edos a Tiempo&#8221; image=&#8221;https:\/\/www.gabrian.com\/wp-content\/uploads\/2019\/03\/AdobeStock_84805174-preview.jpeg&#8221; _builder_version=&#8221;3.21.1&#8243; border_radii_image=&#8221;on|5px|5px|5px|5px&#8221; box_shadow_style_image=&#8221;preset2&#8243; animation=&#8221;off&#8221;]En el entorno actual de los negocios, no cabe exagerar la importancia de la entrega a tiempo. As\u00ed lo entendemos nosotros, y nos hemos asociado solamente con las fabricantes indios m\u00e1s fiables para atenderle mejor. Recibir\u00e1 sus env\u00edos a tiempo, conformes exactamente a sus especificaciones.[\/et_pb_blurb][\/et_pb_column][\/et_pb_row][et_pb_row _builder_version=&#8221;3.22.3&#8243;][et_pb_column type=&#8221;4_4&#8243; _builder_version=&#8221;3.19.3&#8243;][et_pb_text _builder_version=&#8221;3.21.1&#8243;]<\/p>\n<h2>Consiga los Perfiles que Necesita para su Aplicaci\u00f3n<\/h2>\n<p>En los \u00faltimos a\u00f1os el aluminio ha ganado popularidad en la industria electr\u00f3nica. Ofrece buena resistencia a la corrosi\u00f3n, bajo peso y un aspecto atractivo, entre otros atributos que lo hacen adecuado. Hay muchas aplicaciones extruidas, entre ellas disipadores, cajas de conexiones, luces LED en riel y otras. Nuestra capacidad para crear formas de cat\u00e1logo o a medida nos permite suministrarle los perfiles que su proyecto requiere.[\/et_pb_text][\/et_pb_column][\/et_pb_row][et_pb_row custom_padding=&#8221;0|0px|27px|0px|false|false&#8221; _builder_version=&#8221;3.22.3&#8243;][et_pb_column type=&#8221;1_3&#8243; _builder_version=&#8221;3.19.3&#8243;][et_pb_blurb title=&#8221;Disipadores de Aluminio Extruido&#8221; url=&#8221;https:\/\/www.gabrian.com\/es\/disipadores\/&#8221; image=&#8221;https:\/\/www.gabrian.com\/wp-content\/uploads\/2019\/03\/cpu-heatsink-profile.jpg&#8221; _builder_version=&#8221;3.24.1&#8243; header_font=&#8221;||||||||&#8221; border_radii_image=&#8221;on|5px|5px|5px|5px&#8221; box_shadow_style_image=&#8221;preset2&#8243; text_orientation=&#8221;center&#8221; animation=&#8221;off&#8221; link_option_url=&#8221;https:\/\/www.gabrian.com\/es\/disipadores\/&#8221;][\/et_pb_blurb][\/et_pb_column][et_pb_column type=&#8221;1_3&#8243; _builder_version=&#8221;3.19.3&#8243;][et_pb_blurb title=&#8221;Cajas de Conexiones de Aluminio Extruido&#8221; image=&#8221;https:\/\/www.gabrian.com\/wp-content\/uploads\/2019\/03\/car-amplifier-enclosures.jpg&#8221; alt=&#8221;Car amplifier with wires and enclosures&#8221; _builder_version=&#8221;3.21.1&#8243; border_radii_image=&#8221;on|5px|5px|5px|5px&#8221; box_shadow_style_image=&#8221;preset2&#8243; text_orientation=&#8221;center&#8221; animation=&#8221;off&#8221;][\/et_pb_blurb][\/et_pb_column][et_pb_column type=&#8221;1_3&#8243; _builder_version=&#8221;3.19.3&#8243;][et_pb_blurb title=&#8221;Canales de Aluminio para Luces LED&#8221; image=&#8221;https:\/\/www.gabrian.com\/wp-content\/uploads\/2019\/03\/led-lighting-wall.jpg&#8221; alt=&#8221;LED lighting running along strip light channels&#8221; _builder_version=&#8221;3.21.1&#8243; border_radii_image=&#8221;on|5px|5px|5px|5px&#8221; box_shadow_style_image=&#8221;preset2&#8243; animation=&#8221;off&#8221;][\/et_pb_blurb][\/et_pb_column][\/et_pb_row][et_pb_row _builder_version=&#8221;3.22.3&#8243;][et_pb_column type=&#8221;4_4&#8243; _builder_version=&#8221;3.21.1&#8243;][et_pb_button button_url=&#8221;\/contactenos\/&#8221; button_text=&#8221;Cont\u00e1ctenos Acerca de Su Proyecto&#8221; _builder_version=&#8221;3.21.1&#8243;][\/et_pb_button][\/et_pb_column][\/et_pb_row][et_pb_row custom_padding=&#8221;20px|20px|20px|20px&#8221; custom_margin=&#8221;20px|||&#8221; _builder_version=&#8221;3.22.3&#8243; background_color=&#8221;#f4f4f4&#8243; box_shadow_style=&#8221;preset1&#8243;][et_pb_column type=&#8221;4_4&#8243; _builder_version=&#8221;3.0.47&#8243;][et_pb_text admin_label=&#8221;Text: About Our Factories&#8221; _builder_version=&#8221;3.19.3&#8243;]<\/p>\n<h2>Plantas de extrusi\u00f3n de Primera en India<\/h2>\n<p>\u00bfQuiere reducir sus costes sin merma de la calidad, y sin los dolores de cabeza que produce una comunicaci\u00f3n deficiente? Nuestras plantas asociadas en Bangalore e Hyderabad (India) cuentan con equipo y personal de primera y trabajan con una calidad plenamente contrastada. Nuestro equipo de proyectos dirigido por occidentales est\u00e1 sobre el terreno en Asia para ayudar a asegurar que su proyecto se desarrolla sin contratiempos. Recibir\u00e1 sus perfiles a tiempo y con las especificaciones exactas.[\/et_pb_text][et_pb_gallery gallery_ids=&#8221;11623,11624,11612&#8243; gallery_orderby=&#8221;rand&#8221; posts_number=&#8221;3&#8243; show_title_and_caption=&#8221;off&#8221; admin_label=&#8221;Gallery: Factory Images&#8221; _builder_version=&#8221;3.0.89&#8243; custom_margin=&#8221;||0px|&#8221; custom_padding=&#8221;||0px|&#8221; pagination_font_size_tablet=&#8221;51&#8243; pagination_line_height_tablet=&#8221;2&#8243;][\/et_pb_gallery][\/et_pb_column][\/et_pb_row][et_pb_row custom_padding=&#8221;50px|0px|30px|0px|false|false&#8221; _builder_version=&#8221;3.22.3&#8243;][et_pb_column type=&#8221;4_4&#8243; _builder_version=&#8221;3.19.3&#8243;][et_pb_text _builder_version=&#8221;3.19.3&#8243;]<\/p>\n<h2>Capacidad para Extrusiones a Medida<\/h2>\n<p>En los proyectos electr\u00f3nicos, las opciones generalizadas o v\u00e1lidas para todo no siempre son adecuadas. Nuestras extrusiones a medida y operaciones secundarias le ofrecen la oportunidad de obtener exactamente lo que necesita para su proyecto. Si tiene un dise\u00f1o a medida, podemos ayudarle a reducir costes sin dejar de cumplir con sus especificaciones y sus exigencias de calidad. Nuestras plantas asociadas ofrecen talleres completos de herramientas y matrices, fundiciones propias y servicios de manufactura para ayudarle a lograr los resultados deseados.<\/p>\n<p>[\/et_pb_text][\/et_pb_column][\/et_pb_row][et_pb_row custom_padding=&#8221;0|0px|27px|0px|false|false&#8221; _builder_version=&#8221;3.22.3&#8243;][et_pb_column type=&#8221;1_4&#8243; _builder_version=&#8221;3.19.3&#8243;][et_pb_blurb title=&#8221;Herramientas y Matrices&#8221; image=&#8221;https:\/\/www.gabrian.com\/wp-content\/uploads\/2019\/02\/die-being-machined.jpg&#8221; alt=&#8221;Die Being Machined from H13 Steel&#8221; _builder_version=&#8221;3.20.2&#8243; border_radii_image=&#8221;on|5px|5px|5px|5px&#8221; box_shadow_style_image=&#8221;preset2&#8243; animation=&#8221;off&#8221;]Para los proyectos de extrusi\u00f3n a medida se crean matrices de acero H13. Se pueden extruir perfiles de hasta 400 mm, seg\u00fan la forma, el tama\u00f1o y el dispositivo de carga acoplada. El coste del servicio suele ser de entre 800 y 1600 d\u00f3lares estadounidenses, con tiempos de espera de entre 1 y 2 semanas.[\/et_pb_blurb][\/et_pb_column][et_pb_column type=&#8221;1_4&#8243; _builder_version=&#8221;3.19.3&#8243;][et_pb_blurb title=&#8221;Aleaci\u00f3n y Templado&#8221; image=&#8221;https:\/\/www.gabrian.com\/wp-content\/uploads\/2019\/02\/new-aluminum-billets-320&#215;181.jpg&#8221; alt=&#8221;Newly-Created Aluminum Billets&#8221; _builder_version=&#8221;3.20.2&#8243; border_radii_image=&#8221;on|5px|5px|5px|5px&#8221; box_shadow_style_image=&#8221;preset2&#8243; animation=&#8221;off&#8221;]Seg\u00fan las necesidades de su proyecto, puede escoger una aleaci\u00f3n adecuada por su solidez, resistencia a la corrosi\u00f3n y otras propiedades. Producimos aleaciones de las series 1000, 2000, 3000, 5000, 6000 y 7000 en nuestras propias fundiciones.[\/et_pb_blurb][\/et_pb_column][et_pb_column type=&#8221;1_4&#8243; _builder_version=&#8221;3.19.3&#8243;][et_pb_blurb title=&#8221;Acabado Superficial&#8221; image=&#8221;https:\/\/www.gabrian.com\/wp-content\/uploads\/2019\/02\/profiles-with-varied-finishes.jpg&#8221; alt=&#8221;Profiles with Varied Finishing&#8221; _builder_version=&#8221;3.20.2&#8243; border_radii_image=&#8221;on|5px|5px|5px|5px&#8221; box_shadow_style_image=&#8221;preset2&#8243; animation=&#8221;off&#8221;]El acabado superficial elegido afectar\u00e1 al aspecto y resistencia a la corrosi\u00f3n de sus perfiles. Ofrecemos acabados como la anodizaci\u00f3n, el lacado y la sublimaci\u00f3n para obtener un efecto madera. As\u00ed podr\u00e1 lograr el aspecto que busca.[\/et_pb_blurb][\/et_pb_column][et_pb_column type=&#8221;1_4&#8243; _builder_version=&#8221;3.19.3&#8243;][et_pb_blurb title=&#8221;Servicios de Manufactura&#8221; image=&#8221;https:\/\/www.gabrian.com\/wp-content\/uploads\/2019\/02\/extrusion-undergoing-fabrication.jpg&#8221; alt=&#8221;Extrusion Being Cut&#8221; _builder_version=&#8221;3.20.2&#8243; border_radii_image=&#8221;on|5px|5px|5px|5px&#8221; box_shadow_style_image=&#8221;preset2&#8243; animation=&#8221;off&#8221;]Una vez completadas las extrusiones, se pueden modificar los perfiles con servicios secundarios tales como perforado, corte o estampado. Esto le ahorrar\u00e1 el tiempo y los costes de hacerlo en sus propias instalaciones.[\/et_pb_blurb][\/et_pb_column][\/et_pb_row][et_pb_row _builder_version=&#8221;3.22.3&#8243;][et_pb_column type=&#8221;4_4&#8243; _builder_version=&#8221;3.21.1&#8243;][et_pb_button button_url=&#8221;\/contactenos\/&#8221; button_text=&#8221;Cont\u00e1ctenos Acerca de Su Proyecto&#8221; _builder_version=&#8221;3.21.1&#8243;][\/et_pb_button][\/et_pb_column][\/et_pb_row][\/et_pb_section][et_pb_section fb_built=&#8221;1&#8243; _builder_version=&#8221;3.22.3&#8243; custom_padding=&#8221;20px|0px|54px|0px|false|false&#8221;][et_pb_row custom_padding=&#8221;22px|0px|27px|0px|false|false&#8221; custom_margin=&#8221;-43px||&#8221; _builder_version=&#8221;3.22.3&#8243; background_size=&#8221;initial&#8221; background_position=&#8221;top_left&#8221; background_repeat=&#8221;repeat&#8221;][et_pb_column type=&#8221;4_4&#8243; _builder_version=&#8221;3.0.47&#8243;][et_pb_text _builder_version=&#8221;3.14&#8243; custom_margin=&#8221;30px|||&#8221;]<\/p>\n<h2>Podr\u00edan Interesarle los Siguientes Art\u00edculos<\/h2>\n<p>Publicamos regularmente contenido \u00fatil para los profesionales que buscan obtener los mejores resultados en sus proyectos con extrusiones. He aqu\u00ed algunos posts sobre que podr\u00edan interesarle.[\/et_pb_text][et_pb_blog fullwidth=&#8221;off&#8221; posts_number=&#8221;3&#8243; include_categories=&#8221;47&#8243; show_author=&#8221;off&#8221; show_date=&#8221;off&#8221; show_categories=&#8221;off&#8221; _builder_version=&#8221;3.21.1&#8243; box_shadow_style=&#8221;preset2&#8243; pagination_font_size_tablet=&#8221;51&#8243; pagination_line_height_tablet=&#8221;2&#8243;][\/et_pb_blog][\/et_pb_column][\/et_pb_row][\/et_pb_section]<\/p>\n","protected":false},"excerpt":{"rendered":"<p>Extrusiones de Aluminio de Alta Calidad de Asia: Hechas para la Industria Electr\u00f3nica Las extrusiones de aluminio tienen un papel importante en la industria electr\u00f3nica. Por sus propiedades de conductividad t\u00e9rmica son adecuadas para muchas aplicaciones de disipaci\u00f3n de calor, y la extrusi\u00f3n es uno de los m\u00e9todos m\u00e1s habituales para fabricarlas. Otra aplicaci\u00f3n frecuente [&hellip;]<\/p>\n","protected":false},"author":2,"featured_media":12185,"parent":12289,"menu_order":0,"comment_status":"closed","ping_status":"closed","template":"","meta":{"_et_pb_use_builder":"on","_et_pb_old_content":"","_et_gb_content_width":"","content-type":"","footnotes":""},"ppma_author":[94],"class_list":["post-12759","page","type-page","status-publish","has-post-thumbnail","hentry"],"_links":{"self":[{"href":"https:\/\/www.gabrian.com\/es\/wp-json\/wp\/v2\/pages\/12759","targetHints":{"allow":["GET"]}}],"collection":[{"href":"https:\/\/www.gabrian.com\/es\/wp-json\/wp\/v2\/pages"}],"about":[{"href":"https:\/\/www.gabrian.com\/es\/wp-json\/wp\/v2\/types\/page"}],"author":[{"embeddable":true,"href":"https:\/\/www.gabrian.com\/es\/wp-json\/wp\/v2\/users\/2"}],"replies":[{"embeddable":true,"href":"https:\/\/www.gabrian.com\/es\/wp-json\/wp\/v2\/comments?post=12759"}],"version-history":[{"count":2,"href":"https:\/\/www.gabrian.com\/es\/wp-json\/wp\/v2\/pages\/12759\/revisions"}],"predecessor-version":[{"id":12761,"href":"https:\/\/www.gabrian.com\/es\/wp-json\/wp\/v2\/pages\/12759\/revisions\/12761"}],"up":[{"embeddable":true,"href":"https:\/\/www.gabrian.com\/es\/wp-json\/wp\/v2\/pages\/12289"}],"wp:featuredmedia":[{"embeddable":true,"href":"https:\/\/www.gabrian.com\/es\/wp-json\/wp\/v2\/media\/12185"}],"wp:attachment":[{"href":"https:\/\/www.gabrian.com\/es\/wp-json\/wp\/v2\/media?parent=12759"}],"wp:term":[{"taxonomy":"author","embeddable":true,"href":"https:\/\/www.gabrian.com\/es\/wp-json\/wp\/v2\/ppma_author?post=12759"}],"curies":[{"name":"wp","href":"https:\/\/api.w.org\/{rel}","templated":true}]}}