{"id":12800,"date":"2019-07-26T10:56:01","date_gmt":"2019-07-26T05:56:01","guid":{"rendered":"https:\/\/www.gabrian.com\/pcbs-prototipo\/"},"modified":"2019-07-26T10:56:02","modified_gmt":"2019-07-26T05:56:02","slug":"pcbs-prototipo","status":"publish","type":"page","link":"https:\/\/www.gabrian.com\/es\/pcbs-prototipo\/","title":{"rendered":"PCBs Prototipo"},"content":{"rendered":"<p>[et_pb_section fullwidth=&#8221;on&#8221; specialty=&#8221;off&#8221; background_image=&#8221;http:\/\/www.gabrian.com\/wp-content\/uploads\/2015\/08\/header_banner_design.jpg&#8221; transparent_background=&#8221;off&#8221; background_color=&#8221;#ffffff&#8221; allow_player_pause=&#8221;off&#8221; inner_shadow=&#8221;off&#8221; parallax=&#8221;off&#8221; parallax_method=&#8221;off&#8221;][et_pb_fullwidth_header admin_label=&#8221;Fullwidth Header&#8221; title=&#8221;PCBs Prototipo&#8221; background_layout=&#8221;light&#8221; text_orientation=&#8221;left&#8221; \/][\/et_pb_section][et_pb_section fullwidth=&#8221;off&#8221; specialty=&#8221;on&#8221;][et_pb_column type=&#8221;1_4&#8243;][et_pb_sidebar admin_label=&#8221;Sidebar&#8221; orientation=&#8221;left&#8221; area=&#8221;et_pb_widget_area_4&#8243; background_layout=&#8221;light&#8221; \/][\/et_pb_column][et_pb_column type=&#8221;3_4&#8243; specialty_columns=&#8221;3&#8243;][et_pb_row_inner][et_pb_column_inner type=&#8221;4_4&#8243;][et_pb_text admin_label=&#8221;Text&#8221; background_layout=&#8221;light&#8221; text_orientation=&#8221;left&#8221;]<\/p>\n<h1 style=\"text-align: justify;\">Prototipos de Circuitos Impresos<\/h1>\n<p style=\"text-align: justify;\">\u00bfEst\u00e1 preparando un ciclo de producci\u00f3n de PCB? En tal caso, empiece antes con unos pocos prototipos. Una cantidad peque\u00f1a de prototipos de circuitos impresos le permitir\u00e1 poner a prueba su dise\u00f1o, rendimiento y capacidades antes de la producci\u00f3n final, lo cual puede acabar ahorrando mucho tiempo y dinero a su empresa a la larga. Cuando tanto depende del resultado de tales pruebas, es importante disponer de los mejores prototipos de PCB disponibles. Por suerte, nuestro socio para PCB, Vastbright Technology, ofrece solo los mejores.<\/p>\n<p style=\"text-align: justify;\">Vastbright Technology satisfar\u00e1 su pedido de una cantidad peque\u00f1a de prototipos de PCB empleando el mismo equipo, materiales y procesos.<\/p>\n<p style=\"text-align: justify;\">Nuestros presupuestos r\u00e1pidos online y manufactura de PCB de vuelta r\u00e1pida le ayudar\u00e1n a pasar lo antes posible de la fase de prototipos a la producci\u00f3n plena. Con solo enviarnos la informaci\u00f3n b\u00e1sica, nos pondremos pronto en contacto con ud. para concretar los rasgos espec\u00edficos del dise\u00f1o de su prototipo de PCB.<\/p>\n<p style=\"text-align: justify;\">Llevamos m\u00e1s de 15 a\u00f1os suministrando prototipos r\u00e1pidos a nuestros clientes. Ll\u00e1menos al (852)2797-0355 o rellene con sus datos nuestro presupuesto seguro para PCB para hacernos llegar las especificaciones de sus circuitos. Revisamos todos los archivos Gerber para ofrecerle un presupuesto preciso, a la primera. Estamos orgullosos de la calidad de nuestro trabajo y servicio al cliente.<\/p>\n<p>[\/et_pb_text][\/et_pb_column_inner][\/et_pb_row_inner][\/et_pb_column][\/et_pb_section]<\/p>\n","protected":false},"excerpt":{"rendered":"<p>Prototipos de Circuitos Impresos \u00bfEst\u00e1 preparando un ciclo de producci\u00f3n de PCB? En tal caso, empiece antes con unos pocos prototipos. Una cantidad peque\u00f1a de prototipos de circuitos impresos le permitir\u00e1 poner a prueba su dise\u00f1o, rendimiento y capacidades antes de la producci\u00f3n final, lo cual puede acabar ahorrando mucho tiempo y dinero a su [&hellip;]<\/p>\n","protected":false},"author":2,"featured_media":0,"parent":0,"menu_order":0,"comment_status":"open","ping_status":"open","template":"","meta":{"_et_pb_use_builder":"on","_et_pb_old_content":"","_et_gb_content_width":"","content-type":"","footnotes":""},"ppma_author":[94],"class_list":["post-12800","page","type-page","status-publish","hentry"],"_links":{"self":[{"href":"https:\/\/www.gabrian.com\/es\/wp-json\/wp\/v2\/pages\/12800","targetHints":{"allow":["GET"]}}],"collection":[{"href":"https:\/\/www.gabrian.com\/es\/wp-json\/wp\/v2\/pages"}],"about":[{"href":"https:\/\/www.gabrian.com\/es\/wp-json\/wp\/v2\/types\/page"}],"author":[{"embeddable":true,"href":"https:\/\/www.gabrian.com\/es\/wp-json\/wp\/v2\/users\/2"}],"replies":[{"embeddable":true,"href":"https:\/\/www.gabrian.com\/es\/wp-json\/wp\/v2\/comments?post=12800"}],"version-history":[{"count":1,"href":"https:\/\/www.gabrian.com\/es\/wp-json\/wp\/v2\/pages\/12800\/revisions"}],"predecessor-version":[{"id":12801,"href":"https:\/\/www.gabrian.com\/es\/wp-json\/wp\/v2\/pages\/12800\/revisions\/12801"}],"wp:attachment":[{"href":"https:\/\/www.gabrian.com\/es\/wp-json\/wp\/v2\/media?parent=12800"}],"wp:term":[{"taxonomy":"author","embeddable":true,"href":"https:\/\/www.gabrian.com\/es\/wp-json\/wp\/v2\/ppma_author?post=12800"}],"curies":[{"name":"wp","href":"https:\/\/api.w.org\/{rel}","templated":true}]}}