{"id":12802,"date":"2019-07-26T11:03:15","date_gmt":"2019-07-26T06:03:15","guid":{"rendered":"https:\/\/www.gabrian.com\/montaje-de-pcbs\/"},"modified":"2019-07-26T11:03:21","modified_gmt":"2019-07-26T06:03:21","slug":"montaje-de-pcbs","status":"publish","type":"page","link":"https:\/\/www.gabrian.com\/es\/montaje-de-pcbs\/","title":{"rendered":"Montaje de PCBs"},"content":{"rendered":"<p>[et_pb_section fullwidth=&#8221;on&#8221; specialty=&#8221;off&#8221; background_image=&#8221;http:\/\/www.gabrian.com\/wp-content\/uploads\/2015\/08\/header_banner_design.jpg&#8221; transparent_background=&#8221;off&#8221; background_color=&#8221;#ffffff&#8221; allow_player_pause=&#8221;off&#8221; inner_shadow=&#8221;off&#8221; parallax=&#8221;off&#8221; parallax_method=&#8221;off&#8221;][et_pb_fullwidth_header admin_label=&#8221;Fullwidth Header&#8221; title=&#8221;Montaje de PCBs&#8221; background_layout=&#8221;light&#8221; text_orientation=&#8221;left&#8221; \/][\/et_pb_section][et_pb_section fullwidth=&#8221;off&#8221; specialty=&#8221;on&#8221;][et_pb_column type=&#8221;1_4&#8243;][et_pb_sidebar admin_label=&#8221;Sidebar&#8221; orientation=&#8221;left&#8221; area=&#8221;et_pb_widget_area_4&#8243; background_layout=&#8221;light&#8221; \/][\/et_pb_column][et_pb_column type=&#8221;3_4&#8243; specialty_columns=&#8221;3&#8243;][et_pb_row_inner][et_pb_column_inner type=&#8221;4_4&#8243;][et_pb_text admin_label=&#8221;Text&#8221; background_layout=&#8221;light&#8221; text_orientation=&#8221;left&#8221;]<\/p>\n<h1 style=\"text-align: justify;\">Montaje de Circuitos Impresos<\/h1>\n<p style=\"text-align: justify;\"><strong>Nuestra capacidad de montaje de circuitos impresos ofrece a nuestros clientes la ventaja de una soluci\u00f3n integral a sus necesidades de manufactura y montaje. Nuestras capacidades avanzadas incluyen tecnolog\u00eda de montaje superficial, de agujeros pasantes, mixta (montaje superficial y agujeros pasantes), montaje de componentes en \u00fanica o doble faz, componentes fine pitch, y mucho m\u00e1s.<\/strong><\/p>\n<p style=\"text-align: justify;\">El montaje de circuitos impresos es un proceso que depende del conocimiento, no solo de los propios componentes y montaje, sino tambi\u00e9n del dise\u00f1o, manufactura y de una buena comprensi\u00f3n del producto final. El montaje de circuitos es solo una pieza del puzzle para entregar el producto perfecto a la primera.<\/p>\n<p style=\"text-align: justify;\">Gabrian International ofrece una soluci\u00f3n integral para todos los servicios relacionados con PCBs, y por ello nos implicamos en el proceso de producci\u00f3n desde el dise\u00f1o hasta el montaje. Gracias a nuestra potente red de socios contrastados en el montaje y manufactura de circuitos, ofrecemos las capacidades m\u00e1s avanzadas y casi ilimitadas para sus prototipos y producci\u00f3n plena. Ah\u00f3rrese los problemas derivados del proceso de adquisici\u00f3n al tratar con m\u00faltiples proveedores. Nuestros expertos encontrar\u00e1n para ud. Las mejores partes para su producto final.<\/p>\n<p style=\"text-align: justify;\">Ofrecemos los siguientes servicios de montaje de PCB:<\/p>\n<ul>\n<li style=\"text-align: justify;\">Montaje de prototipos de vuelta r\u00e1pida<\/li>\n<li style=\"text-align: justify;\">Montaje llave en mano<\/li>\n<li style=\"text-align: justify;\">Montaje parcial llave en mano<\/li>\n<li style=\"text-align: justify;\">Subcontrataci\u00f3n parcial<\/li>\n<li style=\"text-align: justify;\">Montaje sin plomo en conformidad con RoHS<\/li>\n<li style=\"text-align: justify;\">Montaje no RoHS<\/li>\n<li style=\"text-align: justify;\">Conformal coating<\/li>\n<li style=\"text-align: justify;\">Empaquetado final<\/li>\n<\/ul>\n<h2 style=\"text-align: justify;\">Montaje de Vuelta R\u00e1pida<\/h2>\n<p style=\"text-align: justify;\">Ofrecemos montaje tanto llave en mano como llave en mano parcial. Para servicios llave en mano plenos, gestionamos y producimos todo, desde la manufactura de los circuitos hasta localizar y encargar los componentes, el control de calidad, las pruebas y el montaje final. Contamos incluso con una red de dise\u00f1adores de PCB que contribuyen a la disposici\u00f3n de los circuitos. Nuestros expertos t\u00e9cnicos aportan sus conocimientos a cada pedido, ya se trate de un proyecto peque\u00f1o de prototipos o de producci\u00f3n a gran escala de PCB HDI.<\/p>\n<h2 style=\"text-align: justify;\">Prototype PCB Assembly<\/h2>\n<p style=\"text-align: justify;\">El prototipado de PCB ha sido siempre uno de nuestros servicios m\u00e1s solicitados, sea para manufactura o montaje. Nuestros ingenieros pondr\u00e1n a prueba su dise\u00f1o para garantizar que se fabrica y monta el prototipo correcto en la primera serie de montaje. Con nuestra red de proveedores de componentes de PCB e ingenieros de montaje superficial, podemos garantizar una vuelta r\u00e1pida y circuitos de la m\u00e1xima calidad. Ofrecemos montaje de pedidos peque\u00f1os de prototipos con DFM y DFT para eliminar posibles problemas en su producto.<\/p>\n<p style=\"text-align: justify;\">Llame a nuestros expertos en montaje de circuitos o p\u00f3ngase en contacto con nosotros para que su concepto se haga realidad.<\/p>\n<p>[\/et_pb_text][\/et_pb_column_inner][\/et_pb_row_inner][\/et_pb_column][\/et_pb_section]<\/p>\n","protected":false},"excerpt":{"rendered":"<p>Montaje de Circuitos Impresos Nuestra capacidad de montaje de circuitos impresos ofrece a nuestros clientes la ventaja de una soluci\u00f3n integral a sus necesidades de manufactura y montaje. Nuestras capacidades avanzadas incluyen tecnolog\u00eda de montaje superficial, de agujeros pasantes, mixta (montaje superficial y agujeros pasantes), montaje de componentes en \u00fanica o doble faz, componentes fine [&hellip;]<\/p>\n","protected":false},"author":2,"featured_media":0,"parent":0,"menu_order":0,"comment_status":"open","ping_status":"open","template":"","meta":{"_et_pb_use_builder":"on","_et_pb_old_content":"","_et_gb_content_width":"","content-type":"","footnotes":""},"ppma_author":[94],"class_list":["post-12802","page","type-page","status-publish","hentry"],"_links":{"self":[{"href":"https:\/\/www.gabrian.com\/es\/wp-json\/wp\/v2\/pages\/12802","targetHints":{"allow":["GET"]}}],"collection":[{"href":"https:\/\/www.gabrian.com\/es\/wp-json\/wp\/v2\/pages"}],"about":[{"href":"https:\/\/www.gabrian.com\/es\/wp-json\/wp\/v2\/types\/page"}],"author":[{"embeddable":true,"href":"https:\/\/www.gabrian.com\/es\/wp-json\/wp\/v2\/users\/2"}],"replies":[{"embeddable":true,"href":"https:\/\/www.gabrian.com\/es\/wp-json\/wp\/v2\/comments?post=12802"}],"version-history":[{"count":1,"href":"https:\/\/www.gabrian.com\/es\/wp-json\/wp\/v2\/pages\/12802\/revisions"}],"predecessor-version":[{"id":12803,"href":"https:\/\/www.gabrian.com\/es\/wp-json\/wp\/v2\/pages\/12802\/revisions\/12803"}],"wp:attachment":[{"href":"https:\/\/www.gabrian.com\/es\/wp-json\/wp\/v2\/media?parent=12802"}],"wp:term":[{"taxonomy":"author","embeddable":true,"href":"https:\/\/www.gabrian.com\/es\/wp-json\/wp\/v2\/ppma_author?post=12802"}],"curies":[{"name":"wp","href":"https:\/\/api.w.org\/{rel}","templated":true}]}}