{"id":28119,"date":"2023-07-06T10:58:01","date_gmt":"2023-07-06T05:58:01","guid":{"rendered":"https:\/\/www.gabrian.com\/blog\/"},"modified":"2023-07-06T10:58:12","modified_gmt":"2023-07-06T05:58:12","slug":"blog","status":"publish","type":"page","link":"https:\/\/www.gabrian.com\/es\/blog\/","title":{"rendered":"Blog"},"content":{"rendered":"<p>[et_pb_section fb_built=&#8221;1&#8243; fullwidth=&#8221;on&#8221; _builder_version=&#8221;3.25.3&#8243; global_module=&#8221;21492&#8243; saved_tabs=&#8221;all&#8221; global_colors_info=&#8221;{}&#8221;][et_pb_fullwidth_header title=&#8221;Blog&#8221; _builder_version=&#8221;4.16&#8243; title_font=&#8221;|800|||||||&#8221; title_font_size=&#8221;35px&#8221; subhead_font=&#8221;|700|||||||&#8221; background_color=&#8221;#666666&#8243; background_image=&#8221;https:\/\/www.gabrian.com\/wp-content\/uploads\/2018\/10\/round-aluminum-tubes-facing-left.jpg&#8221; background_position=&#8221;center_right&#8221; background_blend=&#8221;multiply&#8221; global_colors_info=&#8221;{}&#8221;][\/et_pb_fullwidth_header][\/et_pb_section][et_pb_section fb_built=&#8221;1&#8243; _builder_version=&#8221;4.16&#8243; _module_preset=&#8221;default&#8221; custom_padding=&#8221;||0px|||&#8221; global_colors_info=&#8221;{}&#8221;][et_pb_row column_structure=&#8221;3_4,1_4&#8243; _builder_version=&#8221;4.16&#8243; _module_preset=&#8221;default&#8221; custom_padding=&#8221;||14px|||&#8221; global_colors_info=&#8221;{}&#8221;][et_pb_column type=&#8221;3_4&#8243; _builder_version=&#8221;4.16&#8243; _module_preset=&#8221;default&#8221; global_colors_info=&#8221;{}&#8221;][et_pb_text _builder_version=&#8221;4.16&#8243; _module_preset=&#8221;default&#8221; header_2_font_size=&#8221;22px&#8221; hover_enabled=&#8221;0&#8243; global_colors_info=&#8221;{}&#8221; sticky_enabled=&#8221;0&#8243;]<\/p>\n<h2><strong>Todos los Art\u00edculos<\/strong><\/h2>\n<p>[\/et_pb_text][\/et_pb_column][et_pb_column type=&#8221;1_4&#8243; _builder_version=&#8221;4.16&#8243; _module_preset=&#8221;default&#8221; global_colors_info=&#8221;{}&#8221;][et_pb_search _builder_version=&#8221;4.16&#8243; _module_preset=&#8221;default&#8221; global_colors_info=&#8221;{}&#8221;][\/et_pb_search][\/et_pb_column][\/et_pb_row][\/et_pb_section][et_pb_section fb_built=&#8221;1&#8243; _builder_version=&#8221;3.25.3&#8243; custom_padding=&#8221;3px|||||&#8221; global_module=&#8221;21494&#8243; saved_tabs=&#8221;all&#8221; global_colors_info=&#8221;{}&#8221;][et_pb_row column_structure=&#8221;3_4,1_4&#8243; _builder_version=&#8221;4.16&#8243; global_colors_info=&#8221;{}&#8221;][et_pb_column type=&#8221;3_4&#8243; _builder_version=&#8221;4.16&#8243; global_colors_info=&#8221;{}&#8221;]<\/p>\n<p>[et_pb_blog fullwidth=&#8221;off&#8221; posts_number=&#8221;8&#8243; include_categories=&#8221;1&#8243; use_manual_excerpt=&#8221;off&#8221; excerpt_length=&#8221;60&#8243; show_more=&#8221;on&#8221; show_author=&#8221;off&#8221; show_date=&#8221;off&#8221; show_categories=&#8221;off&#8221; _builder_version=&#8221;4.17.4&#8243; header_font=&#8221;|600|||||||&#8221; header_text_color=&#8221;#000000&#8243; header_font_size=&#8221;20px&#8221; read_more_font=&#8221;||||on|on|||&#8221; hover_enabled=&#8221;0&#8243; box_shadow_style=&#8221;preset2&#8243; global_colors_info=&#8221;{}&#8221; sticky_enabled=&#8221;0&#8243;][\/et_pb_blog]<\/p>\n<p>[\/et_pb_column][et_pb_column type=&#8221;1_4&#8243; _builder_version=&#8221;4.16&#8243; global_colors_info=&#8221;{}&#8221;][et_pb_text _builder_version=&#8221;4.16&#8243; _module_preset=&#8221;default&#8221; global_colors_info=&#8221;{}&#8221;]<\/p>\n<h3>Categor\u00edas<\/h3>\n<p>[\/et_pb_text][et_pb_sidebar orientation=&#8221;right&#8221; area=&#8221;et_pb_widget_area_8&#8243; show_border=&#8221;off&#8221; _builder_version=&#8221;4.16&#8243; _module_preset=&#8221;default&#8221; global_colors_info=&#8221;{}&#8221;][\/et_pb_sidebar][et_pb_text _builder_version=&#8221;4.16&#8243; _module_preset=&#8221;default&#8221; global_colors_info=&#8221;{}&#8221;]<\/p>\n<h3>Art\u00edculos m\u00e1s vistos<\/h3>\n<p>[\/et_pb_text][et_pb_sidebar orientation=&#8221;right&#8221; area=&#8221;et_pb_widget_area_9&#8243; show_border=&#8221;off&#8221; _builder_version=&#8221;4.16&#8243; _module_preset=&#8221;default&#8221; global_colors_info=&#8221;{}&#8221;][\/et_pb_sidebar][\/et_pb_column][\/et_pb_row][\/et_pb_section]<\/p>\n","protected":false},"excerpt":{"rendered":"<p>Todos los Art\u00edculosCategor\u00edasArt\u00edculos m\u00e1s vistos<\/p>\n","protected":false},"author":2,"featured_media":0,"parent":0,"menu_order":0,"comment_status":"closed","ping_status":"closed","template":"","meta":{"_et_pb_use_builder":"on","_et_pb_old_content":"","_et_gb_content_width":"","content-type":"","footnotes":""},"ppma_author":[94],"class_list":["post-28119","page","type-page","status-publish","hentry"],"_links":{"self":[{"href":"https:\/\/www.gabrian.com\/es\/wp-json\/wp\/v2\/pages\/28119","targetHints":{"allow":["GET"]}}],"collection":[{"href":"https:\/\/www.gabrian.com\/es\/wp-json\/wp\/v2\/pages"}],"about":[{"href":"https:\/\/www.gabrian.com\/es\/wp-json\/wp\/v2\/types\/page"}],"author":[{"embeddable":true,"href":"https:\/\/www.gabrian.com\/es\/wp-json\/wp\/v2\/users\/2"}],"replies":[{"embeddable":true,"href":"https:\/\/www.gabrian.com\/es\/wp-json\/wp\/v2\/comments?post=28119"}],"version-history":[{"count":5,"href":"https:\/\/www.gabrian.com\/es\/wp-json\/wp\/v2\/pages\/28119\/revisions"}],"predecessor-version":[{"id":28124,"href":"https:\/\/www.gabrian.com\/es\/wp-json\/wp\/v2\/pages\/28119\/revisions\/28124"}],"wp:attachment":[{"href":"https:\/\/www.gabrian.com\/es\/wp-json\/wp\/v2\/media?parent=28119"}],"wp:term":[{"taxonomy":"author","embeddable":true,"href":"https:\/\/www.gabrian.com\/es\/wp-json\/wp\/v2\/ppma_author?post=28119"}],"curies":[{"name":"wp","href":"https:\/\/api.w.org\/{rel}","templated":true}]}}